{"id":10529,"date":"2023-08-17T20:37:54","date_gmt":"2023-08-17T18:37:54","guid":{"rendered":"https:\/\/passhlondyn.eu\/?page_id=10529"},"modified":"2023-12-09T14:11:30","modified_gmt":"2023-12-09T13:11:30","slug":"cztery-pory-roku-inspirujace-lekcje-ii-edycja","status":"publish","type":"page","link":"https:\/\/passhlondyn.eu\/?page_id=10529","title":{"rendered":"Cztery pory roku \u2013 inspiruj\u0105ce lekcje II edycja"},"content":{"rendered":"\t\t<div data-elementor-type=\"wp-page\" data-elementor-id=\"10529\" class=\"elementor elementor-10529\" data-elementor-post-type=\"page\">\n\t\t\t\t\t\t<section class=\"elementor-section elementor-top-section elementor-element elementor-element-2689a76 elementor-section-boxed elementor-section-height-default elementor-section-height-default\" data-id=\"2689a76\" data-element_type=\"section\" data-e-type=\"section\">\n\t\t\t\t\t\t<div class=\"elementor-container elementor-column-gap-default\">\n\t\t\t\t\t<div class=\"elementor-column elementor-col-100 elementor-top-column elementor-element elementor-element-62cc1c9\" data-id=\"62cc1c9\" data-element_type=\"column\" data-e-type=\"column\">\n\t\t\t<div class=\"elementor-widget-wrap elementor-element-populated\">\n\t\t\t\t\t\t<section class=\"elementor-section elementor-inner-section elementor-element elementor-element-1ed0bbf elementor-section-boxed elementor-section-height-default elementor-section-height-default\" data-id=\"1ed0bbf\" data-element_type=\"section\" data-e-type=\"section\">\n\t\t\t\t\t\t<div class=\"elementor-container elementor-column-gap-default\">\n\t\t\t\t\t<div class=\"elementor-column elementor-col-50 elementor-inner-column elementor-element elementor-element-4bfd1d0\" data-id=\"4bfd1d0\" data-element_type=\"column\" data-e-type=\"column\">\n\t\t\t<div class=\"elementor-widget-wrap elementor-element-populated\">\n\t\t\t\t\t\t<div class=\"elementor-element elementor-element-8657e32 elementor-widget elementor-widget-image\" data-id=\"8657e32\" data-element_type=\"widget\" data-e-type=\"widget\" data-widget_type=\"image.default\">\n\t\t\t\t<div class=\"elementor-widget-container\">\n\t\t\t\t\t\t\t\t\t\t\t\t\t\t\t<img fetchpriority=\"high\" decoding=\"async\" width=\"724\" height=\"1024\" src=\"https:\/\/passhlondyn.eu\/wp-content\/uploads\/2023\/08\/Kopia-MIEDZYNARODOWY-KONKURS-NA-POLONIJNEGO-ARTYSTE-ROKU-KREATORZY-UCZUC-I-WYOBRAZNI-7-724x1024.png\" class=\"attachment-large size-large wp-image-10530\" alt=\"\" srcset=\"https:\/\/passhlondyn.eu\/wp-content\/uploads\/2023\/08\/Kopia-MIEDZYNARODOWY-KONKURS-NA-POLONIJNEGO-ARTYSTE-ROKU-KREATORZY-UCZUC-I-WYOBRAZNI-7-724x1024.png 724w, https:\/\/passhlondyn.eu\/wp-content\/uploads\/2023\/08\/Kopia-MIEDZYNARODOWY-KONKURS-NA-POLONIJNEGO-ARTYSTE-ROKU-KREATORZY-UCZUC-I-WYOBRAZNI-7-212x300.png 212w, https:\/\/passhlondyn.eu\/wp-content\/uploads\/2023\/08\/Kopia-MIEDZYNARODOWY-KONKURS-NA-POLONIJNEGO-ARTYSTE-ROKU-KREATORZY-UCZUC-I-WYOBRAZNI-7-768x1086.png 768w, https:\/\/passhlondyn.eu\/wp-content\/uploads\/2023\/08\/Kopia-MIEDZYNARODOWY-KONKURS-NA-POLONIJNEGO-ARTYSTE-ROKU-KREATORZY-UCZUC-I-WYOBRAZNI-7-1086x1536.png 1086w, https:\/\/passhlondyn.eu\/wp-content\/uploads\/2023\/08\/Kopia-MIEDZYNARODOWY-KONKURS-NA-POLONIJNEGO-ARTYSTE-ROKU-KREATORZY-UCZUC-I-WYOBRAZNI-7-1448x2048.png 1448w, https:\/\/passhlondyn.eu\/wp-content\/uploads\/2023\/08\/Kopia-MIEDZYNARODOWY-KONKURS-NA-POLONIJNEGO-ARTYSTE-ROKU-KREATORZY-UCZUC-I-WYOBRAZNI-7.png 1587w\" sizes=\"(max-width: 724px) 100vw, 724px\" \/>\t\t\t\t\t\t\t\t\t\t\t\t\t\t\t<\/div>\n\t\t\t\t<\/div>\n\t\t\t\t\t<\/div>\n\t\t<\/div>\n\t\t\t\t<div class=\"elementor-column elementor-col-50 elementor-inner-column elementor-element elementor-element-e94bac2\" data-id=\"e94bac2\" data-element_type=\"column\" data-e-type=\"column\">\n\t\t\t<div class=\"elementor-widget-wrap elementor-element-populated\">\n\t\t\t\t\t\t<div class=\"elementor-element elementor-element-bcc6637 elementor-widget elementor-widget-text-editor\" data-id=\"bcc6637\" data-element_type=\"widget\" data-e-type=\"widget\" data-widget_type=\"text-editor.default\">\n\t\t\t\t<div class=\"elementor-widget-container\">\n\t\t\t\t\t\t\t\t\t<p style=\"text-align: center;\"><strong>\u201eCztery pory roku w polskiej szkole \u2013 inspiruj\u0105ce lekcje. II edycja\u201d<\/strong><\/p><p>Nasza inicjatywa ma na celu umo\u017cliwienie podzielenia si\u0119 inspiruj\u0105cymi rozwi\u0105zaniami metodycznymi i dydaktycznymi. Pragniemy stworzy\u0107 przestrze\u0144,\u00a0 w kt\u00f3rej b\u0119d\u0119 mogli Pa\u0144stwo zaprezentowa\u0107 swoje pomys\u0142y, zar\u00f3wno w formie prezentacji (prelekcji), jak i publikacji. Tegoroczny konkurs, podobnie jak w roku ubieg\u0142ym, nosi tytu\u0142: \u201eCztery pory roku w polskiej szkole\u201d. Jeste\u015bmy otwarci na r\u00f3\u017cne propozycje, zar\u00f3wno te zwi\u0105zane z kszta\u0142cenie literackim i j\u0119zykowym, jak i kulturowym, czy te\u017c historycznym. Pa\u0144stwa prace mog\u0105 by\u0107 tak\u017ce interdyscyplinarne, czyli \u0142\u0105czy\u0107 w sobie r\u00f3\u017cne dziedziny nauki.<\/p><p>Zwyci\u0119zcy i wyr\u00f3\u017cnieni w konkursie b\u0119d\u0105 mie\u0107 mo\u017cliwo\u015b\u0107 prezentacji pomys\u0142\u00f3w podczas V Mi\u0119dzynarodowego Dnia Edukacji Polonijnej, kt\u00f3ry odb\u0119dzie si\u0119 26 listopada 2023 roku oraz opublikowania dydaktycznych rozwi\u0105za\u0144 w formie publikacji: \u201eCztery pory roku w polskiej szkole. Pomys\u0142y i inspiracje edukacyjne. Tom II\u201d. Szczeg\u00f3\u0142y dotycz\u0105ce formy przygotowania scenariuszy znajduj\u0105 si\u0119 poni\u017cej.<\/p><p>Wymogi redakcyjne:<\/p><p>pomys\u0142y powinny zosta\u0107 uj\u0119te w formie prostego scenariusza, ze szczeg\u00f3lnym uwzgl\u0119dnieniem zada\u0144, kt\u00f3re Pa\u0144stwo proponuj\u0105 \u2013 mog\u0105 one zosta\u0107 opatrzone autorskim komentarzami\/wskaz\u00f3wkami dla odbiorc\u00f3w \u00a0\u2013 potencjalnych prowadz\u0105cych zaj\u0119cia wed\u0142ug proponowanego scenariusza. Je\u015bli temat odnosi si\u0119 do fragment\u00f3w lektury lub innego tekstu kultury, prosimy o do\u0142\u0105czenie ich w formie za\u0142\u0105cznika, natomiast je\u015bli korzystaj\u0105 Pa\u0144stwo z fragment\u00f3w (lub ca\u0142o\u015bci) filmu prosimy o dok\u0142adny opis \u2013 tytu\u0142, re\u017cyser, czas. Do koncepcji mo\u017cna do\u0142\u0105czy\u0107 tak\u017ce karty pracy. Prosimy o przes\u0142anie pliku w formacie doc (Word).<\/p><p>Zg\u0142oszenia prosimy wysy\u0142a\u0107 do 30.10.2023 r.<\/p><p>kontakt: <span style=\"color: #000000;\"><a style=\"color: #000000;\" href=\"mailto:nauczyciele@passhlondyn.eu\">nauczyciele@passhlondyn.eu<\/a><\/span><\/p>\t\t\t\t\t\t\t\t<\/div>\n\t\t\t\t<\/div>\n\t\t\t\t\t<\/div>\n\t\t<\/div>\n\t\t\t\t\t<\/div>\n\t\t<\/section>\n\t\t\t\t\t<\/div>\n\t\t<\/div>\n\t\t\t\t\t<\/div>\n\t\t<\/section>\n\t\t\t\t<section class=\"elementor-section elementor-top-section elementor-element elementor-element-1a4c12e elementor-section-boxed elementor-section-height-default elementor-section-height-default\" data-id=\"1a4c12e\" data-element_type=\"section\" data-e-type=\"section\">\n\t\t\t\t\t\t<div class=\"elementor-container elementor-column-gap-default\">\n\t\t\t\t\t<div class=\"elementor-column elementor-col-100 elementor-top-column elementor-element elementor-element-d45b323\" data-id=\"d45b323\" data-element_type=\"column\" data-e-type=\"column\">\n\t\t\t<div class=\"elementor-widget-wrap elementor-element-populated\">\n\t\t\t\t\t\t<div class=\"elementor-element elementor-element-03452e7 elementor-widget elementor-widget-heading\" data-id=\"03452e7\" data-element_type=\"widget\" data-e-type=\"widget\" data-widget_type=\"heading.default\">\n\t\t\t\t<div class=\"elementor-widget-container\">\n\t\t\t\t\t<h3 class=\"elementor-heading-title elementor-size-default\">LAUREACI KONKURSU<\/h3>\t\t\t\t<\/div>\n\t\t\t\t<\/div>\n\t\t\t\t<div class=\"elementor-element elementor-element-4644840 elementor-widget elementor-widget-text-editor\" data-id=\"4644840\" data-element_type=\"widget\" data-e-type=\"widget\" data-widget_type=\"text-editor.default\">\n\t\t\t\t<div class=\"elementor-widget-container\">\n\t\t\t\t\t\t\t\t\t<p style=\"font-weight: 400; text-align: center;\">Pani Marta Wi\u015bniewska Roso\u0142ek<\/p><p style=\"font-weight: 400; text-align: center;\">Pani Aldona Rumi\u0144ska-Szalska<\/p><p style=\"font-weight: 400; text-align: center;\">Pani Karina Godlewska-Sob\u00f3tka<\/p>\t\t\t\t\t\t\t\t<\/div>\n\t\t\t\t<\/div>\n\t\t\t\t\t<\/div>\n\t\t<\/div>\n\t\t\t\t\t<\/div>\n\t\t<\/section>\n\t\t\t\t<section class=\"elementor-section elementor-top-section elementor-element elementor-element-f01d587 elementor-section-boxed elementor-section-height-default elementor-section-height-default\" data-id=\"f01d587\" data-element_type=\"section\" data-e-type=\"section\">\n\t\t\t\t\t\t<div class=\"elementor-container elementor-column-gap-default\">\n\t\t\t\t\t<div class=\"elementor-column elementor-col-100 elementor-top-column elementor-element elementor-element-422ebdb\" data-id=\"422ebdb\" data-element_type=\"column\" data-e-type=\"column\">\n\t\t\t<div class=\"elementor-widget-wrap elementor-element-populated\">\n\t\t\t\t\t\t<div class=\"elementor-element elementor-element-60aefd9 elementor-widget elementor-widget-image\" data-id=\"60aefd9\" data-element_type=\"widget\" data-e-type=\"widget\" data-widget_type=\"image.default\">\n\t\t\t\t<div class=\"elementor-widget-container\">\n\t\t\t\t\t\t\t\t\t\t\t\t\t\t\t<img decoding=\"async\" width=\"768\" height=\"512\" src=\"https:\/\/passhlondyn.eu\/wp-content\/uploads\/2023\/12\/PASSH_nov2023-6376_highres-1-768x512.jpg\" class=\"attachment-medium_large size-medium_large wp-image-12357\" alt=\"\" srcset=\"https:\/\/passhlondyn.eu\/wp-content\/uploads\/2023\/12\/PASSH_nov2023-6376_highres-1-768x512.jpg 768w, https:\/\/passhlondyn.eu\/wp-content\/uploads\/2023\/12\/PASSH_nov2023-6376_highres-1-300x200.jpg 300w, https:\/\/passhlondyn.eu\/wp-content\/uploads\/2023\/12\/PASSH_nov2023-6376_highres-1-1024x683.jpg 1024w, https:\/\/passhlondyn.eu\/wp-content\/uploads\/2023\/12\/PASSH_nov2023-6376_highres-1-1536x1024.jpg 1536w, https:\/\/passhlondyn.eu\/wp-content\/uploads\/2023\/12\/PASSH_nov2023-6376_highres-1-2048x1365.jpg 2048w\" sizes=\"(max-width: 768px) 100vw, 768px\" \/>\t\t\t\t\t\t\t\t\t\t\t\t\t\t\t<\/div>\n\t\t\t\t<\/div>\n\t\t\t\t\t<\/div>\n\t\t<\/div>\n\t\t\t\t\t<\/div>\n\t\t<\/section>\n\t\t\t\t<section class=\"elementor-section elementor-top-section elementor-element elementor-element-9b064de elementor-section-boxed elementor-section-height-default elementor-section-height-default\" data-id=\"9b064de\" data-element_type=\"section\" data-e-type=\"section\">\n\t\t\t\t\t\t<div class=\"elementor-container elementor-column-gap-default\">\n\t\t\t\t\t<div class=\"elementor-column elementor-col-100 elementor-top-column elementor-element elementor-element-8d48205\" data-id=\"8d48205\" data-element_type=\"column\" data-e-type=\"column\">\n\t\t\t<div class=\"elementor-widget-wrap elementor-element-populated\">\n\t\t\t\t\t\t<div class=\"elementor-element elementor-element-4b2d080 elementor-widget elementor-widget-image\" data-id=\"4b2d080\" data-element_type=\"widget\" data-e-type=\"widget\" data-widget_type=\"image.default\">\n\t\t\t\t<div class=\"elementor-widget-container\">\n\t\t\t\t\t\t\t\t\t\t\t\t\t\t\t<img decoding=\"async\" width=\"768\" height=\"512\" src=\"https:\/\/passhlondyn.eu\/wp-content\/uploads\/2023\/12\/PASSH_nov2023-6385_highres-768x512.jpg\" class=\"attachment-medium_large size-medium_large wp-image-12353\" alt=\"\" srcset=\"https:\/\/passhlondyn.eu\/wp-content\/uploads\/2023\/12\/PASSH_nov2023-6385_highres-768x512.jpg 768w, https:\/\/passhlondyn.eu\/wp-content\/uploads\/2023\/12\/PASSH_nov2023-6385_highres-300x200.jpg 300w, https:\/\/passhlondyn.eu\/wp-content\/uploads\/2023\/12\/PASSH_nov2023-6385_highres-1024x683.jpg 1024w, https:\/\/passhlondyn.eu\/wp-content\/uploads\/2023\/12\/PASSH_nov2023-6385_highres-1536x1024.jpg 1536w, https:\/\/passhlondyn.eu\/wp-content\/uploads\/2023\/12\/PASSH_nov2023-6385_highres-2048x1365.jpg 2048w\" sizes=\"(max-width: 768px) 100vw, 768px\" \/>\t\t\t\t\t\t\t\t\t\t\t\t\t\t\t<\/div>\n\t\t\t\t<\/div>\n\t\t\t\t\t<\/div>\n\t\t<\/div>\n\t\t\t\t\t<\/div>\n\t\t<\/section>\n\t\t\t\t<section class=\"elementor-section elementor-top-section elementor-element elementor-element-bb51e49 elementor-section-boxed elementor-section-height-default elementor-section-height-default\" data-id=\"bb51e49\" data-element_type=\"section\" data-e-type=\"section\">\n\t\t\t\t\t\t<div class=\"elementor-container elementor-column-gap-default\">\n\t\t\t\t\t<div class=\"elementor-column elementor-col-100 elementor-top-column elementor-element elementor-element-6a1d514\" data-id=\"6a1d514\" data-element_type=\"column\" data-e-type=\"column\">\n\t\t\t<div class=\"elementor-widget-wrap elementor-element-populated\">\n\t\t\t\t\t\t<div class=\"elementor-element elementor-element-7dae8f7 elementor-widget elementor-widget-image\" data-id=\"7dae8f7\" data-element_type=\"widget\" data-e-type=\"widget\" data-widget_type=\"image.default\">\n\t\t\t\t<div class=\"elementor-widget-container\">\n\t\t\t\t\t\t\t\t\t\t\t\t\t\t\t<img loading=\"lazy\" decoding=\"async\" width=\"768\" height=\"353\" src=\"https:\/\/passhlondyn.eu\/wp-content\/uploads\/2023\/12\/1-768x353.png\" class=\"attachment-medium_large size-medium_large wp-image-12349\" alt=\"\" srcset=\"https:\/\/passhlondyn.eu\/wp-content\/uploads\/2023\/12\/1-768x353.png 768w, https:\/\/passhlondyn.eu\/wp-content\/uploads\/2023\/12\/1-300x138.png 300w, https:\/\/passhlondyn.eu\/wp-content\/uploads\/2023\/12\/1-1024x470.png 1024w, https:\/\/passhlondyn.eu\/wp-content\/uploads\/2023\/12\/1-1536x706.png 1536w, https:\/\/passhlondyn.eu\/wp-content\/uploads\/2023\/12\/1-2048x941.png 2048w\" sizes=\"(max-width: 768px) 100vw, 768px\" \/>\t\t\t\t\t\t\t\t\t\t\t\t\t\t\t<\/div>\n\t\t\t\t<\/div>\n\t\t\t\t\t<\/div>\n\t\t<\/div>\n\t\t\t\t\t<\/div>\n\t\t<\/section>\n\t\t\t\t<section class=\"elementor-section elementor-top-section elementor-element elementor-element-37a5773 elementor-section-boxed elementor-section-height-default elementor-section-height-default\" data-id=\"37a5773\" data-element_type=\"section\" data-e-type=\"section\">\n\t\t\t\t\t\t<div class=\"elementor-container elementor-column-gap-default\">\n\t\t\t\t\t<div class=\"elementor-column elementor-col-100 elementor-top-column elementor-element elementor-element-984e106\" data-id=\"984e106\" data-element_type=\"column\" data-e-type=\"column\">\n\t\t\t<div class=\"elementor-widget-wrap elementor-element-populated\">\n\t\t\t\t\t\t<div class=\"elementor-element elementor-element-c5a2d35 elementor-widget elementor-widget-image\" data-id=\"c5a2d35\" data-element_type=\"widget\" data-e-type=\"widget\" data-widget_type=\"image.default\">\n\t\t\t\t<div class=\"elementor-widget-container\">\n\t\t\t\t\t\t\t\t\t\t\t\t\t\t\t<img loading=\"lazy\" decoding=\"async\" width=\"768\" height=\"379\" src=\"https:\/\/passhlondyn.eu\/wp-content\/uploads\/2023\/12\/2-768x379.png\" class=\"attachment-medium_large size-medium_large wp-image-12350\" alt=\"\" srcset=\"https:\/\/passhlondyn.eu\/wp-content\/uploads\/2023\/12\/2-768x379.png 768w, https:\/\/passhlondyn.eu\/wp-content\/uploads\/2023\/12\/2-300x148.png 300w, https:\/\/passhlondyn.eu\/wp-content\/uploads\/2023\/12\/2-1024x506.png 1024w, https:\/\/passhlondyn.eu\/wp-content\/uploads\/2023\/12\/2-1536x759.png 1536w, https:\/\/passhlondyn.eu\/wp-content\/uploads\/2023\/12\/2-2048x1012.png 2048w\" sizes=\"(max-width: 768px) 100vw, 768px\" \/>\t\t\t\t\t\t\t\t\t\t\t\t\t\t\t<\/div>\n\t\t\t\t<\/div>\n\t\t\t\t\t<\/div>\n\t\t<\/div>\n\t\t\t\t\t<\/div>\n\t\t<\/section>\n\t\t\t\t<\/div>\n\t\t","protected":false},"excerpt":{"rendered":"<p>\u201eCztery pory roku w polskiej szkole \u2013 inspiruj\u0105ce lekcje. II edycja\u201d Nasza inicjatywa ma na celu umo\u017cliwienie podzielenia si\u0119 inspiruj\u0105cymi rozwi\u0105zaniami metodycznymi i dydaktycznymi. Pragniemy stworzy\u0107 przestrze\u0144,\u00a0 w kt\u00f3rej b\u0119d\u0119 &#8230;<\/p>\n","protected":false},"author":1,"featured_media":10530,"parent":0,"menu_order":0,"comment_status":"closed","ping_status":"closed","template":"","meta":{"footnotes":""},"class_list":["post-10529","page","type-page","status-publish","has-post-thumbnail","hentry"],"yoast_head":"<!-- This site is optimized with the Yoast SEO plugin v27.5 - https:\/\/yoast.com\/product\/yoast-seo-wordpress\/ -->\n<title>Cztery pory roku \u2013 inspiruj\u0105ce lekcje II edycja - Polish Academy of Social Sciences and Humanities<\/title>\n<meta name=\"robots\" content=\"index, follow, max-snippet:-1, max-image-preview:large, max-video-preview:-1\" \/>\n<link rel=\"canonical\" href=\"https:\/\/passhlondyn.eu\/?page_id=10529\" \/>\n<meta property=\"og:locale\" content=\"pl_PL\" \/>\n<meta property=\"og:type\" content=\"article\" \/>\n<meta property=\"og:title\" content=\"Cztery pory roku \u2013 inspiruj\u0105ce lekcje II edycja - Polish Academy of Social Sciences and Humanities\" \/>\n<meta property=\"og:description\" content=\"\u201eCztery pory roku w polskiej szkole \u2013 inspiruj\u0105ce lekcje. II edycja\u201d Nasza inicjatywa ma na celu umo\u017cliwienie podzielenia si\u0119 inspiruj\u0105cymi rozwi\u0105zaniami metodycznymi i dydaktycznymi. Pragniemy stworzy\u0107 przestrze\u0144,\u00a0 w kt\u00f3rej b\u0119d\u0119 ...\" \/>\n<meta property=\"og:url\" content=\"https:\/\/passhlondyn.eu\/?page_id=10529\" \/>\n<meta property=\"og:site_name\" content=\"Polish Academy of Social Sciences and Humanities\" \/>\n<meta property=\"article:modified_time\" content=\"2023-12-09T13:11:30+00:00\" \/>\n<meta property=\"og:image\" content=\"https:\/\/passhlondyn.eu\/wp-content\/uploads\/2023\/08\/Kopia-MIEDZYNARODOWY-KONKURS-NA-POLONIJNEGO-ARTYSTE-ROKU-KREATORZY-UCZUC-I-WYOBRAZNI-7.png\" \/>\n\t<meta property=\"og:image:width\" content=\"1587\" \/>\n\t<meta property=\"og:image:height\" content=\"2245\" \/>\n\t<meta property=\"og:image:type\" content=\"image\/png\" \/>\n<meta name=\"twitter:card\" content=\"summary_large_image\" \/>\n<meta name=\"twitter:label1\" content=\"Szacowany czas czytania\" \/>\n\t<meta name=\"twitter:data1\" content=\"3 minuty\" \/>\n<script type=\"application\/ld+json\" class=\"yoast-schema-graph\">{\"@context\":\"https:\\\/\\\/schema.org\",\"@graph\":[{\"@type\":\"WebPage\",\"@id\":\"https:\\\/\\\/passhlondyn.eu\\\/?page_id=10529\",\"url\":\"https:\\\/\\\/passhlondyn.eu\\\/?page_id=10529\",\"name\":\"Cztery pory roku \u2013 inspiruj\u0105ce lekcje II edycja - Polish Academy of Social Sciences and Humanities\",\"isPartOf\":{\"@id\":\"https:\\\/\\\/passhlondyn.eu\\\/#website\"},\"primaryImageOfPage\":{\"@id\":\"https:\\\/\\\/passhlondyn.eu\\\/?page_id=10529#primaryimage\"},\"image\":{\"@id\":\"https:\\\/\\\/passhlondyn.eu\\\/?page_id=10529#primaryimage\"},\"thumbnailUrl\":\"https:\\\/\\\/passhlondyn.eu\\\/wp-content\\\/uploads\\\/2023\\\/08\\\/Kopia-MIEDZYNARODOWY-KONKURS-NA-POLONIJNEGO-ARTYSTE-ROKU-KREATORZY-UCZUC-I-WYOBRAZNI-7.png\",\"datePublished\":\"2023-08-17T18:37:54+00:00\",\"dateModified\":\"2023-12-09T13:11:30+00:00\",\"breadcrumb\":{\"@id\":\"https:\\\/\\\/passhlondyn.eu\\\/?page_id=10529#breadcrumb\"},\"inLanguage\":\"pl-PL\",\"potentialAction\":[{\"@type\":\"ReadAction\",\"target\":[\"https:\\\/\\\/passhlondyn.eu\\\/?page_id=10529\"]}]},{\"@type\":\"ImageObject\",\"inLanguage\":\"pl-PL\",\"@id\":\"https:\\\/\\\/passhlondyn.eu\\\/?page_id=10529#primaryimage\",\"url\":\"https:\\\/\\\/passhlondyn.eu\\\/wp-content\\\/uploads\\\/2023\\\/08\\\/Kopia-MIEDZYNARODOWY-KONKURS-NA-POLONIJNEGO-ARTYSTE-ROKU-KREATORZY-UCZUC-I-WYOBRAZNI-7.png\",\"contentUrl\":\"https:\\\/\\\/passhlondyn.eu\\\/wp-content\\\/uploads\\\/2023\\\/08\\\/Kopia-MIEDZYNARODOWY-KONKURS-NA-POLONIJNEGO-ARTYSTE-ROKU-KREATORZY-UCZUC-I-WYOBRAZNI-7.png\",\"width\":1587,\"height\":2245},{\"@type\":\"BreadcrumbList\",\"@id\":\"https:\\\/\\\/passhlondyn.eu\\\/?page_id=10529#breadcrumb\",\"itemListElement\":[{\"@type\":\"ListItem\",\"position\":1,\"name\":\"Home\",\"item\":\"https:\\\/\\\/passhlondyn.eu\\\/\"},{\"@type\":\"ListItem\",\"position\":2,\"name\":\"Cztery pory roku \u2013 inspiruj\u0105ce lekcje II edycja\"}]},{\"@type\":\"WebSite\",\"@id\":\"https:\\\/\\\/passhlondyn.eu\\\/#website\",\"url\":\"https:\\\/\\\/passhlondyn.eu\\\/\",\"name\":\"Polish Academy of Social Sciences and Humanities\",\"description\":\"\",\"publisher\":{\"@id\":\"https:\\\/\\\/passhlondyn.eu\\\/#organization\"},\"potentialAction\":[{\"@type\":\"SearchAction\",\"target\":{\"@type\":\"EntryPoint\",\"urlTemplate\":\"https:\\\/\\\/passhlondyn.eu\\\/?s={search_term_string}\"},\"query-input\":{\"@type\":\"PropertyValueSpecification\",\"valueRequired\":true,\"valueName\":\"search_term_string\"}}],\"inLanguage\":\"pl-PL\"},{\"@type\":\"Organization\",\"@id\":\"https:\\\/\\\/passhlondyn.eu\\\/#organization\",\"name\":\"Polish Academy of Social Sciences and Humanities\",\"url\":\"https:\\\/\\\/passhlondyn.eu\\\/\",\"logo\":{\"@type\":\"ImageObject\",\"inLanguage\":\"pl-PL\",\"@id\":\"https:\\\/\\\/passhlondyn.eu\\\/#\\\/schema\\\/logo\\\/image\\\/\",\"url\":\"https:\\\/\\\/passhlondyn.eu\\\/wp-content\\\/uploads\\\/2021\\\/10\\\/cropped-Projekt-bez-tytulu-8.png\",\"contentUrl\":\"https:\\\/\\\/passhlondyn.eu\\\/wp-content\\\/uploads\\\/2021\\\/10\\\/cropped-Projekt-bez-tytulu-8.png\",\"width\":6911,\"height\":1557,\"caption\":\"Polish Academy of Social Sciences and Humanities\"},\"image\":{\"@id\":\"https:\\\/\\\/passhlondyn.eu\\\/#\\\/schema\\\/logo\\\/image\\\/\"}}]}<\/script>\n<!-- \/ Yoast SEO plugin. -->","yoast_head_json":{"title":"Cztery pory roku \u2013 inspiruj\u0105ce lekcje II edycja - Polish Academy of Social Sciences and Humanities","robots":{"index":"index","follow":"follow","max-snippet":"max-snippet:-1","max-image-preview":"max-image-preview:large","max-video-preview":"max-video-preview:-1"},"canonical":"https:\/\/passhlondyn.eu\/?page_id=10529","og_locale":"pl_PL","og_type":"article","og_title":"Cztery pory roku \u2013 inspiruj\u0105ce lekcje II edycja - Polish Academy of Social Sciences and Humanities","og_description":"\u201eCztery pory roku w polskiej szkole \u2013 inspiruj\u0105ce lekcje. II edycja\u201d Nasza inicjatywa ma na celu umo\u017cliwienie podzielenia si\u0119 inspiruj\u0105cymi rozwi\u0105zaniami metodycznymi i dydaktycznymi. Pragniemy stworzy\u0107 przestrze\u0144,\u00a0 w kt\u00f3rej b\u0119d\u0119 ...","og_url":"https:\/\/passhlondyn.eu\/?page_id=10529","og_site_name":"Polish Academy of Social Sciences and Humanities","article_modified_time":"2023-12-09T13:11:30+00:00","og_image":[{"width":1587,"height":2245,"url":"https:\/\/passhlondyn.eu\/wp-content\/uploads\/2023\/08\/Kopia-MIEDZYNARODOWY-KONKURS-NA-POLONIJNEGO-ARTYSTE-ROKU-KREATORZY-UCZUC-I-WYOBRAZNI-7.png","type":"image\/png"}],"twitter_card":"summary_large_image","twitter_misc":{"Szacowany czas czytania":"3 minuty"},"schema":{"@context":"https:\/\/schema.org","@graph":[{"@type":"WebPage","@id":"https:\/\/passhlondyn.eu\/?page_id=10529","url":"https:\/\/passhlondyn.eu\/?page_id=10529","name":"Cztery pory roku \u2013 inspiruj\u0105ce lekcje II edycja - Polish Academy of Social Sciences and Humanities","isPartOf":{"@id":"https:\/\/passhlondyn.eu\/#website"},"primaryImageOfPage":{"@id":"https:\/\/passhlondyn.eu\/?page_id=10529#primaryimage"},"image":{"@id":"https:\/\/passhlondyn.eu\/?page_id=10529#primaryimage"},"thumbnailUrl":"https:\/\/passhlondyn.eu\/wp-content\/uploads\/2023\/08\/Kopia-MIEDZYNARODOWY-KONKURS-NA-POLONIJNEGO-ARTYSTE-ROKU-KREATORZY-UCZUC-I-WYOBRAZNI-7.png","datePublished":"2023-08-17T18:37:54+00:00","dateModified":"2023-12-09T13:11:30+00:00","breadcrumb":{"@id":"https:\/\/passhlondyn.eu\/?page_id=10529#breadcrumb"},"inLanguage":"pl-PL","potentialAction":[{"@type":"ReadAction","target":["https:\/\/passhlondyn.eu\/?page_id=10529"]}]},{"@type":"ImageObject","inLanguage":"pl-PL","@id":"https:\/\/passhlondyn.eu\/?page_id=10529#primaryimage","url":"https:\/\/passhlondyn.eu\/wp-content\/uploads\/2023\/08\/Kopia-MIEDZYNARODOWY-KONKURS-NA-POLONIJNEGO-ARTYSTE-ROKU-KREATORZY-UCZUC-I-WYOBRAZNI-7.png","contentUrl":"https:\/\/passhlondyn.eu\/wp-content\/uploads\/2023\/08\/Kopia-MIEDZYNARODOWY-KONKURS-NA-POLONIJNEGO-ARTYSTE-ROKU-KREATORZY-UCZUC-I-WYOBRAZNI-7.png","width":1587,"height":2245},{"@type":"BreadcrumbList","@id":"https:\/\/passhlondyn.eu\/?page_id=10529#breadcrumb","itemListElement":[{"@type":"ListItem","position":1,"name":"Home","item":"https:\/\/passhlondyn.eu\/"},{"@type":"ListItem","position":2,"name":"Cztery pory roku \u2013 inspiruj\u0105ce lekcje II edycja"}]},{"@type":"WebSite","@id":"https:\/\/passhlondyn.eu\/#website","url":"https:\/\/passhlondyn.eu\/","name":"Polish Academy of Social Sciences and Humanities","description":"","publisher":{"@id":"https:\/\/passhlondyn.eu\/#organization"},"potentialAction":[{"@type":"SearchAction","target":{"@type":"EntryPoint","urlTemplate":"https:\/\/passhlondyn.eu\/?s={search_term_string}"},"query-input":{"@type":"PropertyValueSpecification","valueRequired":true,"valueName":"search_term_string"}}],"inLanguage":"pl-PL"},{"@type":"Organization","@id":"https:\/\/passhlondyn.eu\/#organization","name":"Polish Academy of Social Sciences and Humanities","url":"https:\/\/passhlondyn.eu\/","logo":{"@type":"ImageObject","inLanguage":"pl-PL","@id":"https:\/\/passhlondyn.eu\/#\/schema\/logo\/image\/","url":"https:\/\/passhlondyn.eu\/wp-content\/uploads\/2021\/10\/cropped-Projekt-bez-tytulu-8.png","contentUrl":"https:\/\/passhlondyn.eu\/wp-content\/uploads\/2021\/10\/cropped-Projekt-bez-tytulu-8.png","width":6911,"height":1557,"caption":"Polish Academy of Social Sciences and Humanities"},"image":{"@id":"https:\/\/passhlondyn.eu\/#\/schema\/logo\/image\/"}}]}},"_links":{"self":[{"href":"https:\/\/passhlondyn.eu\/index.php?rest_route=\/wp\/v2\/pages\/10529","targetHints":{"allow":["GET"]}}],"collection":[{"href":"https:\/\/passhlondyn.eu\/index.php?rest_route=\/wp\/v2\/pages"}],"about":[{"href":"https:\/\/passhlondyn.eu\/index.php?rest_route=\/wp\/v2\/types\/page"}],"author":[{"embeddable":true,"href":"https:\/\/passhlondyn.eu\/index.php?rest_route=\/wp\/v2\/users\/1"}],"replies":[{"embeddable":true,"href":"https:\/\/passhlondyn.eu\/index.php?rest_route=%2Fwp%2Fv2%2Fcomments&post=10529"}],"version-history":[{"count":16,"href":"https:\/\/passhlondyn.eu\/index.php?rest_route=\/wp\/v2\/pages\/10529\/revisions"}],"predecessor-version":[{"id":12360,"href":"https:\/\/passhlondyn.eu\/index.php?rest_route=\/wp\/v2\/pages\/10529\/revisions\/12360"}],"wp:featuredmedia":[{"embeddable":true,"href":"https:\/\/passhlondyn.eu\/index.php?rest_route=\/wp\/v2\/media\/10530"}],"wp:attachment":[{"href":"https:\/\/passhlondyn.eu\/index.php?rest_route=%2Fwp%2Fv2%2Fmedia&parent=10529"}],"curies":[{"name":"wp","href":"https:\/\/api.w.org\/{rel}","templated":true}]}}