{"id":1053,"date":"2020-04-26T18:54:37","date_gmt":"2020-04-26T16:54:37","guid":{"rendered":"https:\/\/passhlondyn.eu\/?page_id=1053"},"modified":"2020-04-30T15:26:57","modified_gmt":"2020-04-30T13:26:57","slug":"certyfikacja","status":"publish","type":"page","link":"https:\/\/passhlondyn.eu\/?page_id=1053","title":{"rendered":"Certyfikacja"},"content":{"rendered":"\t\t<div data-elementor-type=\"wp-page\" data-elementor-id=\"1053\" class=\"elementor elementor-1053\" data-elementor-post-type=\"page\">\n\t\t\t\t\t\t<section class=\"elementor-section elementor-top-section elementor-element elementor-element-215ebe9 elementor-section-boxed elementor-section-height-default elementor-section-height-default\" data-id=\"215ebe9\" data-element_type=\"section\" data-e-type=\"section\">\n\t\t\t\t\t\t<div class=\"elementor-container elementor-column-gap-default\">\n\t\t\t\t\t<div class=\"elementor-column elementor-col-100 elementor-top-column elementor-element elementor-element-6ff1d11\" data-id=\"6ff1d11\" data-element_type=\"column\" data-e-type=\"column\">\n\t\t\t<div class=\"elementor-widget-wrap elementor-element-populated\">\n\t\t\t\t\t\t<div class=\"elementor-element elementor-element-b23473f elementor-widget elementor-widget-image\" data-id=\"b23473f\" data-element_type=\"widget\" data-e-type=\"widget\" data-widget_type=\"image.default\">\n\t\t\t\t<div class=\"elementor-widget-container\">\n\t\t\t\t\t\t\t\t\t\t\t\t\t\t\t<img decoding=\"async\" width=\"150\" height=\"150\" src=\"https:\/\/passhlondyn.eu\/wp-content\/uploads\/2020\/04\/shutterstock_72394717-150x150.jpg\" class=\"attachment-thumbnail size-thumbnail wp-image-1110\" alt=\"\" srcset=\"https:\/\/passhlondyn.eu\/wp-content\/uploads\/2020\/04\/shutterstock_72394717-150x150.jpg 150w, https:\/\/passhlondyn.eu\/wp-content\/uploads\/2020\/04\/shutterstock_72394717-300x300.jpg 300w, https:\/\/passhlondyn.eu\/wp-content\/uploads\/2020\/04\/shutterstock_72394717-1024x1024.jpg 1024w, https:\/\/passhlondyn.eu\/wp-content\/uploads\/2020\/04\/shutterstock_72394717-768x768.jpg 768w, https:\/\/passhlondyn.eu\/wp-content\/uploads\/2020\/04\/shutterstock_72394717-1536x1536.jpg 1536w\" sizes=\"(max-width: 150px) 100vw, 150px\" \/>\t\t\t\t\t\t\t\t\t\t\t\t\t\t\t<\/div>\n\t\t\t\t<\/div>\n\t\t\t\t\t<\/div>\n\t\t<\/div>\n\t\t\t\t\t<\/div>\n\t\t<\/section>\n\t\t\t\t<section class=\"elementor-section elementor-top-section elementor-element elementor-element-2fdc16a elementor-section-boxed elementor-section-height-default elementor-section-height-default\" data-id=\"2fdc16a\" data-element_type=\"section\" data-e-type=\"section\">\n\t\t\t\t\t\t<div class=\"elementor-container elementor-column-gap-default\">\n\t\t\t\t\t<div class=\"elementor-column elementor-col-100 elementor-top-column elementor-element elementor-element-a596200\" data-id=\"a596200\" data-element_type=\"column\" data-e-type=\"column\">\n\t\t\t<div class=\"elementor-widget-wrap elementor-element-populated\">\n\t\t\t\t\t\t<div class=\"elementor-element elementor-element-3b6dab6 elementor-tabs-view-horizontal elementor-widget elementor-widget-tabs\" data-id=\"3b6dab6\" data-element_type=\"widget\" data-e-type=\"widget\" data-widget_type=\"tabs.default\">\n\t\t\t\t<div class=\"elementor-widget-container\">\n\t\t\t\t\t\t\t<div class=\"elementor-tabs\">\n\t\t\t<div class=\"elementor-tabs-wrapper\" role=\"tablist\" >\n\t\t\t\t\t\t\t\t\t<div id=\"elementor-tab-title-6231\" class=\"elementor-tab-title elementor-tab-desktop-title\" aria-selected=\"true\" data-tab=\"1\" role=\"tab\" tabindex=\"0\" aria-controls=\"elementor-tab-content-6231\" aria-expanded=\"false\">Certyfikacja szk\u00f3\u0142<\/div>\n\t\t\t\t\t\t\t\t\t<div id=\"elementor-tab-title-6232\" class=\"elementor-tab-title elementor-tab-desktop-title\" aria-selected=\"false\" data-tab=\"2\" role=\"tab\" tabindex=\"-1\" aria-controls=\"elementor-tab-content-6232\" aria-expanded=\"false\">Certyfikaty dla nauczycieli<\/div>\n\t\t\t\t\t\t\t\t\t<div id=\"elementor-tab-title-6233\" class=\"elementor-tab-title elementor-tab-desktop-title\" aria-selected=\"false\" data-tab=\"3\" role=\"tab\" tabindex=\"-1\" aria-controls=\"elementor-tab-content-6233\" aria-expanded=\"false\">Certyfikaty dla absolwent\u00f3w<\/div>\n\t\t\t\t\t\t\t<\/div>\n\t\t\t<div class=\"elementor-tabs-content-wrapper\" role=\"tablist\" aria-orientation=\"vertical\">\n\t\t\t\t\t\t\t\t\t<div class=\"elementor-tab-title elementor-tab-mobile-title\" aria-selected=\"true\" data-tab=\"1\" role=\"tab\" tabindex=\"0\" aria-controls=\"elementor-tab-content-6231\" aria-expanded=\"false\">Certyfikacja szk\u00f3\u0142<\/div>\n\t\t\t\t\t<div id=\"elementor-tab-content-6231\" class=\"elementor-tab-content elementor-clearfix\" data-tab=\"1\" role=\"tabpanel\" aria-labelledby=\"elementor-tab-title-6231\" tabindex=\"0\" hidden=\"false\"><p>zasady wkr\u00f3tce<\/p><\/div>\n\t\t\t\t\t\t\t\t\t<div class=\"elementor-tab-title elementor-tab-mobile-title\" aria-selected=\"false\" data-tab=\"2\" role=\"tab\" tabindex=\"-1\" aria-controls=\"elementor-tab-content-6232\" aria-expanded=\"false\">Certyfikaty dla nauczycieli<\/div>\n\t\t\t\t\t<div id=\"elementor-tab-content-6232\" class=\"elementor-tab-content elementor-clearfix\" data-tab=\"2\" role=\"tabpanel\" aria-labelledby=\"elementor-tab-title-6232\" tabindex=\"0\" hidden=\"hidden\"><p>Wkr\u00f3tce<\/p><\/div>\n\t\t\t\t\t\t\t\t\t<div class=\"elementor-tab-title elementor-tab-mobile-title\" aria-selected=\"false\" data-tab=\"3\" role=\"tab\" tabindex=\"-1\" aria-controls=\"elementor-tab-content-6233\" aria-expanded=\"false\">Certyfikaty dla absolwent\u00f3w<\/div>\n\t\t\t\t\t<div id=\"elementor-tab-content-6233\" class=\"elementor-tab-content elementor-clearfix\" data-tab=\"3\" role=\"tabpanel\" aria-labelledby=\"elementor-tab-title-6233\" tabindex=\"0\" hidden=\"hidden\"><p>Wkr\u00f3tce<\/p><\/div>\n\t\t\t\t\t\t\t<\/div>\n\t\t<\/div>\n\t\t\t\t\t\t<\/div>\n\t\t\t\t<\/div>\n\t\t\t\t\t<\/div>\n\t\t<\/div>\n\t\t\t\t\t<\/div>\n\t\t<\/section>\n\t\t\t\t<\/div>\n\t\t","protected":false},"excerpt":{"rendered":"<p>Certyfikacja szk\u00f3\u0142 Certyfikaty dla nauczycieli Certyfikaty dla absolwent\u00f3w Certyfikacja szk\u00f3\u0142 zasady wkr\u00f3tce Certyfikaty dla nauczycieli Wkr\u00f3tce Certyfikaty dla absolwent\u00f3w Wkr\u00f3tce<\/p>\n","protected":false},"author":1,"featured_media":0,"parent":0,"menu_order":0,"comment_status":"closed","ping_status":"closed","template":"","meta":{"footnotes":""},"class_list":["post-1053","page","type-page","status-publish","hentry"],"yoast_head":"<!-- This site is optimized with the Yoast SEO plugin v27.4 - https:\/\/yoast.com\/product\/yoast-seo-wordpress\/ -->\n<title>Certyfikacja - Polish Academy of Social Sciences and Humanities<\/title>\n<meta name=\"robots\" content=\"index, follow, max-snippet:-1, max-image-preview:large, max-video-preview:-1\" \/>\n<link rel=\"canonical\" href=\"https:\/\/passhlondyn.eu\/?page_id=1053\" \/>\n<meta property=\"og:locale\" content=\"pl_PL\" \/>\n<meta property=\"og:type\" content=\"article\" \/>\n<meta property=\"og:title\" content=\"Certyfikacja - Polish Academy of Social Sciences and Humanities\" \/>\n<meta property=\"og:description\" content=\"Certyfikacja szk\u00f3\u0142 Certyfikaty dla nauczycieli Certyfikaty dla absolwent\u00f3w Certyfikacja szk\u00f3\u0142 zasady wkr\u00f3tce Certyfikaty dla nauczycieli Wkr\u00f3tce Certyfikaty dla absolwent\u00f3w Wkr\u00f3tce\" \/>\n<meta property=\"og:url\" content=\"https:\/\/passhlondyn.eu\/?page_id=1053\" \/>\n<meta property=\"og:site_name\" content=\"Polish Academy of Social Sciences and Humanities\" \/>\n<meta property=\"article:modified_time\" content=\"2020-04-30T13:26:57+00:00\" \/>\n<meta property=\"og:image\" content=\"https:\/\/passhlondyn.eu\/wp-content\/uploads\/2020\/04\/shutterstock_72394717-150x150.jpg\" \/>\n<meta name=\"twitter:card\" content=\"summary_large_image\" \/>\n<script type=\"application\/ld+json\" class=\"yoast-schema-graph\">{\"@context\":\"https:\\\/\\\/schema.org\",\"@graph\":[{\"@type\":\"WebPage\",\"@id\":\"https:\\\/\\\/passhlondyn.eu\\\/?page_id=1053\",\"url\":\"https:\\\/\\\/passhlondyn.eu\\\/?page_id=1053\",\"name\":\"Certyfikacja - Polish Academy of Social Sciences and Humanities\",\"isPartOf\":{\"@id\":\"https:\\\/\\\/passhlondyn.eu\\\/#website\"},\"primaryImageOfPage\":{\"@id\":\"https:\\\/\\\/passhlondyn.eu\\\/?page_id=1053#primaryimage\"},\"image\":{\"@id\":\"https:\\\/\\\/passhlondyn.eu\\\/?page_id=1053#primaryimage\"},\"thumbnailUrl\":\"https:\\\/\\\/passhlondyn.eu\\\/wp-content\\\/uploads\\\/2020\\\/04\\\/shutterstock_72394717-150x150.jpg\",\"datePublished\":\"2020-04-26T16:54:37+00:00\",\"dateModified\":\"2020-04-30T13:26:57+00:00\",\"breadcrumb\":{\"@id\":\"https:\\\/\\\/passhlondyn.eu\\\/?page_id=1053#breadcrumb\"},\"inLanguage\":\"pl-PL\",\"potentialAction\":[{\"@type\":\"ReadAction\",\"target\":[\"https:\\\/\\\/passhlondyn.eu\\\/?page_id=1053\"]}]},{\"@type\":\"ImageObject\",\"inLanguage\":\"pl-PL\",\"@id\":\"https:\\\/\\\/passhlondyn.eu\\\/?page_id=1053#primaryimage\",\"url\":\"https:\\\/\\\/passhlondyn.eu\\\/wp-content\\\/uploads\\\/2020\\\/04\\\/shutterstock_72394717-150x150.jpg\",\"contentUrl\":\"https:\\\/\\\/passhlondyn.eu\\\/wp-content\\\/uploads\\\/2020\\\/04\\\/shutterstock_72394717-150x150.jpg\"},{\"@type\":\"BreadcrumbList\",\"@id\":\"https:\\\/\\\/passhlondyn.eu\\\/?page_id=1053#breadcrumb\",\"itemListElement\":[{\"@type\":\"ListItem\",\"position\":1,\"name\":\"Home\",\"item\":\"https:\\\/\\\/passhlondyn.eu\\\/\"},{\"@type\":\"ListItem\",\"position\":2,\"name\":\"Certyfikacja\"}]},{\"@type\":\"WebSite\",\"@id\":\"https:\\\/\\\/passhlondyn.eu\\\/#website\",\"url\":\"https:\\\/\\\/passhlondyn.eu\\\/\",\"name\":\"Polish Academy of Social Sciences and Humanities\",\"description\":\"\",\"publisher\":{\"@id\":\"https:\\\/\\\/passhlondyn.eu\\\/#organization\"},\"potentialAction\":[{\"@type\":\"SearchAction\",\"target\":{\"@type\":\"EntryPoint\",\"urlTemplate\":\"https:\\\/\\\/passhlondyn.eu\\\/?s={search_term_string}\"},\"query-input\":{\"@type\":\"PropertyValueSpecification\",\"valueRequired\":true,\"valueName\":\"search_term_string\"}}],\"inLanguage\":\"pl-PL\"},{\"@type\":\"Organization\",\"@id\":\"https:\\\/\\\/passhlondyn.eu\\\/#organization\",\"name\":\"Polish Academy of Social Sciences and Humanities\",\"url\":\"https:\\\/\\\/passhlondyn.eu\\\/\",\"logo\":{\"@type\":\"ImageObject\",\"inLanguage\":\"pl-PL\",\"@id\":\"https:\\\/\\\/passhlondyn.eu\\\/#\\\/schema\\\/logo\\\/image\\\/\",\"url\":\"https:\\\/\\\/passhlondyn.eu\\\/wp-content\\\/uploads\\\/2021\\\/10\\\/cropped-Projekt-bez-tytulu-8.png\",\"contentUrl\":\"https:\\\/\\\/passhlondyn.eu\\\/wp-content\\\/uploads\\\/2021\\\/10\\\/cropped-Projekt-bez-tytulu-8.png\",\"width\":6911,\"height\":1557,\"caption\":\"Polish Academy of Social Sciences and Humanities\"},\"image\":{\"@id\":\"https:\\\/\\\/passhlondyn.eu\\\/#\\\/schema\\\/logo\\\/image\\\/\"}}]}<\/script>\n<!-- \/ Yoast SEO plugin. -->","yoast_head_json":{"title":"Certyfikacja - Polish Academy of Social Sciences and Humanities","robots":{"index":"index","follow":"follow","max-snippet":"max-snippet:-1","max-image-preview":"max-image-preview:large","max-video-preview":"max-video-preview:-1"},"canonical":"https:\/\/passhlondyn.eu\/?page_id=1053","og_locale":"pl_PL","og_type":"article","og_title":"Certyfikacja - Polish Academy of Social Sciences and Humanities","og_description":"Certyfikacja szk\u00f3\u0142 Certyfikaty dla nauczycieli Certyfikaty dla absolwent\u00f3w Certyfikacja szk\u00f3\u0142 zasady wkr\u00f3tce Certyfikaty dla nauczycieli Wkr\u00f3tce Certyfikaty dla absolwent\u00f3w Wkr\u00f3tce","og_url":"https:\/\/passhlondyn.eu\/?page_id=1053","og_site_name":"Polish Academy of Social Sciences and Humanities","article_modified_time":"2020-04-30T13:26:57+00:00","og_image":[{"url":"https:\/\/passhlondyn.eu\/wp-content\/uploads\/2020\/04\/shutterstock_72394717-150x150.jpg","type":"","width":"","height":""}],"twitter_card":"summary_large_image","schema":{"@context":"https:\/\/schema.org","@graph":[{"@type":"WebPage","@id":"https:\/\/passhlondyn.eu\/?page_id=1053","url":"https:\/\/passhlondyn.eu\/?page_id=1053","name":"Certyfikacja - Polish Academy of Social Sciences and Humanities","isPartOf":{"@id":"https:\/\/passhlondyn.eu\/#website"},"primaryImageOfPage":{"@id":"https:\/\/passhlondyn.eu\/?page_id=1053#primaryimage"},"image":{"@id":"https:\/\/passhlondyn.eu\/?page_id=1053#primaryimage"},"thumbnailUrl":"https:\/\/passhlondyn.eu\/wp-content\/uploads\/2020\/04\/shutterstock_72394717-150x150.jpg","datePublished":"2020-04-26T16:54:37+00:00","dateModified":"2020-04-30T13:26:57+00:00","breadcrumb":{"@id":"https:\/\/passhlondyn.eu\/?page_id=1053#breadcrumb"},"inLanguage":"pl-PL","potentialAction":[{"@type":"ReadAction","target":["https:\/\/passhlondyn.eu\/?page_id=1053"]}]},{"@type":"ImageObject","inLanguage":"pl-PL","@id":"https:\/\/passhlondyn.eu\/?page_id=1053#primaryimage","url":"https:\/\/passhlondyn.eu\/wp-content\/uploads\/2020\/04\/shutterstock_72394717-150x150.jpg","contentUrl":"https:\/\/passhlondyn.eu\/wp-content\/uploads\/2020\/04\/shutterstock_72394717-150x150.jpg"},{"@type":"BreadcrumbList","@id":"https:\/\/passhlondyn.eu\/?page_id=1053#breadcrumb","itemListElement":[{"@type":"ListItem","position":1,"name":"Home","item":"https:\/\/passhlondyn.eu\/"},{"@type":"ListItem","position":2,"name":"Certyfikacja"}]},{"@type":"WebSite","@id":"https:\/\/passhlondyn.eu\/#website","url":"https:\/\/passhlondyn.eu\/","name":"Polish Academy of Social Sciences and Humanities","description":"","publisher":{"@id":"https:\/\/passhlondyn.eu\/#organization"},"potentialAction":[{"@type":"SearchAction","target":{"@type":"EntryPoint","urlTemplate":"https:\/\/passhlondyn.eu\/?s={search_term_string}"},"query-input":{"@type":"PropertyValueSpecification","valueRequired":true,"valueName":"search_term_string"}}],"inLanguage":"pl-PL"},{"@type":"Organization","@id":"https:\/\/passhlondyn.eu\/#organization","name":"Polish Academy of Social Sciences and Humanities","url":"https:\/\/passhlondyn.eu\/","logo":{"@type":"ImageObject","inLanguage":"pl-PL","@id":"https:\/\/passhlondyn.eu\/#\/schema\/logo\/image\/","url":"https:\/\/passhlondyn.eu\/wp-content\/uploads\/2021\/10\/cropped-Projekt-bez-tytulu-8.png","contentUrl":"https:\/\/passhlondyn.eu\/wp-content\/uploads\/2021\/10\/cropped-Projekt-bez-tytulu-8.png","width":6911,"height":1557,"caption":"Polish Academy of Social Sciences and Humanities"},"image":{"@id":"https:\/\/passhlondyn.eu\/#\/schema\/logo\/image\/"}}]}},"_links":{"self":[{"href":"https:\/\/passhlondyn.eu\/index.php?rest_route=\/wp\/v2\/pages\/1053","targetHints":{"allow":["GET"]}}],"collection":[{"href":"https:\/\/passhlondyn.eu\/index.php?rest_route=\/wp\/v2\/pages"}],"about":[{"href":"https:\/\/passhlondyn.eu\/index.php?rest_route=\/wp\/v2\/types\/page"}],"author":[{"embeddable":true,"href":"https:\/\/passhlondyn.eu\/index.php?rest_route=\/wp\/v2\/users\/1"}],"replies":[{"embeddable":true,"href":"https:\/\/passhlondyn.eu\/index.php?rest_route=%2Fwp%2Fv2%2Fcomments&post=1053"}],"version-history":[{"count":4,"href":"https:\/\/passhlondyn.eu\/index.php?rest_route=\/wp\/v2\/pages\/1053\/revisions"}],"predecessor-version":[{"id":1113,"href":"https:\/\/passhlondyn.eu\/index.php?rest_route=\/wp\/v2\/pages\/1053\/revisions\/1113"}],"wp:attachment":[{"href":"https:\/\/passhlondyn.eu\/index.php?rest_route=%2Fwp%2Fv2%2Fmedia&parent=1053"}],"curies":[{"name":"wp","href":"https:\/\/api.w.org\/{rel}","templated":true}]}}