{"id":2975,"date":"2021-03-17T19:37:48","date_gmt":"2021-03-17T18:37:48","guid":{"rendered":"https:\/\/passhlondyn.eu\/?page_id=2975"},"modified":"2021-03-18T18:31:12","modified_gmt":"2021-03-18T17:31:12","slug":"liceum-ogolnoksztalcace-dla-doroslych","status":"publish","type":"page","link":"https:\/\/passhlondyn.eu\/?page_id=2975","title":{"rendered":"Liceum Og\u00f3lnokszta\u0142c\u0105ce dla Doros\u0142ych"},"content":{"rendered":"\t\t<div data-elementor-type=\"wp-page\" data-elementor-id=\"2975\" class=\"elementor elementor-2975\" data-elementor-post-type=\"page\">\n\t\t\t\t\t\t<section class=\"elementor-section elementor-top-section elementor-element elementor-element-a30230d elementor-section-boxed elementor-section-height-default elementor-section-height-default\" data-id=\"a30230d\" data-element_type=\"section\" data-e-type=\"section\">\n\t\t\t\t\t\t<div class=\"elementor-container elementor-column-gap-default\">\n\t\t\t\t\t<div class=\"elementor-column elementor-col-100 elementor-top-column elementor-element elementor-element-2671510\" data-id=\"2671510\" data-element_type=\"column\" data-e-type=\"column\">\n\t\t\t<div class=\"elementor-widget-wrap elementor-element-populated\">\n\t\t\t\t\t\t<div class=\"elementor-element elementor-element-af8a0c5 elementor-widget elementor-widget-heading\" data-id=\"af8a0c5\" data-element_type=\"widget\" data-e-type=\"widget\" data-widget_type=\"heading.default\">\n\t\t\t\t<div class=\"elementor-widget-container\">\n\t\t\t\t\t<h3 class=\"elementor-heading-title elementor-size-default\">IDEALNA PROPOZYCJA DLA OS\u00d3B MIESZKAJ\u0104CYCH ZA GRANIC\u0104, \nKT\u00d3RE CHC\u0104 UKO\u0143CZY\u0106 LICEUM W POLSCE <\/h3>\t\t\t\t<\/div>\n\t\t\t\t<\/div>\n\t\t\t\t\t<\/div>\n\t\t<\/div>\n\t\t\t\t\t<\/div>\n\t\t<\/section>\n\t\t\t\t<section class=\"elementor-section elementor-top-section elementor-element elementor-element-7b96b99 elementor-section-boxed elementor-section-height-default elementor-section-height-default\" data-id=\"7b96b99\" data-element_type=\"section\" data-e-type=\"section\">\n\t\t\t\t\t\t<div class=\"elementor-container elementor-column-gap-default\">\n\t\t\t\t\t<div class=\"elementor-column elementor-col-100 elementor-top-column elementor-element elementor-element-5cab038\" data-id=\"5cab038\" data-element_type=\"column\" data-e-type=\"column\">\n\t\t\t<div class=\"elementor-widget-wrap elementor-element-populated\">\n\t\t\t\t\t\t<div class=\"elementor-element elementor-element-b790d72 elementor-widget elementor-widget-text-editor\" data-id=\"b790d72\" data-element_type=\"widget\" data-e-type=\"widget\" data-widget_type=\"text-editor.default\">\n\t\t\t\t<div class=\"elementor-widget-container\">\n\t\t\t\t\t\t\t\t\t<p>Podpisali\u015bmy kolejn\u0105 umow\u0119 o wsp\u00f3\u0142pracy z polsk\u0105 instytucj\u0105. Tym razem z Zaocznym Liceum dla Doros\u0142ych w Lubichowie oraz Firm\u0105 Edukacyjn\u0105 Lubichowianka. Dzi\u0119ki temu oferujemy osobom mieszkaj\u0105cym za granic\u0105 mo\u017cliwo\u015b\u0107 uko\u0144czenia polskiego liceum (w formie nauki zdalnej). Poza op\u0142at\u0105 administracyjn\u0105 szko\u0142a jest bezp\u0142atna.<\/p>\t\t\t\t\t\t\t\t<\/div>\n\t\t\t\t<\/div>\n\t\t\t\t\t<\/div>\n\t\t<\/div>\n\t\t\t\t\t<\/div>\n\t\t<\/section>\n\t\t\t\t<section class=\"elementor-section elementor-top-section elementor-element elementor-element-15310cf elementor-section-boxed elementor-section-height-default elementor-section-height-default\" data-id=\"15310cf\" data-element_type=\"section\" data-e-type=\"section\">\n\t\t\t\t\t\t<div class=\"elementor-container elementor-column-gap-default\">\n\t\t\t\t\t<div class=\"elementor-column elementor-col-100 elementor-top-column elementor-element elementor-element-eb3cb8e\" data-id=\"eb3cb8e\" data-element_type=\"column\" data-e-type=\"column\">\n\t\t\t<div class=\"elementor-widget-wrap elementor-element-populated\">\n\t\t\t\t\t\t<div class=\"elementor-element elementor-element-81affd3 elementor-widget elementor-widget-image\" data-id=\"81affd3\" data-element_type=\"widget\" data-e-type=\"widget\" data-widget_type=\"image.default\">\n\t\t\t\t<div class=\"elementor-widget-container\">\n\t\t\t\t\t\t\t\t\t\t\t\t\t\t\t<img fetchpriority=\"high\" decoding=\"async\" width=\"768\" height=\"615\" src=\"https:\/\/passhlondyn.eu\/wp-content\/uploads\/2021\/03\/1-1-768x615.png\" class=\"attachment-medium_large size-medium_large wp-image-3016\" alt=\"\" srcset=\"https:\/\/passhlondyn.eu\/wp-content\/uploads\/2021\/03\/1-1-768x615.png 768w, https:\/\/passhlondyn.eu\/wp-content\/uploads\/2021\/03\/1-1-300x240.png 300w, https:\/\/passhlondyn.eu\/wp-content\/uploads\/2021\/03\/1-1-1024x821.png 1024w, https:\/\/passhlondyn.eu\/wp-content\/uploads\/2021\/03\/1-1.png 1047w\" sizes=\"(max-width: 768px) 100vw, 768px\" \/>\t\t\t\t\t\t\t\t\t\t\t\t\t\t\t<\/div>\n\t\t\t\t<\/div>\n\t\t\t\t\t<\/div>\n\t\t<\/div>\n\t\t\t\t\t<\/div>\n\t\t<\/section>\n\t\t\t\t<section class=\"elementor-section elementor-top-section elementor-element elementor-element-eb6222e elementor-section-boxed elementor-section-height-default elementor-section-height-default\" data-id=\"eb6222e\" data-element_type=\"section\" data-e-type=\"section\">\n\t\t\t\t\t\t<div class=\"elementor-container elementor-column-gap-default\">\n\t\t\t\t\t<div class=\"elementor-column elementor-col-100 elementor-top-column elementor-element elementor-element-8bbad8e\" data-id=\"8bbad8e\" data-element_type=\"column\" data-e-type=\"column\">\n\t\t\t<div class=\"elementor-widget-wrap elementor-element-populated\">\n\t\t\t\t\t\t<div class=\"elementor-element elementor-element-29afda9 elementor-widget elementor-widget-image\" data-id=\"29afda9\" data-element_type=\"widget\" data-e-type=\"widget\" data-widget_type=\"image.default\">\n\t\t\t\t<div class=\"elementor-widget-container\">\n\t\t\t\t\t\t\t\t\t\t\t\t\t\t\t<img decoding=\"async\" width=\"768\" height=\"438\" src=\"https:\/\/passhlondyn.eu\/wp-content\/uploads\/2021\/03\/2-768x438.png\" class=\"attachment-medium_large size-medium_large wp-image-3006\" alt=\"\" srcset=\"https:\/\/passhlondyn.eu\/wp-content\/uploads\/2021\/03\/2-768x438.png 768w, https:\/\/passhlondyn.eu\/wp-content\/uploads\/2021\/03\/2-300x171.png 300w, https:\/\/passhlondyn.eu\/wp-content\/uploads\/2021\/03\/2.png 1009w\" sizes=\"(max-width: 768px) 100vw, 768px\" \/>\t\t\t\t\t\t\t\t\t\t\t\t\t\t\t<\/div>\n\t\t\t\t<\/div>\n\t\t\t\t\t<\/div>\n\t\t<\/div>\n\t\t\t\t\t<\/div>\n\t\t<\/section>\n\t\t\t\t<section class=\"elementor-section elementor-top-section elementor-element elementor-element-5c22d21 elementor-section-boxed elementor-section-height-default elementor-section-height-default\" data-id=\"5c22d21\" data-element_type=\"section\" data-e-type=\"section\">\n\t\t\t\t\t\t<div class=\"elementor-container elementor-column-gap-default\">\n\t\t\t\t\t<div class=\"elementor-column elementor-col-100 elementor-top-column elementor-element elementor-element-ffda70a\" data-id=\"ffda70a\" data-element_type=\"column\" data-e-type=\"column\">\n\t\t\t<div class=\"elementor-widget-wrap elementor-element-populated\">\n\t\t\t\t\t\t<div class=\"elementor-element elementor-element-fbf93eb elementor-widget elementor-widget-text-editor\" data-id=\"fbf93eb\" data-element_type=\"widget\" data-e-type=\"widget\" data-widget_type=\"text-editor.default\">\n\t\t\t\t<div class=\"elementor-widget-container\">\n\t\t\t\t\t\t\t\t\t<p>Polonia mieszkaj\u0105ca poza granicami Polski bardzo cz\u0119sto szuka mo\u017cliwo\u015bci uko\u0144czenia polskiej szko\u0142y z polsk\u0105 matur\u0105 lub mo\u017cliwo\u015bci doko\u0144czenia wcze\u015bniej rozpocz\u0119tej nauki w Polsce. W\u0142a\u015bnie dla takich os\u00f3b szko\u0142a proponuje ofert\u0119 mo\u017cliwo\u015bci kontynuacji lub uko\u0144czenia polskiego liceum z uprawnieniami szko\u0142y publicznej mieszkaj\u0105c poza granicami Polski.<\/p><p>Oferta \u0142\u0105czy w sobie konsultacje zbiorowe z udzia\u0142em nauczyciela jaki konsultacje przy zastosowaniu nowoczesnych technik nauczania i uczenia si\u0119 na odleg\u0142o\u015b\u0107 \u2013 e-learning<\/p><p><strong>PROGRAM<\/strong><\/p><p>Program nauczania w Liceum opracowany zosta\u0142 na podstawie Podstawy Programowej dla Liceum Og\u00f3lnokszta\u0142c\u0105cego okre\u015blonej przez MEN.<\/p><p><strong>Przedmioty obowi\u0105zkowe: <\/strong>j\u0119zyk polski, j\u0119zyk obcy (angielski), matematyka, historia, geografia, biologia, fizyka, chemia, wiedza o spo\u0142ecze\u0144stwie, podstawy przedsi\u0119biorczo\u015bci, informatyka.<\/p><p>Podstaw\u0105 zaliczenia poszczeg\u00f3lnych przedmiot\u00f3w s\u0105 egzaminy przeprowadzane pod koniec semestru. W trakcie roku szkolnego uczniowie musz\u0105 tak\u017ce z\u0142o\u017cy\u0107 prace pisemne na tematy okre\u015blone przez nauczycieli. \u00a0<\/p><p>Nauka ko\u0144czy si\u0119 uzyskaniem \u015bwiadectwa potwierdzaj\u0105cego wykszta\u0142cenie \u015brednie, dla os\u00f3b ch\u0119tnych szko\u0142a przeprowadza\u00a0<strong>Pa\u0144stwowy Egzamin Maturalny<\/strong>\u00a0przeprowadzany w siedzibie Liceum w Lubichowie. Nasi s\u0142uchacze mog\u0105 uczy\u0107 si\u0119 w trybie zaocznym dzi\u0119ki czemu nie musz\u0105 rezygnowa\u0107 z pracy, mog\u0105 mieszka\u0107 za granic\u0105 a nauka nie koliduje z ich obowi\u0105zkami zawodowymi.<\/p><p><strong>Zaj\u0119cia edukacyjne <\/strong>odbywaj\u0105 si\u0119\u00a0dwa <strong>razy w miesi\u0105cu<\/strong>\u00a0 w weekendy przy pomocy platformy e-learningowej (samodzielna nauka przed komputerem).<\/p><p><strong>JAK B\u0118DZIE WYGL\u0104DA\u0141A NAUKA<\/strong><\/p><p><strong>Konsultacje zbiorowe,<\/strong>\u00a0czyli zaj\u0119cia odbywaj\u0105 si\u0119 z udzia\u0142em nauczyciela natomiast <strong>konsultacje indywidualne<\/strong> \u2013 s\u0142uchacz korzysta z platformy e-learningowej na kt\u00f3rej przygotowane s\u0105 przez nauczycieli pakiety materia\u0142u do samodzielnej nauki i przyswaja samodzielnie a nast\u0119pnie wykonuje zalecone \u0107wiczenia. Niezale\u017cnie od czasu obowi\u0105zkowych konsultacji s\u0142uchacz b\u0119dzie m\u00f3g\u0142 si\u0119 kontaktowa\u0107 z nauczycielem w dogodnym dla siebie czasie za po\u015brednictwem poczty elektronicznej (e-mail) lub platformy e-elearningowej w formie czatu. Ka\u017cdy ze s\u0142uchaczy b\u0119dzie posiada\u0142 swoje indywidualne konto.<\/p><p><strong>Podstawowymi formami dzia\u0142alno\u015bci szko\u0142y s\u0105:<\/strong><\/p><ol><li>Konsultacje indywidualne proporcjonalnie, przedmiotowo jednak w wymiarze nie wi\u0119kszym ni\u017c 20% og\u00f3lnej liczby godzin zaj\u0119\u0107 w semestrze;<\/li><li>Konferencje instrukta\u017cowe, nie mniej ni\u017c 2 w semestrze, pierwsza na pocz\u0105tku semestru, druga przed sesj\u0105 egzaminacyjn\u0105<\/li><\/ol><ol start=\"3\"><li>Do pracy w\u0142asnej jako dodatkowe wspomaganie poza zaj\u0119ciami zaocznymi wprowadza si\u0119 dla s\u0142uchaczy mo\u017cliwo\u015b\u0107 korzystania z platformy edukacyjnej i konsultacji przez Skype.<\/li><li>Uko\u0144czenie szko\u0142y nast\u0119puje po zdaniu egzamin\u00f3w z wszystkich przedmiot\u00f3w obj\u0119tych szkolnym planem nauczania.<\/li><li>Po uko\u0144czeniu szko\u0142y, s\u0142uchacz ma prawo przyst\u0105pi\u0107 do egzaminu maturalnego.<\/li><\/ol><p><strong>S\u0142uchacze<\/strong><\/p><p>O przyj\u0119cie do pierwszej klasy, mog\u0105 ubiega\u0107 si\u0119 absolwenci gimnazjum, absolwenci o\u015bmioletniej szko\u0142y podstawowej i zasadniczej szko\u0142y zawodowej.<\/p><p>Warunkiem wpisania na list\u0119 s\u0142uchaczy Szko\u0142y jest z\u0142o\u017cenie odpowiednich dokument\u00f3w: orygina\u0142u lub odpisu uko\u0144czenia gimnazjum lub o\u015bmioletniej szko\u0142y podstawowej, b\u0105d\u017a zasadniczej szko\u0142y zawodowej, kwestionariusz osobowy, podanie, trzy zdj\u0119cia.<\/p><p><strong>Ocenianie<\/strong><\/p><ol><li>Ocenianie osi\u0105gni\u0119\u0107 edukacyjnych s\u0142uchacza polega na rozpoznawaniu przez nauczycieli poziomu i post\u0119p\u00f3w w opanowaniu przez s\u0142uchacza wiadomo\u015bci i umiej\u0119tno\u015bci w stosunku do wymaga\u0144 edukacyjnych wynikaj\u0105cych z podstawy programowej i realizowanych program\u00f3w nauczania uwzgl\u0119dniaj\u0105cych t\u0119 podstaw\u0119 i odbywa si\u0119 w ramach przedmiotowego systemu oceniania.<\/li><li>Nauczyciele na pocz\u0105tku ka\u017cdego semestru opracowuj\u0105 i informuj\u0105 s\u0142uchaczy o wymaganiach edukacyjnych wynikaj\u0105cych z realizowanego przez siebie programu nauczania oraz o sposobach sprawdzania osi\u0105gni\u0119\u0107 edukacyjnych s\u0142uchaczy oraz trybie poprawiania ocen.<\/li><li>Oceny s\u0105 jawne. Na pro\u015bb\u0119 s\u0142uchacza nauczyciel uzasadnia ustnie ocen\u0119 i udost\u0119pnia do wgl\u0105du sprawdzone i ocenione prace.<\/li><li>Oceniane s\u0105:<\/li><\/ol><ul><li>prace kontrolne, \u0107wiczenia<\/li><li>egzaminy pisemne i ustne.<\/li><\/ul><p><strong>Egzaminy semestralne:<\/strong><\/p><ol><li>S\u0142uchacz, kt\u00f3ry z przyczyn usprawiedliwionych nie przyst\u0105pi\u0142 do egzamin\u00f3w semestralnych w wyznaczonym terminie, zdaje egzamin w terminie dodatkowym, wyznaczonym przez dyrektora szko\u0142y.<\/li><li>Terminy dodatkowe wyznacza si\u0119 po zako\u0144czeniu semestru jesiennego \u2013 najp\u00f3\u017aniej do ko\u0144ca lutego lub po zako\u0144czeniu semestru wiosennego odpowiednio nie p\u00f3\u017aniej ni\u017c do dnia 31 sierpnia.<\/li><li>Egzamin semestralny z j\u0119zyka polskiego, j\u0119zyka obcego i matematyki sk\u0142ada si\u0119 z cz\u0119\u015bci pisemnej i ustnej. Z pozosta\u0142ych przedmiot\u00f3w egzaminy semestralne zdaje si\u0119 ustnie.<\/li><li>Termin egzamin\u00f3w semestralnych, w uzgodnieniu z dyrektorem szko\u0142y, podaje do wiadomo\u015bci s\u0142uchacza nauczyciel na miesi\u0105c przed egzaminem.<\/li><li>Egzaminy semestralne przeprowadzane s\u0105 w siedzibie szko\u0142y w uzasadnionych przypadkach przez komunikatora Skype.<\/li><li>Egzamin ustny sk\u0142ada si\u0119 z trzech pyta\u0144 zawartych na kartce egzaminacyjnej, kt\u00f3r\u0105 s\u0142uchacz otrzymuje w wyniku losowania.<\/li><\/ol><p><strong>Matura:<\/strong><\/p><p>Przyst\u0105pienie do egzaminu maturalnego jest dobrowolne.\u00a0 Ka\u017cdy S\u0142uchacz sam decyduje czy chce zako\u0144czy\u0107 nauk\u0119 na uko\u0144czeniu szko\u0142y \u015bredniej, czy uzyska\u0107 egzamin dojrza\u0142o\u015bci. Absolwent przyst\u0119puj\u0105cy do egzaminu maturalnego zdaje nast\u0119puj\u0105ce przedmioty: <strong><u>Przedmioty obowi\u0105zkowe na poziomie podstawowy:<\/u><\/strong><\/p><ul><li><strong>J\u0119zyk polski (cz\u0119\u015b\u0107 pisemna i ustna)<\/strong><strong>\u00a0\u00a0<\/strong><\/li><li><strong>J\u0119zyk obcy nowo\u017cytny (cz\u0119\u015b\u0107 pisemna i ustna )<\/strong><\/li><li><strong>Matematyka (cz\u0119\u015b\u0107 pisemna)<\/strong><\/li><\/ul><p>Oraz\u00a0\u00a0<strong><u>co najmniej jeden przedmiot na poziomie rozszerzonym.\u00a0<\/u><\/strong>Wyboru mo\u017ce dokona\u0107 spo\u015br\u00f3d przedmiot\u00f3w: biologia, chemia, filozofia, fizyka, geografia, historia, historia muzyki, historia sztuki, informatyka, j\u0119zyk \u0142aci\u0144ski i kultura antyczna, j\u0119zyk mniejszo\u015bci etnicznej, j\u0119zyk mniejszo\u015bci narodowej, j\u0119zyk obcy nowo\u017cytny, j\u0119zyk polski, j\u0119zyk regionalny, matematyka, wiedza o spo\u0142ecze\u0144stwie. <strong>Przedmioty dodatkowe (poziom rozszerzony)<\/strong><br \/>Absolwent mo\u017ce przyst\u0105pi\u0107 do egzaminu z\u00a0<strong><u>nie wi\u0119cej ni\u017c pi\u0119ciu<\/u><\/strong>\u00a0kolejnych przedmiot\u00f3w opr\u00f3cz obowi\u0105zkowego przedmiotu dodatkowego. Wyb\u00f3r przedmiotu nie jest zale\u017cny od typu szko\u0142y, do kt\u00f3rej absolwent ucz\u0119szcza\u0142, ani od przedmiot\u00f3w, kt\u00f3rych uczy\u0142 si\u0119 w zakresie rozszerzonym w tej szkole.<\/p><p><strong><u>Warunki zdania egzaminu maturalnego<\/u><\/strong><\/p><p>Aby zda\u0107<strong>\u00a0<\/strong>egzamin maturalny, absolwent musi:<\/p><ul><li>otrzyma\u0107 co najmniej 30% punkt\u00f3w mo\u017cliwych do uzyskania z egzaminu z ka\u017cdego przedmiotu obowi\u0105zkowego w cz\u0119\u015bci ustnej i w cz\u0119\u015bci pisemnej,<\/li><li>przyst\u0105pi\u0107 do egzaminu z jednego przedmiotu dodatkowego w cz\u0119\u015bci pisemnej.<\/li><\/ul><p><strong>Egzamin maturalny jest dodatkowo p\u0142atny<\/strong><\/p><p><strong>OP\u0141ATY:<\/strong><\/p><p>Przez ca\u0142y czas trwania nauka w szkole jest bezp\u0142atna. W procesie rekrutacji nale\u017cy ui\u015bci\u0107 jednorazowo op\u0142at\u0119 40 GBP oraz 70 PLN.\u00a0<\/p><p>ZAPRASZAMY DO KONTAKTU:<\/p><p><strong>rektorat@passhlondyn.eu<\/strong><\/p>\t\t\t\t\t\t\t\t<\/div>\n\t\t\t\t<\/div>\n\t\t\t\t\t<\/div>\n\t\t<\/div>\n\t\t\t\t\t<\/div>\n\t\t<\/section>\n\t\t\t\t<\/div>\n\t\t","protected":false},"excerpt":{"rendered":"<p>IDEALNA PROPOZYCJA DLA OS\u00d3B MIESZKAJ\u0104CYCH ZA GRANIC\u0104, KT\u00d3RE CHC\u0104 UKO\u0143CZY\u0106 LICEUM W POLSCE Podpisali\u015bmy kolejn\u0105 umow\u0119 o wsp\u00f3\u0142pracy z polsk\u0105 instytucj\u0105. Tym razem z Zaocznym Liceum dla Doros\u0142ych w Lubichowie &#8230;<\/p>\n","protected":false},"author":1,"featured_media":0,"parent":0,"menu_order":0,"comment_status":"closed","ping_status":"closed","template":"","meta":{"footnotes":""},"class_list":["post-2975","page","type-page","status-publish","hentry"],"yoast_head":"<!-- This site is optimized with the Yoast SEO plugin v27.5 - https:\/\/yoast.com\/product\/yoast-seo-wordpress\/ -->\n<title>Liceum Og\u00f3lnokszta\u0142c\u0105ce dla Doros\u0142ych - Polish Academy of Social Sciences and Humanities<\/title>\n<meta name=\"robots\" content=\"index, follow, max-snippet:-1, max-image-preview:large, max-video-preview:-1\" \/>\n<link rel=\"canonical\" href=\"https:\/\/passhlondyn.eu\/?page_id=2975\" \/>\n<meta property=\"og:locale\" content=\"pl_PL\" \/>\n<meta property=\"og:type\" content=\"article\" \/>\n<meta property=\"og:title\" content=\"Liceum Og\u00f3lnokszta\u0142c\u0105ce dla Doros\u0142ych - Polish Academy of Social Sciences and Humanities\" \/>\n<meta property=\"og:description\" content=\"IDEALNA PROPOZYCJA DLA OS\u00d3B MIESZKAJ\u0104CYCH ZA GRANIC\u0104, KT\u00d3RE CHC\u0104 UKO\u0143CZY\u0106 LICEUM W POLSCE Podpisali\u015bmy kolejn\u0105 umow\u0119 o wsp\u00f3\u0142pracy z polsk\u0105 instytucj\u0105. Tym razem z Zaocznym Liceum dla Doros\u0142ych w Lubichowie ...\" \/>\n<meta property=\"og:url\" content=\"https:\/\/passhlondyn.eu\/?page_id=2975\" \/>\n<meta property=\"og:site_name\" content=\"Polish Academy of Social Sciences and Humanities\" \/>\n<meta property=\"article:modified_time\" content=\"2021-03-18T17:31:12+00:00\" \/>\n<meta property=\"og:image\" content=\"https:\/\/passhlondyn.eu\/wp-content\/uploads\/2021\/03\/1-1-768x615.png\" \/>\n<meta name=\"twitter:card\" content=\"summary_large_image\" \/>\n<meta name=\"twitter:label1\" content=\"Szacowany czas czytania\" \/>\n\t<meta name=\"twitter:data1\" content=\"6 minut\" \/>\n<script type=\"application\/ld+json\" class=\"yoast-schema-graph\">{\"@context\":\"https:\\\/\\\/schema.org\",\"@graph\":[{\"@type\":\"WebPage\",\"@id\":\"https:\\\/\\\/passhlondyn.eu\\\/?page_id=2975\",\"url\":\"https:\\\/\\\/passhlondyn.eu\\\/?page_id=2975\",\"name\":\"Liceum Og\u00f3lnokszta\u0142c\u0105ce dla Doros\u0142ych - Polish Academy of Social Sciences and Humanities\",\"isPartOf\":{\"@id\":\"https:\\\/\\\/passhlondyn.eu\\\/#website\"},\"primaryImageOfPage\":{\"@id\":\"https:\\\/\\\/passhlondyn.eu\\\/?page_id=2975#primaryimage\"},\"image\":{\"@id\":\"https:\\\/\\\/passhlondyn.eu\\\/?page_id=2975#primaryimage\"},\"thumbnailUrl\":\"https:\\\/\\\/passhlondyn.eu\\\/wp-content\\\/uploads\\\/2021\\\/03\\\/1-1-768x615.png\",\"datePublished\":\"2021-03-17T18:37:48+00:00\",\"dateModified\":\"2021-03-18T17:31:12+00:00\",\"breadcrumb\":{\"@id\":\"https:\\\/\\\/passhlondyn.eu\\\/?page_id=2975#breadcrumb\"},\"inLanguage\":\"pl-PL\",\"potentialAction\":[{\"@type\":\"ReadAction\",\"target\":[\"https:\\\/\\\/passhlondyn.eu\\\/?page_id=2975\"]}]},{\"@type\":\"ImageObject\",\"inLanguage\":\"pl-PL\",\"@id\":\"https:\\\/\\\/passhlondyn.eu\\\/?page_id=2975#primaryimage\",\"url\":\"https:\\\/\\\/passhlondyn.eu\\\/wp-content\\\/uploads\\\/2021\\\/03\\\/1-1.png\",\"contentUrl\":\"https:\\\/\\\/passhlondyn.eu\\\/wp-content\\\/uploads\\\/2021\\\/03\\\/1-1.png\",\"width\":1047,\"height\":839},{\"@type\":\"BreadcrumbList\",\"@id\":\"https:\\\/\\\/passhlondyn.eu\\\/?page_id=2975#breadcrumb\",\"itemListElement\":[{\"@type\":\"ListItem\",\"position\":1,\"name\":\"Home\",\"item\":\"https:\\\/\\\/passhlondyn.eu\\\/\"},{\"@type\":\"ListItem\",\"position\":2,\"name\":\"Liceum Og\u00f3lnokszta\u0142c\u0105ce dla Doros\u0142ych\"}]},{\"@type\":\"WebSite\",\"@id\":\"https:\\\/\\\/passhlondyn.eu\\\/#website\",\"url\":\"https:\\\/\\\/passhlondyn.eu\\\/\",\"name\":\"Polish Academy of Social Sciences and Humanities\",\"description\":\"\",\"publisher\":{\"@id\":\"https:\\\/\\\/passhlondyn.eu\\\/#organization\"},\"potentialAction\":[{\"@type\":\"SearchAction\",\"target\":{\"@type\":\"EntryPoint\",\"urlTemplate\":\"https:\\\/\\\/passhlondyn.eu\\\/?s={search_term_string}\"},\"query-input\":{\"@type\":\"PropertyValueSpecification\",\"valueRequired\":true,\"valueName\":\"search_term_string\"}}],\"inLanguage\":\"pl-PL\"},{\"@type\":\"Organization\",\"@id\":\"https:\\\/\\\/passhlondyn.eu\\\/#organization\",\"name\":\"Polish Academy of Social Sciences and Humanities\",\"url\":\"https:\\\/\\\/passhlondyn.eu\\\/\",\"logo\":{\"@type\":\"ImageObject\",\"inLanguage\":\"pl-PL\",\"@id\":\"https:\\\/\\\/passhlondyn.eu\\\/#\\\/schema\\\/logo\\\/image\\\/\",\"url\":\"https:\\\/\\\/passhlondyn.eu\\\/wp-content\\\/uploads\\\/2021\\\/10\\\/cropped-Projekt-bez-tytulu-8.png\",\"contentUrl\":\"https:\\\/\\\/passhlondyn.eu\\\/wp-content\\\/uploads\\\/2021\\\/10\\\/cropped-Projekt-bez-tytulu-8.png\",\"width\":6911,\"height\":1557,\"caption\":\"Polish Academy of Social Sciences and Humanities\"},\"image\":{\"@id\":\"https:\\\/\\\/passhlondyn.eu\\\/#\\\/schema\\\/logo\\\/image\\\/\"}}]}<\/script>\n<!-- \/ Yoast SEO plugin. -->","yoast_head_json":{"title":"Liceum Og\u00f3lnokszta\u0142c\u0105ce dla Doros\u0142ych - Polish Academy of Social Sciences and Humanities","robots":{"index":"index","follow":"follow","max-snippet":"max-snippet:-1","max-image-preview":"max-image-preview:large","max-video-preview":"max-video-preview:-1"},"canonical":"https:\/\/passhlondyn.eu\/?page_id=2975","og_locale":"pl_PL","og_type":"article","og_title":"Liceum Og\u00f3lnokszta\u0142c\u0105ce dla Doros\u0142ych - Polish Academy of Social Sciences and Humanities","og_description":"IDEALNA PROPOZYCJA DLA OS\u00d3B MIESZKAJ\u0104CYCH ZA GRANIC\u0104, KT\u00d3RE CHC\u0104 UKO\u0143CZY\u0106 LICEUM W POLSCE Podpisali\u015bmy kolejn\u0105 umow\u0119 o wsp\u00f3\u0142pracy z polsk\u0105 instytucj\u0105. Tym razem z Zaocznym Liceum dla Doros\u0142ych w Lubichowie ...","og_url":"https:\/\/passhlondyn.eu\/?page_id=2975","og_site_name":"Polish Academy of Social Sciences and Humanities","article_modified_time":"2021-03-18T17:31:12+00:00","og_image":[{"url":"https:\/\/passhlondyn.eu\/wp-content\/uploads\/2021\/03\/1-1-768x615.png","type":"","width":"","height":""}],"twitter_card":"summary_large_image","twitter_misc":{"Szacowany czas czytania":"6 minut"},"schema":{"@context":"https:\/\/schema.org","@graph":[{"@type":"WebPage","@id":"https:\/\/passhlondyn.eu\/?page_id=2975","url":"https:\/\/passhlondyn.eu\/?page_id=2975","name":"Liceum Og\u00f3lnokszta\u0142c\u0105ce dla Doros\u0142ych - Polish Academy of Social Sciences and Humanities","isPartOf":{"@id":"https:\/\/passhlondyn.eu\/#website"},"primaryImageOfPage":{"@id":"https:\/\/passhlondyn.eu\/?page_id=2975#primaryimage"},"image":{"@id":"https:\/\/passhlondyn.eu\/?page_id=2975#primaryimage"},"thumbnailUrl":"https:\/\/passhlondyn.eu\/wp-content\/uploads\/2021\/03\/1-1-768x615.png","datePublished":"2021-03-17T18:37:48+00:00","dateModified":"2021-03-18T17:31:12+00:00","breadcrumb":{"@id":"https:\/\/passhlondyn.eu\/?page_id=2975#breadcrumb"},"inLanguage":"pl-PL","potentialAction":[{"@type":"ReadAction","target":["https:\/\/passhlondyn.eu\/?page_id=2975"]}]},{"@type":"ImageObject","inLanguage":"pl-PL","@id":"https:\/\/passhlondyn.eu\/?page_id=2975#primaryimage","url":"https:\/\/passhlondyn.eu\/wp-content\/uploads\/2021\/03\/1-1.png","contentUrl":"https:\/\/passhlondyn.eu\/wp-content\/uploads\/2021\/03\/1-1.png","width":1047,"height":839},{"@type":"BreadcrumbList","@id":"https:\/\/passhlondyn.eu\/?page_id=2975#breadcrumb","itemListElement":[{"@type":"ListItem","position":1,"name":"Home","item":"https:\/\/passhlondyn.eu\/"},{"@type":"ListItem","position":2,"name":"Liceum Og\u00f3lnokszta\u0142c\u0105ce dla Doros\u0142ych"}]},{"@type":"WebSite","@id":"https:\/\/passhlondyn.eu\/#website","url":"https:\/\/passhlondyn.eu\/","name":"Polish Academy of Social Sciences and Humanities","description":"","publisher":{"@id":"https:\/\/passhlondyn.eu\/#organization"},"potentialAction":[{"@type":"SearchAction","target":{"@type":"EntryPoint","urlTemplate":"https:\/\/passhlondyn.eu\/?s={search_term_string}"},"query-input":{"@type":"PropertyValueSpecification","valueRequired":true,"valueName":"search_term_string"}}],"inLanguage":"pl-PL"},{"@type":"Organization","@id":"https:\/\/passhlondyn.eu\/#organization","name":"Polish Academy of Social Sciences and Humanities","url":"https:\/\/passhlondyn.eu\/","logo":{"@type":"ImageObject","inLanguage":"pl-PL","@id":"https:\/\/passhlondyn.eu\/#\/schema\/logo\/image\/","url":"https:\/\/passhlondyn.eu\/wp-content\/uploads\/2021\/10\/cropped-Projekt-bez-tytulu-8.png","contentUrl":"https:\/\/passhlondyn.eu\/wp-content\/uploads\/2021\/10\/cropped-Projekt-bez-tytulu-8.png","width":6911,"height":1557,"caption":"Polish Academy of Social Sciences and Humanities"},"image":{"@id":"https:\/\/passhlondyn.eu\/#\/schema\/logo\/image\/"}}]}},"_links":{"self":[{"href":"https:\/\/passhlondyn.eu\/index.php?rest_route=\/wp\/v2\/pages\/2975","targetHints":{"allow":["GET"]}}],"collection":[{"href":"https:\/\/passhlondyn.eu\/index.php?rest_route=\/wp\/v2\/pages"}],"about":[{"href":"https:\/\/passhlondyn.eu\/index.php?rest_route=\/wp\/v2\/types\/page"}],"author":[{"embeddable":true,"href":"https:\/\/passhlondyn.eu\/index.php?rest_route=\/wp\/v2\/users\/1"}],"replies":[{"embeddable":true,"href":"https:\/\/passhlondyn.eu\/index.php?rest_route=%2Fwp%2Fv2%2Fcomments&post=2975"}],"version-history":[{"count":37,"href":"https:\/\/passhlondyn.eu\/index.php?rest_route=\/wp\/v2\/pages\/2975\/revisions"}],"predecessor-version":[{"id":3035,"href":"https:\/\/passhlondyn.eu\/index.php?rest_route=\/wp\/v2\/pages\/2975\/revisions\/3035"}],"wp:attachment":[{"href":"https:\/\/passhlondyn.eu\/index.php?rest_route=%2Fwp%2Fv2%2Fmedia&parent=2975"}],"curies":[{"name":"wp","href":"https:\/\/api.w.org\/{rel}","templated":true}]}}