{"id":471,"date":"2020-04-13T21:50:28","date_gmt":"2020-04-13T19:50:28","guid":{"rendered":"https:\/\/passhlondyn.eu\/?page_id=471"},"modified":"2025-10-01T11:22:45","modified_gmt":"2025-10-01T09:22:45","slug":"o-nas","status":"publish","type":"page","link":"https:\/\/passhlondyn.eu\/?page_id=471","title":{"rendered":"O nas"},"content":{"rendered":"\t\t<div data-elementor-type=\"wp-page\" data-elementor-id=\"471\" class=\"elementor elementor-471\" data-elementor-post-type=\"page\">\n\t\t\t\t\t\t<section class=\"elementor-section elementor-top-section elementor-element elementor-element-5974b22 elementor-section-boxed elementor-section-height-default elementor-section-height-default\" data-id=\"5974b22\" data-element_type=\"section\" data-e-type=\"section\">\n\t\t\t\t\t\t<div class=\"elementor-container elementor-column-gap-default\">\n\t\t\t\t\t<div class=\"elementor-column elementor-col-100 elementor-top-column elementor-element elementor-element-f61a5e8\" data-id=\"f61a5e8\" data-element_type=\"column\" data-e-type=\"column\">\n\t\t\t<div class=\"elementor-widget-wrap elementor-element-populated\">\n\t\t\t\t\t\t<div class=\"elementor-element elementor-element-a432401 elementor-widget elementor-widget-text-editor\" data-id=\"a432401\" data-element_type=\"widget\" data-e-type=\"widget\" data-widget_type=\"text-editor.default\">\n\t\t\t\t<div class=\"elementor-widget-container\">\n\t\t\t\t\t\t\t\t\t<p><strong>European Union PIC E10252368<\/strong><\/p><p>Polska Akademia Nauk Spo\u0142ecznych i Humanistycznych za cel swojej dzia\u0142alno\u015bci naukowo-dydaktycznej uznaje rozw\u00f3j i poszerzanie wiedzy z r\u00f3\u017cnych dyscyplin naukowych poprzez realizacj\u0119 mi\u0119dzynarodowych bada\u0144, udost\u0119pnianie i upowszechnianie wiedzy na mi\u0119dzynarodowych konferencjach naukowych, nauczanie akademickie student\u00f3w zar\u00f3wno tych mieszkaj\u0105cych w Polsce, jak i poza jej granicami, nauczanie doktorant\u00f3w i s\u0142uchaczy, prowadzenie dzia\u0142alno\u015bci popularyzuj\u0105cej wiedz\u0119, wsp\u00f3\u0142prac\u0119 mi\u0119dzynarodow\u0105 z o\u015brodkami naukowymi krajowymi i zagranicznymi. Fakt, i\u017c jeste\u015bmy polskim o\u015brodkiem naukowo-dydaktycznym w Londynie stanowi o naszej unikatowo\u015bci. Lokalizacja uczelni daje ogromne mo\u017cliwo\u015bci rozwoju bada\u0144 nad polsk\u0105 emigracj\u0105 w Wielkiej Brytanii, dlatego te\u017c kadra naukowa PASSH za jeden z wielu cel\u00f3w uznaje rozw\u00f3j wiedzy dotycz\u0105cej wielokulturowo\u015bci i to\u017csamo\u015bci kulturowej r\u00f3\u017cnych grup etnicznych, w tym r\u00f3wnie\u017c Polak\u00f3w zamieszkuj\u0105cych na obczy\u017anie. W wyniku swojego po\u0142o\u017cenia oraz naszych zainteresowa\u0144 mamy szerokie kontakty z Poloni\u0105 z ca\u0142ego \u015bwiata. Londyn jest, te\u017c idealnym miejscem gdzie mo\u017cemy obserwowa\u0107, bada\u0107 i analizowa\u0107 zmiany zachodz\u0105ce w j\u0119zyku ojczystym.<\/p><p><em>\u201eJeste\u015bmy dla Polonii i o Polonii\u201d<\/em><\/p><p>Celem dzia\u0142alno\u015bci Instytut\u00f3w funkcjonuj\u0105cych w strukturach Polskiej Akademii Nauk Spo\u0142ecznych i Humanistycznych w Londynie jest przede wszystkim:<\/p><ul><li>organizacja konferencji naukowych,<\/li><li>udzia\u0142 w konferencjach mi\u0119dzynarodowych,<\/li><li>prowadzenie i publikacja multidyscyplinarnych bada\u0144 naukowych (r\u00f3wnie\u017c w ramach programu Erasmus +),<\/li><li>wsp\u00f3\u0142praca z o\u015brodkami akademickimi w Polsce w celu realizacji studi\u00f3w I i II stopnia oraz studi\u00f3w podyplomowych,<\/li><li>prowadzenie seminarium doktoranckiego,<\/li><li>promowanie polskiej nauki, kultury i j\u0119zyka polskiego na \u015bwiecie.<\/li><\/ul>\t\t\t\t\t\t\t\t<\/div>\n\t\t\t\t<\/div>\n\t\t\t\t\t<\/div>\n\t\t<\/div>\n\t\t\t\t\t<\/div>\n\t\t<\/section>\n\t\t\t\t<section class=\"elementor-section elementor-top-section elementor-element elementor-element-0131ef6 elementor-section-boxed elementor-section-height-default elementor-section-height-default\" data-id=\"0131ef6\" data-element_type=\"section\" data-e-type=\"section\">\n\t\t\t\t\t\t<div class=\"elementor-container elementor-column-gap-default\">\n\t\t\t\t\t<div class=\"elementor-column elementor-col-100 elementor-top-column elementor-element elementor-element-8859789\" data-id=\"8859789\" data-element_type=\"column\" data-e-type=\"column\">\n\t\t\t<div class=\"elementor-widget-wrap elementor-element-populated\">\n\t\t\t\t\t\t<div class=\"elementor-element elementor-element-3b2b236 elementor-widget elementor-widget-heading\" data-id=\"3b2b236\" data-element_type=\"widget\" data-e-type=\"widget\" data-widget_type=\"heading.default\">\n\t\t\t\t<div class=\"elementor-widget-container\">\n\t\t\t\t\t<h2 class=\"elementor-heading-title elementor-size-medium\">Struktura Polskiej Akademii Nauk Spo\u0142ecznych i Humanistycznych<\/h2>\t\t\t\t<\/div>\n\t\t\t\t<\/div>\n\t\t\t\t\t<\/div>\n\t\t<\/div>\n\t\t\t\t\t<\/div>\n\t\t<\/section>\n\t\t\t\t<section class=\"elementor-section elementor-top-section elementor-element elementor-element-507cc78 elementor-section-boxed elementor-section-height-default elementor-section-height-default\" data-id=\"507cc78\" data-element_type=\"section\" data-e-type=\"section\">\n\t\t\t\t\t\t<div class=\"elementor-container elementor-column-gap-default\">\n\t\t\t\t\t<div class=\"elementor-column elementor-col-100 elementor-top-column elementor-element elementor-element-18fc8ad\" data-id=\"18fc8ad\" data-element_type=\"column\" data-e-type=\"column\">\n\t\t\t<div class=\"elementor-widget-wrap elementor-element-populated\">\n\t\t\t\t\t\t<div class=\"elementor-element elementor-element-f4c5837 elementor-widget elementor-widget-text-editor\" data-id=\"f4c5837\" data-element_type=\"widget\" data-e-type=\"widget\" data-widget_type=\"text-editor.default\">\n\t\t\t\t<div class=\"elementor-widget-container\">\n\t\t\t\t\t\t\t\t\t<p>Rektor<strong> PASSH &#8211; dr Aleksandra J\u0119dryszek<\/strong><\/p><p><img decoding=\"async\" class=\"alignnone size-medium wp-image-4238\" src=\"https:\/\/passhlondyn.eu\/wp-content\/uploads\/2021\/10\/INSTYTUT-NAUK-HUMANISTYCZNYCH-2-300x150.png\" alt=\"\" width=\"300\" height=\"150\" srcset=\"https:\/\/passhlondyn.eu\/wp-content\/uploads\/2021\/10\/INSTYTUT-NAUK-HUMANISTYCZNYCH-2-300x150.png 300w, https:\/\/passhlondyn.eu\/wp-content\/uploads\/2021\/10\/INSTYTUT-NAUK-HUMANISTYCZNYCH-2-1024x512.png 1024w, https:\/\/passhlondyn.eu\/wp-content\/uploads\/2021\/10\/INSTYTUT-NAUK-HUMANISTYCZNYCH-2-768x384.png 768w, https:\/\/passhlondyn.eu\/wp-content\/uploads\/2021\/10\/INSTYTUT-NAUK-HUMANISTYCZNYCH-2-1536x768.png 1536w, https:\/\/passhlondyn.eu\/wp-content\/uploads\/2021\/10\/INSTYTUT-NAUK-HUMANISTYCZNYCH-2-2048x1024.png 2048w\" sizes=\"(max-width: 300px) 100vw, 300px\" \/><\/p><p><strong>Instytut Nauk Spo\u0142ecznych &#8211;\u00a0<\/strong>Dyrektor Instytutu &#8211; dr Marcin Bart\u0142omiej Jurczyk<\/p><p><strong>Cz\u0142onkowie Instytutu:<\/strong><\/p><p>dr Wojciech Drze\u017cd\u017con, prof. PASSH<\/p><p>dr Aleksandra J\u0119dryszek<\/p><p>dr Izabela Nowaczyk<\/p><p>dr Ewa Wojtowicz<\/p><p>mgr Ma\u0142gorzata Burba<\/p><p>mgr Miros\u0142awa Lipka<\/p><p>mgr Mariusz Rutczy\u0144ski<\/p><p>mgr Miros\u0142aw Szcze\u015bniak<\/p><p><strong>\u00a0<\/strong><\/p><p><img decoding=\"async\" class=\"alignnone size-medium wp-image-4239\" src=\"https:\/\/passhlondyn.eu\/wp-content\/uploads\/2021\/10\/INH-1-300x150.png\" alt=\"\" width=\"300\" height=\"150\" srcset=\"https:\/\/passhlondyn.eu\/wp-content\/uploads\/2021\/10\/INH-1-300x150.png 300w, https:\/\/passhlondyn.eu\/wp-content\/uploads\/2021\/10\/INH-1-1024x512.png 1024w, https:\/\/passhlondyn.eu\/wp-content\/uploads\/2021\/10\/INH-1-768x384.png 768w, https:\/\/passhlondyn.eu\/wp-content\/uploads\/2021\/10\/INH-1-1536x768.png 1536w, https:\/\/passhlondyn.eu\/wp-content\/uploads\/2021\/10\/INH-1-2048x1024.png 2048w\" sizes=\"(max-width: 300px) 100vw, 300px\" \/><\/p><p><strong>Instytut Nauk Humanistycznych\u00a0<\/strong>&#8211; Dyrektor Instytutu dr Rafa\u0142 Ma\u0107kowiak<\/p><p><strong>Cz\u0142onkowie Instytutu:<\/strong><\/p><p>prof. Aneta Lewi\u0144ska<\/p><p>dr Rafa\u0142 Ma\u0107kowiak<\/p><p>dr Klaudia Mucha-Iwaniczko<\/p><p>mgr Janusz Bomanowski<\/p><p>mgr Piotr Kosla<\/p><p>mgr Gra\u017cyna Kowalczyk &#8211; Boro\u0144czyk<\/p><p>mgr Sylwester Kurowski<\/p><p>mgr J\u00f3zef Legireski<\/p><p>mgr Joanna Olkuska<\/p>\t\t\t\t\t\t\t\t<\/div>\n\t\t\t\t<\/div>\n\t\t\t\t\t<\/div>\n\t\t<\/div>\n\t\t\t\t\t<\/div>\n\t\t<\/section>\n\t\t\t\t<section class=\"elementor-section elementor-top-section elementor-element elementor-element-60aa4ec elementor-section-boxed elementor-section-height-default elementor-section-height-default\" data-id=\"60aa4ec\" data-element_type=\"section\" data-e-type=\"section\">\n\t\t\t\t\t\t<div class=\"elementor-container elementor-column-gap-default\">\n\t\t\t\t\t<div class=\"elementor-column elementor-col-100 elementor-top-column elementor-element elementor-element-2531719\" data-id=\"2531719\" data-element_type=\"column\" data-e-type=\"column\">\n\t\t\t<div class=\"elementor-widget-wrap elementor-element-populated\">\n\t\t\t\t\t\t<div class=\"elementor-element elementor-element-8281b8e elementor-widget elementor-widget-text-editor\" data-id=\"8281b8e\" data-element_type=\"widget\" data-e-type=\"widget\" data-widget_type=\"text-editor.default\">\n\t\t\t\t<div class=\"elementor-widget-container\">\n\t\t\t\t\t\t\t\t\t<p><strong>Informatyka<\/strong> &#8211; mgr Mateusz Geisler<\/p><p><strong>Menad\u017cer Projektu<\/strong> &#8211; lic. Mateusz Szcze\u015bniak<\/p>\t\t\t\t\t\t\t\t<\/div>\n\t\t\t\t<\/div>\n\t\t\t\t\t<\/div>\n\t\t<\/div>\n\t\t\t\t\t<\/div>\n\t\t<\/section>\n\t\t\t\t<section class=\"elementor-section elementor-top-section elementor-element elementor-element-cab30d7 elementor-section-boxed elementor-section-height-default elementor-section-height-default\" data-id=\"cab30d7\" data-element_type=\"section\" data-e-type=\"section\">\n\t\t\t\t\t\t<div class=\"elementor-container elementor-column-gap-default\">\n\t\t\t\t\t<div class=\"elementor-column elementor-col-100 elementor-top-column elementor-element elementor-element-228ba3d\" data-id=\"228ba3d\" data-element_type=\"column\" data-e-type=\"column\">\n\t\t\t<div class=\"elementor-widget-wrap elementor-element-populated\">\n\t\t\t\t\t\t<div class=\"elementor-element elementor-element-5595517 elementor-widget elementor-widget-text-editor\" data-id=\"5595517\" data-element_type=\"widget\" data-e-type=\"widget\" data-widget_type=\"text-editor.default\">\n\t\t\t\t<div class=\"elementor-widget-container\">\n\t\t\t\t\t\t\t\t\t<p><strong>Statut Polskiej Akademii Nauk Spo\u0142ecznych i Humanistycznych<\/strong><\/p><p><a href=\"https:\/\/passhlondyn.eu\/wp-content\/uploads\/2020\/04\/Statut-1.pdf\">Statut<\/a><\/p>\t\t\t\t\t\t\t\t<\/div>\n\t\t\t\t<\/div>\n\t\t\t\t\t<\/div>\n\t\t<\/div>\n\t\t\t\t\t<\/div>\n\t\t<\/section>\n\t\t\t\t<\/div>\n\t\t","protected":false},"excerpt":{"rendered":"<p>European Union PIC E10252368 Polska Akademia Nauk Spo\u0142ecznych i Humanistycznych za cel swojej dzia\u0142alno\u015bci naukowo-dydaktycznej uznaje rozw\u00f3j i poszerzanie wiedzy z r\u00f3\u017cnych dyscyplin naukowych poprzez realizacj\u0119 mi\u0119dzynarodowych bada\u0144, udost\u0119pnianie i &#8230;<\/p>\n","protected":false},"author":1,"featured_media":0,"parent":0,"menu_order":0,"comment_status":"closed","ping_status":"closed","template":"","meta":{"footnotes":""},"class_list":["post-471","page","type-page","status-publish","hentry"],"yoast_head":"<!-- This site is optimized with the Yoast SEO plugin v27.4 - https:\/\/yoast.com\/product\/yoast-seo-wordpress\/ -->\n<title>O nas - Polish Academy of Social Sciences and Humanities<\/title>\n<meta name=\"robots\" content=\"index, follow, max-snippet:-1, max-image-preview:large, max-video-preview:-1\" \/>\n<link rel=\"canonical\" href=\"https:\/\/passhlondyn.eu\/?page_id=471\" \/>\n<meta property=\"og:locale\" content=\"pl_PL\" \/>\n<meta property=\"og:type\" content=\"article\" \/>\n<meta property=\"og:title\" content=\"O nas - Polish Academy of Social Sciences and Humanities\" \/>\n<meta property=\"og:description\" content=\"European Union PIC E10252368 Polska Akademia Nauk Spo\u0142ecznych i Humanistycznych za cel swojej dzia\u0142alno\u015bci naukowo-dydaktycznej uznaje rozw\u00f3j i poszerzanie wiedzy z r\u00f3\u017cnych dyscyplin naukowych poprzez realizacj\u0119 mi\u0119dzynarodowych bada\u0144, udost\u0119pnianie i ...\" \/>\n<meta property=\"og:url\" content=\"https:\/\/passhlondyn.eu\/?page_id=471\" \/>\n<meta property=\"og:site_name\" content=\"Polish Academy of Social Sciences and Humanities\" \/>\n<meta property=\"article:modified_time\" content=\"2025-10-01T09:22:45+00:00\" \/>\n<meta property=\"og:image\" content=\"https:\/\/passhlondyn.eu\/wp-content\/uploads\/2021\/10\/INSTYTUT-NAUK-HUMANISTYCZNYCH-2-300x150.png\" \/>\n<meta name=\"twitter:card\" content=\"summary_large_image\" \/>\n<meta name=\"twitter:label1\" content=\"Szacowany czas czytania\" \/>\n\t<meta name=\"twitter:data1\" content=\"3 minuty\" \/>\n<script type=\"application\/ld+json\" class=\"yoast-schema-graph\">{\"@context\":\"https:\\\/\\\/schema.org\",\"@graph\":[{\"@type\":\"WebPage\",\"@id\":\"https:\\\/\\\/passhlondyn.eu\\\/?page_id=471\",\"url\":\"https:\\\/\\\/passhlondyn.eu\\\/?page_id=471\",\"name\":\"O nas - Polish Academy of Social Sciences and Humanities\",\"isPartOf\":{\"@id\":\"https:\\\/\\\/passhlondyn.eu\\\/#website\"},\"primaryImageOfPage\":{\"@id\":\"https:\\\/\\\/passhlondyn.eu\\\/?page_id=471#primaryimage\"},\"image\":{\"@id\":\"https:\\\/\\\/passhlondyn.eu\\\/?page_id=471#primaryimage\"},\"thumbnailUrl\":\"https:\\\/\\\/passhlondyn.eu\\\/wp-content\\\/uploads\\\/2021\\\/10\\\/INSTYTUT-NAUK-HUMANISTYCZNYCH-2-300x150.png\",\"datePublished\":\"2020-04-13T19:50:28+00:00\",\"dateModified\":\"2025-10-01T09:22:45+00:00\",\"breadcrumb\":{\"@id\":\"https:\\\/\\\/passhlondyn.eu\\\/?page_id=471#breadcrumb\"},\"inLanguage\":\"pl-PL\",\"potentialAction\":[{\"@type\":\"ReadAction\",\"target\":[\"https:\\\/\\\/passhlondyn.eu\\\/?page_id=471\"]}]},{\"@type\":\"ImageObject\",\"inLanguage\":\"pl-PL\",\"@id\":\"https:\\\/\\\/passhlondyn.eu\\\/?page_id=471#primaryimage\",\"url\":\"https:\\\/\\\/passhlondyn.eu\\\/wp-content\\\/uploads\\\/2021\\\/10\\\/INSTYTUT-NAUK-HUMANISTYCZNYCH-2.png\",\"contentUrl\":\"https:\\\/\\\/passhlondyn.eu\\\/wp-content\\\/uploads\\\/2021\\\/10\\\/INSTYTUT-NAUK-HUMANISTYCZNYCH-2.png\",\"width\":6912,\"height\":3456},{\"@type\":\"BreadcrumbList\",\"@id\":\"https:\\\/\\\/passhlondyn.eu\\\/?page_id=471#breadcrumb\",\"itemListElement\":[{\"@type\":\"ListItem\",\"position\":1,\"name\":\"Home\",\"item\":\"https:\\\/\\\/passhlondyn.eu\\\/\"},{\"@type\":\"ListItem\",\"position\":2,\"name\":\"O nas\"}]},{\"@type\":\"WebSite\",\"@id\":\"https:\\\/\\\/passhlondyn.eu\\\/#website\",\"url\":\"https:\\\/\\\/passhlondyn.eu\\\/\",\"name\":\"Polish Academy of Social Sciences and Humanities\",\"description\":\"\",\"publisher\":{\"@id\":\"https:\\\/\\\/passhlondyn.eu\\\/#organization\"},\"potentialAction\":[{\"@type\":\"SearchAction\",\"target\":{\"@type\":\"EntryPoint\",\"urlTemplate\":\"https:\\\/\\\/passhlondyn.eu\\\/?s={search_term_string}\"},\"query-input\":{\"@type\":\"PropertyValueSpecification\",\"valueRequired\":true,\"valueName\":\"search_term_string\"}}],\"inLanguage\":\"pl-PL\"},{\"@type\":\"Organization\",\"@id\":\"https:\\\/\\\/passhlondyn.eu\\\/#organization\",\"name\":\"Polish Academy of Social Sciences and Humanities\",\"url\":\"https:\\\/\\\/passhlondyn.eu\\\/\",\"logo\":{\"@type\":\"ImageObject\",\"inLanguage\":\"pl-PL\",\"@id\":\"https:\\\/\\\/passhlondyn.eu\\\/#\\\/schema\\\/logo\\\/image\\\/\",\"url\":\"https:\\\/\\\/passhlondyn.eu\\\/wp-content\\\/uploads\\\/2021\\\/10\\\/cropped-Projekt-bez-tytulu-8.png\",\"contentUrl\":\"https:\\\/\\\/passhlondyn.eu\\\/wp-content\\\/uploads\\\/2021\\\/10\\\/cropped-Projekt-bez-tytulu-8.png\",\"width\":6911,\"height\":1557,\"caption\":\"Polish Academy of Social Sciences and Humanities\"},\"image\":{\"@id\":\"https:\\\/\\\/passhlondyn.eu\\\/#\\\/schema\\\/logo\\\/image\\\/\"}}]}<\/script>\n<!-- \/ Yoast SEO plugin. -->","yoast_head_json":{"title":"O nas - Polish Academy of Social Sciences and Humanities","robots":{"index":"index","follow":"follow","max-snippet":"max-snippet:-1","max-image-preview":"max-image-preview:large","max-video-preview":"max-video-preview:-1"},"canonical":"https:\/\/passhlondyn.eu\/?page_id=471","og_locale":"pl_PL","og_type":"article","og_title":"O nas - Polish Academy of Social Sciences and Humanities","og_description":"European Union PIC E10252368 Polska Akademia Nauk Spo\u0142ecznych i Humanistycznych za cel swojej dzia\u0142alno\u015bci naukowo-dydaktycznej uznaje rozw\u00f3j i poszerzanie wiedzy z r\u00f3\u017cnych dyscyplin naukowych poprzez realizacj\u0119 mi\u0119dzynarodowych bada\u0144, udost\u0119pnianie i ...","og_url":"https:\/\/passhlondyn.eu\/?page_id=471","og_site_name":"Polish Academy of Social Sciences and Humanities","article_modified_time":"2025-10-01T09:22:45+00:00","og_image":[{"url":"https:\/\/passhlondyn.eu\/wp-content\/uploads\/2021\/10\/INSTYTUT-NAUK-HUMANISTYCZNYCH-2-300x150.png","type":"","width":"","height":""}],"twitter_card":"summary_large_image","twitter_misc":{"Szacowany czas czytania":"3 minuty"},"schema":{"@context":"https:\/\/schema.org","@graph":[{"@type":"WebPage","@id":"https:\/\/passhlondyn.eu\/?page_id=471","url":"https:\/\/passhlondyn.eu\/?page_id=471","name":"O nas - Polish Academy of Social Sciences and Humanities","isPartOf":{"@id":"https:\/\/passhlondyn.eu\/#website"},"primaryImageOfPage":{"@id":"https:\/\/passhlondyn.eu\/?page_id=471#primaryimage"},"image":{"@id":"https:\/\/passhlondyn.eu\/?page_id=471#primaryimage"},"thumbnailUrl":"https:\/\/passhlondyn.eu\/wp-content\/uploads\/2021\/10\/INSTYTUT-NAUK-HUMANISTYCZNYCH-2-300x150.png","datePublished":"2020-04-13T19:50:28+00:00","dateModified":"2025-10-01T09:22:45+00:00","breadcrumb":{"@id":"https:\/\/passhlondyn.eu\/?page_id=471#breadcrumb"},"inLanguage":"pl-PL","potentialAction":[{"@type":"ReadAction","target":["https:\/\/passhlondyn.eu\/?page_id=471"]}]},{"@type":"ImageObject","inLanguage":"pl-PL","@id":"https:\/\/passhlondyn.eu\/?page_id=471#primaryimage","url":"https:\/\/passhlondyn.eu\/wp-content\/uploads\/2021\/10\/INSTYTUT-NAUK-HUMANISTYCZNYCH-2.png","contentUrl":"https:\/\/passhlondyn.eu\/wp-content\/uploads\/2021\/10\/INSTYTUT-NAUK-HUMANISTYCZNYCH-2.png","width":6912,"height":3456},{"@type":"BreadcrumbList","@id":"https:\/\/passhlondyn.eu\/?page_id=471#breadcrumb","itemListElement":[{"@type":"ListItem","position":1,"name":"Home","item":"https:\/\/passhlondyn.eu\/"},{"@type":"ListItem","position":2,"name":"O nas"}]},{"@type":"WebSite","@id":"https:\/\/passhlondyn.eu\/#website","url":"https:\/\/passhlondyn.eu\/","name":"Polish Academy of Social Sciences and Humanities","description":"","publisher":{"@id":"https:\/\/passhlondyn.eu\/#organization"},"potentialAction":[{"@type":"SearchAction","target":{"@type":"EntryPoint","urlTemplate":"https:\/\/passhlondyn.eu\/?s={search_term_string}"},"query-input":{"@type":"PropertyValueSpecification","valueRequired":true,"valueName":"search_term_string"}}],"inLanguage":"pl-PL"},{"@type":"Organization","@id":"https:\/\/passhlondyn.eu\/#organization","name":"Polish Academy of Social Sciences and Humanities","url":"https:\/\/passhlondyn.eu\/","logo":{"@type":"ImageObject","inLanguage":"pl-PL","@id":"https:\/\/passhlondyn.eu\/#\/schema\/logo\/image\/","url":"https:\/\/passhlondyn.eu\/wp-content\/uploads\/2021\/10\/cropped-Projekt-bez-tytulu-8.png","contentUrl":"https:\/\/passhlondyn.eu\/wp-content\/uploads\/2021\/10\/cropped-Projekt-bez-tytulu-8.png","width":6911,"height":1557,"caption":"Polish Academy of Social Sciences and Humanities"},"image":{"@id":"https:\/\/passhlondyn.eu\/#\/schema\/logo\/image\/"}}]}},"_links":{"self":[{"href":"https:\/\/passhlondyn.eu\/index.php?rest_route=\/wp\/v2\/pages\/471","targetHints":{"allow":["GET"]}}],"collection":[{"href":"https:\/\/passhlondyn.eu\/index.php?rest_route=\/wp\/v2\/pages"}],"about":[{"href":"https:\/\/passhlondyn.eu\/index.php?rest_route=\/wp\/v2\/types\/page"}],"author":[{"embeddable":true,"href":"https:\/\/passhlondyn.eu\/index.php?rest_route=\/wp\/v2\/users\/1"}],"replies":[{"embeddable":true,"href":"https:\/\/passhlondyn.eu\/index.php?rest_route=%2Fwp%2Fv2%2Fcomments&post=471"}],"version-history":[{"count":123,"href":"https:\/\/passhlondyn.eu\/index.php?rest_route=\/wp\/v2\/pages\/471\/revisions"}],"predecessor-version":[{"id":15627,"href":"https:\/\/passhlondyn.eu\/index.php?rest_route=\/wp\/v2\/pages\/471\/revisions\/15627"}],"wp:attachment":[{"href":"https:\/\/passhlondyn.eu\/index.php?rest_route=%2Fwp%2Fv2%2Fmedia&parent=471"}],"curies":[{"name":"wp","href":"https:\/\/api.w.org\/{rel}","templated":true}]}}