{"id":49,"date":"2020-04-04T18:51:29","date_gmt":"2020-04-04T16:51:29","guid":{"rendered":"http:\/\/passhlondyn.eu\/?page_id=49"},"modified":"2025-02-11T14:29:08","modified_gmt":"2025-02-11T13:29:08","slug":"osrodek-stazowy-pansh","status":"publish","type":"page","link":"https:\/\/passhlondyn.eu\/?page_id=49","title":{"rendered":"O\u015brodek sta\u017cowy PASSH"},"content":{"rendered":"\t\t<div data-elementor-type=\"wp-page\" data-elementor-id=\"49\" class=\"elementor elementor-49\" data-elementor-post-type=\"page\">\n\t\t\t\t\t\t<section class=\"elementor-section elementor-top-section elementor-element elementor-element-2db22cc elementor-section-boxed elementor-section-height-default elementor-section-height-default\" data-id=\"2db22cc\" data-element_type=\"section\" data-e-type=\"section\">\n\t\t\t\t\t\t<div class=\"elementor-container elementor-column-gap-default\">\n\t\t\t\t\t<div class=\"elementor-column elementor-col-100 elementor-top-column elementor-element elementor-element-2c083f3\" data-id=\"2c083f3\" data-element_type=\"column\" data-e-type=\"column\">\n\t\t\t<div class=\"elementor-widget-wrap elementor-element-populated\">\n\t\t\t\t\t\t<div class=\"elementor-element elementor-element-7975c8f elementor-widget elementor-widget-image\" data-id=\"7975c8f\" data-element_type=\"widget\" data-e-type=\"widget\" data-widget_type=\"image.default\">\n\t\t\t\t<div class=\"elementor-widget-container\">\n\t\t\t\t\t\t\t\t\t\t\t\t\t\t\t<img fetchpriority=\"high\" decoding=\"async\" width=\"800\" height=\"534\" src=\"https:\/\/passhlondyn.eu\/wp-content\/uploads\/2020\/04\/2-1024x683.jpg\" class=\"attachment-large size-large wp-image-1117\" alt=\"\" srcset=\"https:\/\/passhlondyn.eu\/wp-content\/uploads\/2020\/04\/2-1024x683.jpg 1024w, https:\/\/passhlondyn.eu\/wp-content\/uploads\/2020\/04\/2-300x200.jpg 300w, https:\/\/passhlondyn.eu\/wp-content\/uploads\/2020\/04\/2-768x512.jpg 768w, https:\/\/passhlondyn.eu\/wp-content\/uploads\/2020\/04\/2-1536x1024.jpg 1536w, https:\/\/passhlondyn.eu\/wp-content\/uploads\/2020\/04\/2-2048x1366.jpg 2048w\" sizes=\"(max-width: 800px) 100vw, 800px\" \/>\t\t\t\t\t\t\t\t\t\t\t\t\t\t\t<\/div>\n\t\t\t\t<\/div>\n\t\t\t\t\t<\/div>\n\t\t<\/div>\n\t\t\t\t\t<\/div>\n\t\t<\/section>\n\t\t\t\t<section class=\"elementor-section elementor-top-section elementor-element elementor-element-42e46ba elementor-section-boxed elementor-section-height-default elementor-section-height-default\" data-id=\"42e46ba\" data-element_type=\"section\" data-e-type=\"section\">\n\t\t\t\t\t\t<div class=\"elementor-container elementor-column-gap-default\">\n\t\t\t\t\t<div class=\"elementor-column elementor-col-100 elementor-top-column elementor-element elementor-element-f30268c\" data-id=\"f30268c\" data-element_type=\"column\" data-e-type=\"column\">\n\t\t\t<div class=\"elementor-widget-wrap elementor-element-populated\">\n\t\t\t\t\t\t<div class=\"elementor-element elementor-element-b4d4100 elementor-widget elementor-widget-text-editor\" data-id=\"b4d4100\" data-element_type=\"widget\" data-e-type=\"widget\" data-widget_type=\"text-editor.default\">\n\t\t\t\t<div class=\"elementor-widget-container\">\n\t\t\t\t\t\t\t\t\t<h3>Sta\u017ce Naukowe w Polish Academy of Social Sciences and Humanities<\/h3><p>Polish Academy of Social Sciences and Humanities (PASSH) serdecznie zaprasza do udzia\u0142u w presti\u017cowym programie sta\u017cowym, skierowanym do specjalist\u00f3w i badaczy z zakresu nauk spo\u0142ecznych i humanistycznych. Nasze sta\u017ce naukowe oferuj\u0105 wyj\u0105tkow\u0105 mo\u017cliwo\u015b\u0107 rozwoju kariery akademickiej.<\/p><p><strong>Dlaczego warto wybra\u0107 sta\u017c w PASSH?<\/strong><\/p><ul><li><p><strong>Presti\u017c i ekspercka wiedza<\/strong><br \/>Sta\u017ce w PASSH to szansa na wsp\u00f3\u0142prac\u0119 z wybitnymi specjalistami.<\/p><\/li><li><p><strong>Indywidualne wsparcie mentorskie<\/strong><br \/>Oferujemy spersonalizowane wsparcie mentorskie, kt\u00f3re pozwoli Ci skutecznie realizowa\u0107 swoje projekty badawcze oraz osi\u0105ga\u0107 ambitne cele naukowe.<\/p><\/li><li><p><strong>Rozw\u00f3j kariery i publikacje<\/strong><br \/>W trakcie sta\u017cu b\u0119dziesz mie\u0107 mo\u017cliwo\u015b\u0107 publikacji wynik\u00f3w swoich bada\u0144, co znacznie wzbogaci Twoje CV i zwi\u0119kszy konkurencyjno\u015b\u0107 na rynku pracy.<\/p><\/li><li><p><strong>Elastyczne programy sta\u017cowe<\/strong><br \/>Nasze programy sta\u017cowe s\u0105 dostosowane do indywidualnych potrzeb i harmonogram\u00f3w uczestnik\u00f3w, co umo\u017cliwia realizacj\u0119 projekt\u00f3w badawczych w dogodnych warunkach.<\/p><\/li><\/ul><p><strong>Jak aplikowa\u0107?<\/strong><\/p><p>Aby wzi\u0105\u0107 udzia\u0142 w programie sta\u017cowym PASSH, prosimy o przes\u0142anie swojego dorobku naukowego oraz listu motywacyjnego na adres <strong>rektorat@passhlondyn.eu<\/strong>. Wszystkie zg\u0142oszenia s\u0105 starannie rozpatrywane, a wybrani kandydaci zostan\u0105 zaproszeni na rozmow\u0119 kwalifikacyjn\u0105 on-line.<\/p><p>Szczeg\u00f3\u0142y dotycz\u0105ce sta\u017cu:<\/p><ul><li>sta\u017c trwa od 1 do 3 miesi\u0119cy;<\/li><li>d\u0142ugo\u015b\u0107 odbywania sta\u017cu okre\u015bla osoba odbywaj\u0105ca sta\u017c;<\/li><li>op\u0142ata ze realizacj\u0119 sta\u017cu wynosi 150 GBP za miesi\u0105c;<\/li><li>w trakcie sta\u017cu opiekun spotyka si\u0119 z osob\u0105 odbywaj\u0105c\u0105 sta\u017c minimum dwukrotnie na zdalnym spotkaniu; w spotkaniu uczestnicz\u0105 maksymalnie 3 osoby;<\/li><li>na zako\u0144czenie sta\u017cu opiekun sporz\u0105dza opini\u0119 dla Rektora PASSH na podstawie, kt\u00f3rej Rektor PASSH wystawia za\u015bwiadczenie o odobyciu naukowego sta\u017cu w PASSH.<\/li><\/ul><p style=\"text-align: center;\"><strong>Otw\u00f3rz przed sob\u0105 drzwi do kariery naukowej i zyskaj wyj\u0105tkowe do\u015bwiadczenie badawcze z PASSH.\u00a0<\/strong><\/p><p style=\"text-align: center;\"><strong>Aplikuj ju\u017c dzi\u015b i rozpocznij swoj\u0105 drog\u0119 do sukcesu naukowego!<\/strong><\/p>\t\t\t\t\t\t\t\t<\/div>\n\t\t\t\t<\/div>\n\t\t\t\t\t<\/div>\n\t\t<\/div>\n\t\t\t\t\t<\/div>\n\t\t<\/section>\n\t\t\t\t<\/div>\n\t\t","protected":false},"excerpt":{"rendered":"<p>Sta\u017ce Naukowe w Polish Academy of Social Sciences and Humanities Polish Academy of Social Sciences and Humanities (PASSH) serdecznie zaprasza do udzia\u0142u w presti\u017cowym programie sta\u017cowym, skierowanym do specjalist\u00f3w i &#8230;<\/p>\n","protected":false},"author":1,"featured_media":0,"parent":0,"menu_order":0,"comment_status":"closed","ping_status":"closed","template":"","meta":{"footnotes":""},"class_list":["post-49","page","type-page","status-publish","hentry"],"yoast_head":"<!-- This site is optimized with the Yoast SEO plugin v27.4 - https:\/\/yoast.com\/product\/yoast-seo-wordpress\/ -->\n<title>O\u015brodek sta\u017cowy PASSH - Polish Academy of Social Sciences and Humanities<\/title>\n<meta name=\"robots\" content=\"index, follow, max-snippet:-1, max-image-preview:large, max-video-preview:-1\" \/>\n<link rel=\"canonical\" href=\"https:\/\/passhlondyn.eu\/?page_id=49\" \/>\n<meta property=\"og:locale\" content=\"pl_PL\" \/>\n<meta property=\"og:type\" content=\"article\" \/>\n<meta property=\"og:title\" content=\"O\u015brodek sta\u017cowy PASSH - Polish Academy of Social Sciences and Humanities\" \/>\n<meta property=\"og:description\" content=\"Sta\u017ce Naukowe w Polish Academy of Social Sciences and Humanities Polish Academy of Social Sciences and Humanities (PASSH) serdecznie zaprasza do udzia\u0142u w presti\u017cowym programie sta\u017cowym, skierowanym do specjalist\u00f3w i ...\" \/>\n<meta property=\"og:url\" content=\"https:\/\/passhlondyn.eu\/?page_id=49\" \/>\n<meta property=\"og:site_name\" content=\"Polish Academy of Social Sciences and Humanities\" \/>\n<meta property=\"article:modified_time\" content=\"2025-02-11T13:29:08+00:00\" \/>\n<meta property=\"og:image\" content=\"https:\/\/passhlondyn.eu\/wp-content\/uploads\/2020\/04\/2-1024x683.jpg\" \/>\n<meta name=\"twitter:card\" content=\"summary_large_image\" \/>\n<meta name=\"twitter:label1\" content=\"Szacowany czas czytania\" \/>\n\t<meta name=\"twitter:data1\" content=\"2 minuty\" \/>\n<script type=\"application\/ld+json\" class=\"yoast-schema-graph\">{\"@context\":\"https:\\\/\\\/schema.org\",\"@graph\":[{\"@type\":\"WebPage\",\"@id\":\"https:\\\/\\\/passhlondyn.eu\\\/?page_id=49\",\"url\":\"https:\\\/\\\/passhlondyn.eu\\\/?page_id=49\",\"name\":\"O\u015brodek sta\u017cowy PASSH - Polish Academy of Social Sciences and Humanities\",\"isPartOf\":{\"@id\":\"https:\\\/\\\/passhlondyn.eu\\\/#website\"},\"primaryImageOfPage\":{\"@id\":\"https:\\\/\\\/passhlondyn.eu\\\/?page_id=49#primaryimage\"},\"image\":{\"@id\":\"https:\\\/\\\/passhlondyn.eu\\\/?page_id=49#primaryimage\"},\"thumbnailUrl\":\"https:\\\/\\\/passhlondyn.eu\\\/wp-content\\\/uploads\\\/2020\\\/04\\\/2-1024x683.jpg\",\"datePublished\":\"2020-04-04T16:51:29+00:00\",\"dateModified\":\"2025-02-11T13:29:08+00:00\",\"breadcrumb\":{\"@id\":\"https:\\\/\\\/passhlondyn.eu\\\/?page_id=49#breadcrumb\"},\"inLanguage\":\"pl-PL\",\"potentialAction\":[{\"@type\":\"ReadAction\",\"target\":[\"https:\\\/\\\/passhlondyn.eu\\\/?page_id=49\"]}]},{\"@type\":\"ImageObject\",\"inLanguage\":\"pl-PL\",\"@id\":\"https:\\\/\\\/passhlondyn.eu\\\/?page_id=49#primaryimage\",\"url\":\"https:\\\/\\\/passhlondyn.eu\\\/wp-content\\\/uploads\\\/2020\\\/04\\\/2-1024x683.jpg\",\"contentUrl\":\"https:\\\/\\\/passhlondyn.eu\\\/wp-content\\\/uploads\\\/2020\\\/04\\\/2-1024x683.jpg\"},{\"@type\":\"BreadcrumbList\",\"@id\":\"https:\\\/\\\/passhlondyn.eu\\\/?page_id=49#breadcrumb\",\"itemListElement\":[{\"@type\":\"ListItem\",\"position\":1,\"name\":\"Home\",\"item\":\"https:\\\/\\\/passhlondyn.eu\\\/\"},{\"@type\":\"ListItem\",\"position\":2,\"name\":\"O\u015brodek sta\u017cowy PASSH\"}]},{\"@type\":\"WebSite\",\"@id\":\"https:\\\/\\\/passhlondyn.eu\\\/#website\",\"url\":\"https:\\\/\\\/passhlondyn.eu\\\/\",\"name\":\"Polish Academy of Social Sciences and Humanities\",\"description\":\"\",\"publisher\":{\"@id\":\"https:\\\/\\\/passhlondyn.eu\\\/#organization\"},\"potentialAction\":[{\"@type\":\"SearchAction\",\"target\":{\"@type\":\"EntryPoint\",\"urlTemplate\":\"https:\\\/\\\/passhlondyn.eu\\\/?s={search_term_string}\"},\"query-input\":{\"@type\":\"PropertyValueSpecification\",\"valueRequired\":true,\"valueName\":\"search_term_string\"}}],\"inLanguage\":\"pl-PL\"},{\"@type\":\"Organization\",\"@id\":\"https:\\\/\\\/passhlondyn.eu\\\/#organization\",\"name\":\"Polish Academy of Social Sciences and Humanities\",\"url\":\"https:\\\/\\\/passhlondyn.eu\\\/\",\"logo\":{\"@type\":\"ImageObject\",\"inLanguage\":\"pl-PL\",\"@id\":\"https:\\\/\\\/passhlondyn.eu\\\/#\\\/schema\\\/logo\\\/image\\\/\",\"url\":\"https:\\\/\\\/passhlondyn.eu\\\/wp-content\\\/uploads\\\/2021\\\/10\\\/cropped-Projekt-bez-tytulu-8.png\",\"contentUrl\":\"https:\\\/\\\/passhlondyn.eu\\\/wp-content\\\/uploads\\\/2021\\\/10\\\/cropped-Projekt-bez-tytulu-8.png\",\"width\":6911,\"height\":1557,\"caption\":\"Polish Academy of Social Sciences and Humanities\"},\"image\":{\"@id\":\"https:\\\/\\\/passhlondyn.eu\\\/#\\\/schema\\\/logo\\\/image\\\/\"}}]}<\/script>\n<!-- \/ Yoast SEO plugin. -->","yoast_head_json":{"title":"O\u015brodek sta\u017cowy PASSH - Polish Academy of Social Sciences and Humanities","robots":{"index":"index","follow":"follow","max-snippet":"max-snippet:-1","max-image-preview":"max-image-preview:large","max-video-preview":"max-video-preview:-1"},"canonical":"https:\/\/passhlondyn.eu\/?page_id=49","og_locale":"pl_PL","og_type":"article","og_title":"O\u015brodek sta\u017cowy PASSH - Polish Academy of Social Sciences and Humanities","og_description":"Sta\u017ce Naukowe w Polish Academy of Social Sciences and Humanities Polish Academy of Social Sciences and Humanities (PASSH) serdecznie zaprasza do udzia\u0142u w presti\u017cowym programie sta\u017cowym, skierowanym do specjalist\u00f3w i ...","og_url":"https:\/\/passhlondyn.eu\/?page_id=49","og_site_name":"Polish Academy of Social Sciences and Humanities","article_modified_time":"2025-02-11T13:29:08+00:00","og_image":[{"url":"https:\/\/passhlondyn.eu\/wp-content\/uploads\/2020\/04\/2-1024x683.jpg","type":"","width":"","height":""}],"twitter_card":"summary_large_image","twitter_misc":{"Szacowany czas czytania":"2 minuty"},"schema":{"@context":"https:\/\/schema.org","@graph":[{"@type":"WebPage","@id":"https:\/\/passhlondyn.eu\/?page_id=49","url":"https:\/\/passhlondyn.eu\/?page_id=49","name":"O\u015brodek sta\u017cowy PASSH - Polish Academy of Social Sciences and Humanities","isPartOf":{"@id":"https:\/\/passhlondyn.eu\/#website"},"primaryImageOfPage":{"@id":"https:\/\/passhlondyn.eu\/?page_id=49#primaryimage"},"image":{"@id":"https:\/\/passhlondyn.eu\/?page_id=49#primaryimage"},"thumbnailUrl":"https:\/\/passhlondyn.eu\/wp-content\/uploads\/2020\/04\/2-1024x683.jpg","datePublished":"2020-04-04T16:51:29+00:00","dateModified":"2025-02-11T13:29:08+00:00","breadcrumb":{"@id":"https:\/\/passhlondyn.eu\/?page_id=49#breadcrumb"},"inLanguage":"pl-PL","potentialAction":[{"@type":"ReadAction","target":["https:\/\/passhlondyn.eu\/?page_id=49"]}]},{"@type":"ImageObject","inLanguage":"pl-PL","@id":"https:\/\/passhlondyn.eu\/?page_id=49#primaryimage","url":"https:\/\/passhlondyn.eu\/wp-content\/uploads\/2020\/04\/2-1024x683.jpg","contentUrl":"https:\/\/passhlondyn.eu\/wp-content\/uploads\/2020\/04\/2-1024x683.jpg"},{"@type":"BreadcrumbList","@id":"https:\/\/passhlondyn.eu\/?page_id=49#breadcrumb","itemListElement":[{"@type":"ListItem","position":1,"name":"Home","item":"https:\/\/passhlondyn.eu\/"},{"@type":"ListItem","position":2,"name":"O\u015brodek sta\u017cowy PASSH"}]},{"@type":"WebSite","@id":"https:\/\/passhlondyn.eu\/#website","url":"https:\/\/passhlondyn.eu\/","name":"Polish Academy of Social Sciences and Humanities","description":"","publisher":{"@id":"https:\/\/passhlondyn.eu\/#organization"},"potentialAction":[{"@type":"SearchAction","target":{"@type":"EntryPoint","urlTemplate":"https:\/\/passhlondyn.eu\/?s={search_term_string}"},"query-input":{"@type":"PropertyValueSpecification","valueRequired":true,"valueName":"search_term_string"}}],"inLanguage":"pl-PL"},{"@type":"Organization","@id":"https:\/\/passhlondyn.eu\/#organization","name":"Polish Academy of Social Sciences and Humanities","url":"https:\/\/passhlondyn.eu\/","logo":{"@type":"ImageObject","inLanguage":"pl-PL","@id":"https:\/\/passhlondyn.eu\/#\/schema\/logo\/image\/","url":"https:\/\/passhlondyn.eu\/wp-content\/uploads\/2021\/10\/cropped-Projekt-bez-tytulu-8.png","contentUrl":"https:\/\/passhlondyn.eu\/wp-content\/uploads\/2021\/10\/cropped-Projekt-bez-tytulu-8.png","width":6911,"height":1557,"caption":"Polish Academy of Social Sciences and Humanities"},"image":{"@id":"https:\/\/passhlondyn.eu\/#\/schema\/logo\/image\/"}}]}},"_links":{"self":[{"href":"https:\/\/passhlondyn.eu\/index.php?rest_route=\/wp\/v2\/pages\/49","targetHints":{"allow":["GET"]}}],"collection":[{"href":"https:\/\/passhlondyn.eu\/index.php?rest_route=\/wp\/v2\/pages"}],"about":[{"href":"https:\/\/passhlondyn.eu\/index.php?rest_route=\/wp\/v2\/types\/page"}],"author":[{"embeddable":true,"href":"https:\/\/passhlondyn.eu\/index.php?rest_route=\/wp\/v2\/users\/1"}],"replies":[{"embeddable":true,"href":"https:\/\/passhlondyn.eu\/index.php?rest_route=%2Fwp%2Fv2%2Fcomments&post=49"}],"version-history":[{"count":38,"href":"https:\/\/passhlondyn.eu\/index.php?rest_route=\/wp\/v2\/pages\/49\/revisions"}],"predecessor-version":[{"id":15106,"href":"https:\/\/passhlondyn.eu\/index.php?rest_route=\/wp\/v2\/pages\/49\/revisions\/15106"}],"wp:attachment":[{"href":"https:\/\/passhlondyn.eu\/index.php?rest_route=%2Fwp%2Fv2%2Fmedia&parent=49"}],"curies":[{"name":"wp","href":"https:\/\/api.w.org\/{rel}","templated":true}]}}