{"id":5031,"date":"2022-01-09T14:29:53","date_gmt":"2022-01-09T13:29:53","guid":{"rendered":"https:\/\/passhlondyn.eu\/?page_id=5031"},"modified":"2023-08-12T10:32:26","modified_gmt":"2023-08-12T08:32:26","slug":"konkurs-3","status":"publish","type":"page","link":"https:\/\/passhlondyn.eu\/?page_id=5031","title":{"rendered":"Konkurs na Polonijnego Artyst\u0119 Roku &#8211; edycja I"},"content":{"rendered":"\t\t<div data-elementor-type=\"wp-page\" data-elementor-id=\"5031\" class=\"elementor elementor-5031\" data-elementor-post-type=\"page\">\n\t\t\t\t\t\t<section class=\"elementor-section elementor-top-section elementor-element elementor-element-84ffb9f elementor-section-boxed elementor-section-height-default elementor-section-height-default\" data-id=\"84ffb9f\" data-element_type=\"section\" data-e-type=\"section\">\n\t\t\t\t\t\t<div class=\"elementor-container elementor-column-gap-default\">\n\t\t\t\t\t<div class=\"elementor-column elementor-col-100 elementor-top-column elementor-element elementor-element-00c35b7\" data-id=\"00c35b7\" data-element_type=\"column\" data-e-type=\"column\">\n\t\t\t<div class=\"elementor-widget-wrap elementor-element-populated\">\n\t\t\t\t\t\t<div class=\"elementor-element elementor-element-55eeed7 elementor-widget elementor-widget-heading\" data-id=\"55eeed7\" data-element_type=\"widget\" data-e-type=\"widget\" data-widget_type=\"heading.default\">\n\t\t\t\t<div class=\"elementor-widget-container\">\n\t\t\t\t\t<h3 class=\"elementor-heading-title elementor-size-default\">OG\u0141OSZENIE WYNIK\u00d3W<\/h3>\t\t\t\t<\/div>\n\t\t\t\t<\/div>\n\t\t\t\t\t<\/div>\n\t\t<\/div>\n\t\t\t\t\t<\/div>\n\t\t<\/section>\n\t\t\t\t<section class=\"elementor-section elementor-top-section elementor-element elementor-element-e66bb2e elementor-section-boxed elementor-section-height-default elementor-section-height-default\" data-id=\"e66bb2e\" data-element_type=\"section\" data-e-type=\"section\">\n\t\t\t\t\t\t<div class=\"elementor-container elementor-column-gap-default\">\n\t\t\t\t\t<div class=\"elementor-column elementor-col-100 elementor-top-column elementor-element elementor-element-b6e0ecb\" data-id=\"b6e0ecb\" data-element_type=\"column\" data-e-type=\"column\">\n\t\t\t<div class=\"elementor-widget-wrap elementor-element-populated\">\n\t\t\t\t\t\t<div class=\"elementor-element elementor-element-f0ac0ab elementor-widget elementor-widget-video\" data-id=\"f0ac0ab\" data-element_type=\"widget\" data-e-type=\"widget\" data-settings=\"{&quot;youtube_url&quot;:&quot;https:\\\/\\\/youtu.be\\\/tP17y521QoM&quot;,&quot;video_type&quot;:&quot;youtube&quot;,&quot;controls&quot;:&quot;yes&quot;}\" data-widget_type=\"video.default\">\n\t\t\t\t<div class=\"elementor-widget-container\">\n\t\t\t\t\t\t\t<div class=\"elementor-wrapper elementor-open-inline\">\n\t\t\t<div class=\"elementor-video\"><\/div>\t\t<\/div>\n\t\t\t\t\t\t<\/div>\n\t\t\t\t<\/div>\n\t\t\t\t\t<\/div>\n\t\t<\/div>\n\t\t\t\t\t<\/div>\n\t\t<\/section>\n\t\t\t\t<section class=\"elementor-section elementor-top-section elementor-element elementor-element-2ecdcf3 elementor-section-boxed elementor-section-height-default elementor-section-height-default\" data-id=\"2ecdcf3\" data-element_type=\"section\" data-e-type=\"section\">\n\t\t\t\t\t\t<div class=\"elementor-container elementor-column-gap-default\">\n\t\t\t\t\t<div class=\"elementor-column elementor-col-100 elementor-top-column elementor-element elementor-element-f930428\" data-id=\"f930428\" data-element_type=\"column\" data-e-type=\"column\">\n\t\t\t<div class=\"elementor-widget-wrap elementor-element-populated\">\n\t\t\t\t\t\t<div class=\"elementor-element elementor-element-2e9ddb6 elementor-widget elementor-widget-heading\" data-id=\"2e9ddb6\" data-element_type=\"widget\" data-e-type=\"widget\" data-widget_type=\"heading.default\">\n\t\t\t\t<div class=\"elementor-widget-container\">\n\t\t\t\t\t<h3 class=\"elementor-heading-title elementor-size-default\">ZWYCI\u0118ZCY<\/h3>\t\t\t\t<\/div>\n\t\t\t\t<\/div>\n\t\t\t\t\t<\/div>\n\t\t<\/div>\n\t\t\t\t\t<\/div>\n\t\t<\/section>\n\t\t\t\t<section class=\"elementor-section elementor-top-section elementor-element elementor-element-f4eaa39 elementor-section-boxed elementor-section-height-default elementor-section-height-default\" data-id=\"f4eaa39\" data-element_type=\"section\" data-e-type=\"section\">\n\t\t\t\t\t\t<div class=\"elementor-container elementor-column-gap-default\">\n\t\t\t\t\t<div class=\"elementor-column elementor-col-100 elementor-top-column elementor-element elementor-element-52a43f1\" data-id=\"52a43f1\" data-element_type=\"column\" data-e-type=\"column\">\n\t\t\t<div class=\"elementor-widget-wrap elementor-element-populated\">\n\t\t\t\t\t\t<div class=\"elementor-element elementor-element-f388b2e elementor-widget elementor-widget-video\" data-id=\"f388b2e\" data-element_type=\"widget\" data-e-type=\"widget\" data-settings=\"{&quot;youtube_url&quot;:&quot;https:\\\/\\\/youtu.be\\\/mb5lmrpdInY&quot;,&quot;video_type&quot;:&quot;youtube&quot;,&quot;controls&quot;:&quot;yes&quot;}\" data-widget_type=\"video.default\">\n\t\t\t\t<div class=\"elementor-widget-container\">\n\t\t\t\t\t\t\t<div class=\"elementor-wrapper elementor-open-inline\">\n\t\t\t<div class=\"elementor-video\"><\/div>\t\t<\/div>\n\t\t\t\t\t\t<\/div>\n\t\t\t\t<\/div>\n\t\t\t\t\t<\/div>\n\t\t<\/div>\n\t\t\t\t\t<\/div>\n\t\t<\/section>\n\t\t\t\t<section class=\"elementor-section elementor-top-section elementor-element elementor-element-b3b4475 elementor-section-boxed elementor-section-height-default elementor-section-height-default\" data-id=\"b3b4475\" data-element_type=\"section\" data-e-type=\"section\">\n\t\t\t\t\t\t<div class=\"elementor-container elementor-column-gap-default\">\n\t\t\t\t\t<div class=\"elementor-column elementor-col-100 elementor-top-column elementor-element elementor-element-f9cc977\" data-id=\"f9cc977\" data-element_type=\"column\" data-e-type=\"column\">\n\t\t\t<div class=\"elementor-widget-wrap\">\n\t\t\t\t\t\t\t<\/div>\n\t\t<\/div>\n\t\t\t\t\t<\/div>\n\t\t<\/section>\n\t\t\t\t<section class=\"elementor-section elementor-top-section elementor-element elementor-element-1c50518 elementor-section-boxed elementor-section-height-default elementor-section-height-default\" data-id=\"1c50518\" data-element_type=\"section\" data-e-type=\"section\">\n\t\t\t\t\t\t<div class=\"elementor-container elementor-column-gap-default\">\n\t\t\t\t\t<div class=\"elementor-column elementor-col-100 elementor-top-column elementor-element elementor-element-4709a85\" data-id=\"4709a85\" data-element_type=\"column\" data-e-type=\"column\">\n\t\t\t<div class=\"elementor-widget-wrap elementor-element-populated\">\n\t\t\t\t\t\t<div class=\"elementor-element elementor-element-6118d35 elementor-widget elementor-widget-video\" data-id=\"6118d35\" data-element_type=\"widget\" data-e-type=\"widget\" data-settings=\"{&quot;youtube_url&quot;:&quot;https:\\\/\\\/youtu.be\\\/zWMk_tUaIBo&quot;,&quot;video_type&quot;:&quot;youtube&quot;,&quot;controls&quot;:&quot;yes&quot;}\" data-widget_type=\"video.default\">\n\t\t\t\t<div class=\"elementor-widget-container\">\n\t\t\t\t\t\t\t<div class=\"elementor-wrapper elementor-open-inline\">\n\t\t\t<div class=\"elementor-video\"><\/div>\t\t<\/div>\n\t\t\t\t\t\t<\/div>\n\t\t\t\t<\/div>\n\t\t\t\t\t<\/div>\n\t\t<\/div>\n\t\t\t\t\t<\/div>\n\t\t<\/section>\n\t\t\t\t<section class=\"elementor-section elementor-top-section elementor-element elementor-element-7af061c elementor-section-boxed elementor-section-height-default elementor-section-height-default\" data-id=\"7af061c\" data-element_type=\"section\" data-e-type=\"section\">\n\t\t\t\t\t\t<div class=\"elementor-container elementor-column-gap-default\">\n\t\t\t\t\t<div class=\"elementor-column elementor-col-100 elementor-top-column elementor-element elementor-element-0431774\" data-id=\"0431774\" data-element_type=\"column\" data-e-type=\"column\">\n\t\t\t<div class=\"elementor-widget-wrap elementor-element-populated\">\n\t\t\t\t\t\t<div class=\"elementor-element elementor-element-99cae26 elementor-widget elementor-widget-video\" data-id=\"99cae26\" data-element_type=\"widget\" data-e-type=\"widget\" data-settings=\"{&quot;youtube_url&quot;:&quot;https:\\\/\\\/youtu.be\\\/j4kSIQXSv8I&quot;,&quot;video_type&quot;:&quot;youtube&quot;,&quot;controls&quot;:&quot;yes&quot;}\" data-widget_type=\"video.default\">\n\t\t\t\t<div class=\"elementor-widget-container\">\n\t\t\t\t\t\t\t<div class=\"elementor-wrapper elementor-open-inline\">\n\t\t\t<div class=\"elementor-video\"><\/div>\t\t<\/div>\n\t\t\t\t\t\t<\/div>\n\t\t\t\t<\/div>\n\t\t\t\t<div class=\"elementor-element elementor-element-93e7352 elementor-widget elementor-widget-video\" data-id=\"93e7352\" data-element_type=\"widget\" data-e-type=\"widget\" data-settings=\"{&quot;youtube_url&quot;:&quot;https:\\\/\\\/youtu.be\\\/HyO31e_YYT8&quot;,&quot;video_type&quot;:&quot;youtube&quot;,&quot;controls&quot;:&quot;yes&quot;}\" data-widget_type=\"video.default\">\n\t\t\t\t<div class=\"elementor-widget-container\">\n\t\t\t\t\t\t\t<div class=\"elementor-wrapper elementor-open-inline\">\n\t\t\t<div class=\"elementor-video\"><\/div>\t\t<\/div>\n\t\t\t\t\t\t<\/div>\n\t\t\t\t<\/div>\n\t\t\t\t\t<\/div>\n\t\t<\/div>\n\t\t\t\t\t<\/div>\n\t\t<\/section>\n\t\t\t\t<section class=\"elementor-section elementor-top-section elementor-element elementor-element-9005ba4 elementor-section-boxed elementor-section-height-default elementor-section-height-default\" data-id=\"9005ba4\" data-element_type=\"section\" data-e-type=\"section\">\n\t\t\t\t\t\t<div class=\"elementor-container elementor-column-gap-default\">\n\t\t\t\t\t<div class=\"elementor-column elementor-col-100 elementor-top-column elementor-element elementor-element-01af06a\" data-id=\"01af06a\" data-element_type=\"column\" data-e-type=\"column\">\n\t\t\t<div class=\"elementor-widget-wrap elementor-element-populated\">\n\t\t\t\t\t\t<div class=\"elementor-element elementor-element-eafcbe3 elementor-widget elementor-widget-video\" data-id=\"eafcbe3\" data-element_type=\"widget\" data-e-type=\"widget\" data-settings=\"{&quot;youtube_url&quot;:&quot;https:\\\/\\\/youtu.be\\\/WAtwfvW-4UA&quot;,&quot;video_type&quot;:&quot;youtube&quot;,&quot;controls&quot;:&quot;yes&quot;}\" data-widget_type=\"video.default\">\n\t\t\t\t<div class=\"elementor-widget-container\">\n\t\t\t\t\t\t\t<div class=\"elementor-wrapper elementor-open-inline\">\n\t\t\t<div class=\"elementor-video\"><\/div>\t\t<\/div>\n\t\t\t\t\t\t<\/div>\n\t\t\t\t<\/div>\n\t\t\t\t\t<\/div>\n\t\t<\/div>\n\t\t\t\t\t<\/div>\n\t\t<\/section>\n\t\t\t\t<section class=\"elementor-section elementor-top-section elementor-element elementor-element-21e3f17 elementor-section-boxed elementor-section-height-default elementor-section-height-default\" data-id=\"21e3f17\" data-element_type=\"section\" data-e-type=\"section\">\n\t\t\t\t\t\t<div class=\"elementor-container elementor-column-gap-default\">\n\t\t\t\t\t<div class=\"elementor-column elementor-col-100 elementor-top-column elementor-element elementor-element-adebd47\" data-id=\"adebd47\" data-element_type=\"column\" data-e-type=\"column\">\n\t\t\t<div class=\"elementor-widget-wrap elementor-element-populated\">\n\t\t\t\t\t\t<section class=\"elementor-section elementor-inner-section elementor-element elementor-element-738afdf elementor-section-boxed elementor-section-height-default elementor-section-height-default\" data-id=\"738afdf\" data-element_type=\"section\" data-e-type=\"section\">\n\t\t\t\t\t\t<div class=\"elementor-container elementor-column-gap-default\">\n\t\t\t\t\t<div class=\"elementor-column elementor-col-50 elementor-inner-column elementor-element elementor-element-e524387\" data-id=\"e524387\" data-element_type=\"column\" data-e-type=\"column\">\n\t\t\t<div class=\"elementor-widget-wrap elementor-element-populated\">\n\t\t\t\t\t\t<div class=\"elementor-element elementor-element-842811f elementor-widget elementor-widget-image\" data-id=\"842811f\" data-element_type=\"widget\" data-e-type=\"widget\" data-widget_type=\"image.default\">\n\t\t\t\t<div class=\"elementor-widget-container\">\n\t\t\t\t\t\t\t\t\t\t\t\t\t\t\t<img fetchpriority=\"high\" decoding=\"async\" width=\"724\" height=\"1024\" src=\"https:\/\/passhlondyn.eu\/wp-content\/uploads\/2021\/10\/konkurs-artysta-724x1024.png\" class=\"attachment-large size-large wp-image-4285\" alt=\"\" srcset=\"https:\/\/passhlondyn.eu\/wp-content\/uploads\/2021\/10\/konkurs-artysta-724x1024.png 724w, https:\/\/passhlondyn.eu\/wp-content\/uploads\/2021\/10\/konkurs-artysta-212x300.png 212w, https:\/\/passhlondyn.eu\/wp-content\/uploads\/2021\/10\/konkurs-artysta-768x1086.png 768w, https:\/\/passhlondyn.eu\/wp-content\/uploads\/2021\/10\/konkurs-artysta-1086x1536.png 1086w, https:\/\/passhlondyn.eu\/wp-content\/uploads\/2021\/10\/konkurs-artysta-1448x2048.png 1448w, https:\/\/passhlondyn.eu\/wp-content\/uploads\/2021\/10\/konkurs-artysta.png 1587w\" sizes=\"(max-width: 724px) 100vw, 724px\" \/>\t\t\t\t\t\t\t\t\t\t\t\t\t\t\t<\/div>\n\t\t\t\t<\/div>\n\t\t\t\t\t<\/div>\n\t\t<\/div>\n\t\t\t\t<div class=\"elementor-column elementor-col-50 elementor-inner-column elementor-element elementor-element-9091100\" data-id=\"9091100\" data-element_type=\"column\" data-e-type=\"column\">\n\t\t\t<div class=\"elementor-widget-wrap elementor-element-populated\">\n\t\t\t\t\t\t<div class=\"elementor-element elementor-element-a16c8c4 elementor-widget elementor-widget-text-editor\" data-id=\"a16c8c4\" data-element_type=\"widget\" data-e-type=\"widget\" data-widget_type=\"text-editor.default\">\n\t\t\t\t<div class=\"elementor-widget-container\">\n\t\t\t\t\t\t\t\t\t<p><strong>KONKURS NA POLONIJNEGO ARTYST\u0118 ROKU \u201eKREATORZY UCZU\u0106 I WYOBRA\u0179NI\u201d 2021\/2022<\/strong><\/p><p>Szanowni Pa\u0144stwo,<\/p><p>z ogromn\u0105 przyjemno\u015bci\u0105 informujemy o I edycji konkursu na Polonijnego Artyst\u0119 Roku, pod tytu\u0142em \u201eKreatorzy uczu\u0107 i wyobra\u017ani\u201d.<\/p><p>Wierz\u0105c, \u017ce nasza inicjatywa spotka si\u0119 z zainteresowaniem z Pa\u0144stwa strony, serdecznie zapraszamy do aktywnego udzia\u0142u w Konkursie.<\/p><p>Ide\u0105 Konkursu jest dotarcie do jak najwi\u0119kszej liczby artyst\u00f3w polonijnych na ca\u0142ym \u015bwiecie, a tym samym docenienie os\u00f3b szczeg\u00f3lnie zaanga\u017cowanych w krzewienie tw\u00f3rczo\u015bci artystycznej,\u00a0 kt\u00f3rzy przez w\u0142asne dzia\u0142ania promuj\u0105 sztuk\u0119 i kultur\u0119.<\/p><p>Aby pozna\u0107 szczeg\u00f3\u0142y udzia\u0142u w Konkursie, zach\u0119camy do zapoznania si\u0119 z Regulaminem, a osoby zainteresowane wys\u0142aniem zg\u0142oszenia \u2013 do pobrania formularza zg\u0142oszeniowego wraz z za\u0142\u0105cznikami (poni\u017cej).<\/p><p>Zg\u0142oszenia nale\u017cy przesy\u0142a\u0107 na adres: konkurs@passhlondyn.eu.<\/p><p>Z\u00a0wyrazami szacunku,<\/p><p><em>Rektor<\/em><\/p><p><em>Polskiej Akademii Nauk Spo\u0142ecznych i Humanistycznych w Londynie<\/em><\/p>\t\t\t\t\t\t\t\t<\/div>\n\t\t\t\t<\/div>\n\t\t\t\t\t<\/div>\n\t\t<\/div>\n\t\t\t\t\t<\/div>\n\t\t<\/section>\n\t\t\t\t\t<\/div>\n\t\t<\/div>\n\t\t\t\t\t<\/div>\n\t\t<\/section>\n\t\t\t\t<section class=\"elementor-section elementor-top-section elementor-element elementor-element-d6a8aba elementor-section-boxed elementor-section-height-default elementor-section-height-default\" data-id=\"d6a8aba\" data-element_type=\"section\" data-e-type=\"section\">\n\t\t\t\t\t\t<div class=\"elementor-container elementor-column-gap-default\">\n\t\t\t\t\t<div class=\"elementor-column elementor-col-100 elementor-top-column elementor-element elementor-element-8e80fe8\" data-id=\"8e80fe8\" data-element_type=\"column\" data-e-type=\"column\">\n\t\t\t<div class=\"elementor-widget-wrap elementor-element-populated\">\n\t\t\t\t\t\t<div class=\"elementor-element elementor-element-71c2385 elementor-widget elementor-widget-text-editor\" data-id=\"71c2385\" data-element_type=\"widget\" data-e-type=\"widget\" data-widget_type=\"text-editor.default\">\n\t\t\t\t<div class=\"elementor-widget-container\">\n\t\t\t\t\t\t\t\t\t<p>Za\u0142\u0105czniki do pobrania:<\/p><p><a href=\"https:\/\/passhlondyn.eu\/wp-content\/uploads\/2022\/01\/Regulamin-konkursu.pdf\">Regulamin-konkursu<\/a><\/p><p><a href=\"https:\/\/passhlondyn.eu\/wp-content\/uploads\/2022\/01\/Formularz-zgloszeniowy-1.docx\">Formularz-zgloszeniowy<\/a><\/p><p><a href=\"https:\/\/passhlondyn.eu\/wp-content\/uploads\/2022\/01\/Oswiadczenie-uczestnikow-konkursu.docx\">Oswiadczenie-uczestnikow-konkursu<\/a><\/p><p>\u00a0<\/p>\t\t\t\t\t\t\t\t<\/div>\n\t\t\t\t<\/div>\n\t\t\t\t\t<\/div>\n\t\t<\/div>\n\t\t\t\t\t<\/div>\n\t\t<\/section>\n\t\t\t\t<\/div>\n\t\t","protected":false},"excerpt":{"rendered":"<p>OG\u0141OSZENIE WYNIK\u00d3W ZWYCI\u0118ZCY https:\/\/youtu.be\/mb5lmrpdInYhttps:\/\/youtu.be\/zWMk_tUaIBohttps:\/\/youtu.be\/j4kSIQXSv8Ihttps:\/\/youtu.be\/HyO31e_YYT8https:\/\/youtu.be\/WAtwfvW-4UA KONKURS NA POLONIJNEGO ARTYST\u0118 ROKU \u201eKREATORZY UCZU\u0106 I WYOBRA\u0179NI\u201d 2021\/2022 Szanowni Pa\u0144stwo, z ogromn\u0105 przyjemno\u015bci\u0105 informujemy o I edycji konkursu na Polonijnego Artyst\u0119 Roku, pod tytu\u0142em &#8230;<\/p>\n","protected":false},"author":1,"featured_media":0,"parent":0,"menu_order":0,"comment_status":"closed","ping_status":"closed","template":"","meta":{"footnotes":""},"class_list":["post-5031","page","type-page","status-publish","hentry"],"yoast_head":"<!-- This site is optimized with the Yoast SEO plugin v27.5 - https:\/\/yoast.com\/product\/yoast-seo-wordpress\/ -->\n<title>Konkurs na Polonijnego Artyst\u0119 Roku - edycja I - Polish Academy of Social Sciences and Humanities<\/title>\n<meta name=\"robots\" content=\"index, follow, max-snippet:-1, max-image-preview:large, max-video-preview:-1\" \/>\n<link rel=\"canonical\" href=\"https:\/\/passhlondyn.eu\/?page_id=5031\" \/>\n<meta property=\"og:locale\" content=\"pl_PL\" \/>\n<meta property=\"og:type\" content=\"article\" \/>\n<meta property=\"og:title\" content=\"Konkurs na Polonijnego Artyst\u0119 Roku - edycja I - Polish Academy of Social Sciences and Humanities\" \/>\n<meta property=\"og:description\" content=\"OG\u0141OSZENIE WYNIK\u00d3W ZWYCI\u0118ZCY https:\/\/youtu.be\/mb5lmrpdInYhttps:\/\/youtu.be\/zWMk_tUaIBohttps:\/\/youtu.be\/j4kSIQXSv8Ihttps:\/\/youtu.be\/HyO31e_YYT8https:\/\/youtu.be\/WAtwfvW-4UA KONKURS NA POLONIJNEGO ARTYST\u0118 ROKU \u201eKREATORZY UCZU\u0106 I WYOBRA\u0179NI\u201d 2021\/2022 Szanowni Pa\u0144stwo, z ogromn\u0105 przyjemno\u015bci\u0105 informujemy o I edycji konkursu na Polonijnego Artyst\u0119 Roku, pod tytu\u0142em ...\" \/>\n<meta property=\"og:url\" content=\"https:\/\/passhlondyn.eu\/?page_id=5031\" \/>\n<meta property=\"og:site_name\" content=\"Polish Academy of Social Sciences and Humanities\" \/>\n<meta property=\"article:modified_time\" content=\"2023-08-12T08:32:26+00:00\" \/>\n<meta property=\"og:image\" content=\"https:\/\/passhlondyn.eu\/wp-content\/uploads\/2021\/10\/konkurs-artysta-724x1024.png\" \/>\n<meta name=\"twitter:card\" content=\"summary_large_image\" \/>\n<meta name=\"twitter:label1\" content=\"Szacowany czas czytania\" \/>\n\t<meta name=\"twitter:data1\" content=\"2 minuty\" \/>\n<script type=\"application\/ld+json\" class=\"yoast-schema-graph\">{\"@context\":\"https:\\\/\\\/schema.org\",\"@graph\":[{\"@type\":\"WebPage\",\"@id\":\"https:\\\/\\\/passhlondyn.eu\\\/?page_id=5031\",\"url\":\"https:\\\/\\\/passhlondyn.eu\\\/?page_id=5031\",\"name\":\"Konkurs na Polonijnego Artyst\u0119 Roku - edycja I - Polish Academy of Social Sciences and Humanities\",\"isPartOf\":{\"@id\":\"http:\\\/\\\/passhlondyn.eu\\\/#website\"},\"primaryImageOfPage\":{\"@id\":\"https:\\\/\\\/passhlondyn.eu\\\/?page_id=5031#primaryimage\"},\"image\":{\"@id\":\"https:\\\/\\\/passhlondyn.eu\\\/?page_id=5031#primaryimage\"},\"thumbnailUrl\":\"https:\\\/\\\/passhlondyn.eu\\\/wp-content\\\/uploads\\\/2021\\\/10\\\/konkurs-artysta-724x1024.png\",\"datePublished\":\"2022-01-09T13:29:53+00:00\",\"dateModified\":\"2023-08-12T08:32:26+00:00\",\"breadcrumb\":{\"@id\":\"https:\\\/\\\/passhlondyn.eu\\\/?page_id=5031#breadcrumb\"},\"inLanguage\":\"pl-PL\",\"potentialAction\":[{\"@type\":\"ReadAction\",\"target\":[\"https:\\\/\\\/passhlondyn.eu\\\/?page_id=5031\"]}]},{\"@type\":\"ImageObject\",\"inLanguage\":\"pl-PL\",\"@id\":\"https:\\\/\\\/passhlondyn.eu\\\/?page_id=5031#primaryimage\",\"url\":\"https:\\\/\\\/passhlondyn.eu\\\/wp-content\\\/uploads\\\/2021\\\/10\\\/konkurs-artysta.png\",\"contentUrl\":\"https:\\\/\\\/passhlondyn.eu\\\/wp-content\\\/uploads\\\/2021\\\/10\\\/konkurs-artysta.png\",\"width\":1587,\"height\":2245},{\"@type\":\"BreadcrumbList\",\"@id\":\"https:\\\/\\\/passhlondyn.eu\\\/?page_id=5031#breadcrumb\",\"itemListElement\":[{\"@type\":\"ListItem\",\"position\":1,\"name\":\"Home\",\"item\":\"http:\\\/\\\/passhlondyn.eu\\\/\"},{\"@type\":\"ListItem\",\"position\":2,\"name\":\"Konkurs na Polonijnego Artyst\u0119 Roku &#8211; edycja I\"}]},{\"@type\":\"WebSite\",\"@id\":\"http:\\\/\\\/passhlondyn.eu\\\/#website\",\"url\":\"http:\\\/\\\/passhlondyn.eu\\\/\",\"name\":\"Polish Academy of Social Sciences and Humanities\",\"description\":\"\",\"publisher\":{\"@id\":\"http:\\\/\\\/passhlondyn.eu\\\/#organization\"},\"potentialAction\":[{\"@type\":\"SearchAction\",\"target\":{\"@type\":\"EntryPoint\",\"urlTemplate\":\"http:\\\/\\\/passhlondyn.eu\\\/?s={search_term_string}\"},\"query-input\":{\"@type\":\"PropertyValueSpecification\",\"valueRequired\":true,\"valueName\":\"search_term_string\"}}],\"inLanguage\":\"pl-PL\"},{\"@type\":\"Organization\",\"@id\":\"http:\\\/\\\/passhlondyn.eu\\\/#organization\",\"name\":\"Polish Academy of Social Sciences and Humanities\",\"url\":\"http:\\\/\\\/passhlondyn.eu\\\/\",\"logo\":{\"@type\":\"ImageObject\",\"inLanguage\":\"pl-PL\",\"@id\":\"http:\\\/\\\/passhlondyn.eu\\\/#\\\/schema\\\/logo\\\/image\\\/\",\"url\":\"https:\\\/\\\/passhlondyn.eu\\\/wp-content\\\/uploads\\\/2021\\\/10\\\/cropped-Projekt-bez-tytulu-8.png\",\"contentUrl\":\"https:\\\/\\\/passhlondyn.eu\\\/wp-content\\\/uploads\\\/2021\\\/10\\\/cropped-Projekt-bez-tytulu-8.png\",\"width\":6911,\"height\":1557,\"caption\":\"Polish Academy of Social Sciences and Humanities\"},\"image\":{\"@id\":\"http:\\\/\\\/passhlondyn.eu\\\/#\\\/schema\\\/logo\\\/image\\\/\"}}]}<\/script>\n<!-- \/ Yoast SEO plugin. -->","yoast_head_json":{"title":"Konkurs na Polonijnego Artyst\u0119 Roku - edycja I - Polish Academy of Social Sciences and Humanities","robots":{"index":"index","follow":"follow","max-snippet":"max-snippet:-1","max-image-preview":"max-image-preview:large","max-video-preview":"max-video-preview:-1"},"canonical":"https:\/\/passhlondyn.eu\/?page_id=5031","og_locale":"pl_PL","og_type":"article","og_title":"Konkurs na Polonijnego Artyst\u0119 Roku - edycja I - Polish Academy of Social Sciences and Humanities","og_description":"OG\u0141OSZENIE WYNIK\u00d3W ZWYCI\u0118ZCY https:\/\/youtu.be\/mb5lmrpdInYhttps:\/\/youtu.be\/zWMk_tUaIBohttps:\/\/youtu.be\/j4kSIQXSv8Ihttps:\/\/youtu.be\/HyO31e_YYT8https:\/\/youtu.be\/WAtwfvW-4UA KONKURS NA POLONIJNEGO ARTYST\u0118 ROKU \u201eKREATORZY UCZU\u0106 I WYOBRA\u0179NI\u201d 2021\/2022 Szanowni Pa\u0144stwo, z ogromn\u0105 przyjemno\u015bci\u0105 informujemy o I edycji konkursu na Polonijnego Artyst\u0119 Roku, pod tytu\u0142em ...","og_url":"https:\/\/passhlondyn.eu\/?page_id=5031","og_site_name":"Polish Academy of Social Sciences and Humanities","article_modified_time":"2023-08-12T08:32:26+00:00","og_image":[{"url":"https:\/\/passhlondyn.eu\/wp-content\/uploads\/2021\/10\/konkurs-artysta-724x1024.png","type":"","width":"","height":""}],"twitter_card":"summary_large_image","twitter_misc":{"Szacowany czas czytania":"2 minuty"},"schema":{"@context":"https:\/\/schema.org","@graph":[{"@type":"WebPage","@id":"https:\/\/passhlondyn.eu\/?page_id=5031","url":"https:\/\/passhlondyn.eu\/?page_id=5031","name":"Konkurs na Polonijnego Artyst\u0119 Roku - edycja I - Polish Academy of Social Sciences and Humanities","isPartOf":{"@id":"http:\/\/passhlondyn.eu\/#website"},"primaryImageOfPage":{"@id":"https:\/\/passhlondyn.eu\/?page_id=5031#primaryimage"},"image":{"@id":"https:\/\/passhlondyn.eu\/?page_id=5031#primaryimage"},"thumbnailUrl":"https:\/\/passhlondyn.eu\/wp-content\/uploads\/2021\/10\/konkurs-artysta-724x1024.png","datePublished":"2022-01-09T13:29:53+00:00","dateModified":"2023-08-12T08:32:26+00:00","breadcrumb":{"@id":"https:\/\/passhlondyn.eu\/?page_id=5031#breadcrumb"},"inLanguage":"pl-PL","potentialAction":[{"@type":"ReadAction","target":["https:\/\/passhlondyn.eu\/?page_id=5031"]}]},{"@type":"ImageObject","inLanguage":"pl-PL","@id":"https:\/\/passhlondyn.eu\/?page_id=5031#primaryimage","url":"https:\/\/passhlondyn.eu\/wp-content\/uploads\/2021\/10\/konkurs-artysta.png","contentUrl":"https:\/\/passhlondyn.eu\/wp-content\/uploads\/2021\/10\/konkurs-artysta.png","width":1587,"height":2245},{"@type":"BreadcrumbList","@id":"https:\/\/passhlondyn.eu\/?page_id=5031#breadcrumb","itemListElement":[{"@type":"ListItem","position":1,"name":"Home","item":"http:\/\/passhlondyn.eu\/"},{"@type":"ListItem","position":2,"name":"Konkurs na Polonijnego Artyst\u0119 Roku &#8211; edycja I"}]},{"@type":"WebSite","@id":"http:\/\/passhlondyn.eu\/#website","url":"http:\/\/passhlondyn.eu\/","name":"Polish Academy of Social Sciences and Humanities","description":"","publisher":{"@id":"http:\/\/passhlondyn.eu\/#organization"},"potentialAction":[{"@type":"SearchAction","target":{"@type":"EntryPoint","urlTemplate":"http:\/\/passhlondyn.eu\/?s={search_term_string}"},"query-input":{"@type":"PropertyValueSpecification","valueRequired":true,"valueName":"search_term_string"}}],"inLanguage":"pl-PL"},{"@type":"Organization","@id":"http:\/\/passhlondyn.eu\/#organization","name":"Polish Academy of Social Sciences and Humanities","url":"http:\/\/passhlondyn.eu\/","logo":{"@type":"ImageObject","inLanguage":"pl-PL","@id":"http:\/\/passhlondyn.eu\/#\/schema\/logo\/image\/","url":"https:\/\/passhlondyn.eu\/wp-content\/uploads\/2021\/10\/cropped-Projekt-bez-tytulu-8.png","contentUrl":"https:\/\/passhlondyn.eu\/wp-content\/uploads\/2021\/10\/cropped-Projekt-bez-tytulu-8.png","width":6911,"height":1557,"caption":"Polish Academy of Social Sciences and Humanities"},"image":{"@id":"http:\/\/passhlondyn.eu\/#\/schema\/logo\/image\/"}}]}},"_links":{"self":[{"href":"https:\/\/passhlondyn.eu\/index.php?rest_route=\/wp\/v2\/pages\/5031","targetHints":{"allow":["GET"]}}],"collection":[{"href":"https:\/\/passhlondyn.eu\/index.php?rest_route=\/wp\/v2\/pages"}],"about":[{"href":"https:\/\/passhlondyn.eu\/index.php?rest_route=\/wp\/v2\/types\/page"}],"author":[{"embeddable":true,"href":"https:\/\/passhlondyn.eu\/index.php?rest_route=\/wp\/v2\/users\/1"}],"replies":[{"embeddable":true,"href":"https:\/\/passhlondyn.eu\/index.php?rest_route=%2Fwp%2Fv2%2Fcomments&post=5031"}],"version-history":[{"count":41,"href":"https:\/\/passhlondyn.eu\/index.php?rest_route=\/wp\/v2\/pages\/5031\/revisions"}],"predecessor-version":[{"id":10497,"href":"https:\/\/passhlondyn.eu\/index.php?rest_route=\/wp\/v2\/pages\/5031\/revisions\/10497"}],"wp:attachment":[{"href":"https:\/\/passhlondyn.eu\/index.php?rest_route=%2Fwp%2Fv2%2Fmedia&parent=5031"}],"curies":[{"name":"wp","href":"https:\/\/api.w.org\/{rel}","templated":true}]}}