{"id":56,"date":"2020-04-04T18:51:29","date_gmt":"2020-04-04T16:51:29","guid":{"rendered":"http:\/\/passhlondyn.eu\/?page_id=56"},"modified":"2020-08-13T14:46:03","modified_gmt":"2020-08-13T12:46:03","slug":"studia-i-i-ii-stopnia","status":"publish","type":"page","link":"https:\/\/passhlondyn.eu\/?page_id=56","title":{"rendered":"Studia I i II Stopnia"},"content":{"rendered":"\t\t<div data-elementor-type=\"wp-page\" data-elementor-id=\"56\" class=\"elementor elementor-56\" data-elementor-post-type=\"page\">\n\t\t\t\t\t\t<section class=\"elementor-section elementor-top-section elementor-element elementor-element-713e068 elementor-section-boxed elementor-section-height-default elementor-section-height-default\" data-id=\"713e068\" data-element_type=\"section\" data-e-type=\"section\">\n\t\t\t\t\t\t<div class=\"elementor-container elementor-column-gap-default\">\n\t\t\t\t\t<div class=\"elementor-column elementor-col-100 elementor-top-column elementor-element elementor-element-7f35fda\" data-id=\"7f35fda\" data-element_type=\"column\" data-e-type=\"column\">\n\t\t\t<div class=\"elementor-widget-wrap elementor-element-populated\">\n\t\t\t\t\t\t<div class=\"elementor-element elementor-element-f1b86ff elementor-widget elementor-widget-heading\" data-id=\"f1b86ff\" data-element_type=\"widget\" data-e-type=\"widget\" data-widget_type=\"heading.default\">\n\t\t\t\t<div class=\"elementor-widget-container\">\n\t\t\t\t\t<h2 class=\"elementor-heading-title elementor-size-medium\">NAB\u00d3R NA ROK AKADEMICKI 2020\/2021<\/h2>\t\t\t\t<\/div>\n\t\t\t\t<\/div>\n\t\t\t\t\t<\/div>\n\t\t<\/div>\n\t\t\t\t\t<\/div>\n\t\t<\/section>\n\t\t\t\t<section class=\"elementor-section elementor-top-section elementor-element elementor-element-d33f915 elementor-section-boxed elementor-section-height-default elementor-section-height-default\" data-id=\"d33f915\" data-element_type=\"section\" data-e-type=\"section\">\n\t\t\t\t\t\t<div class=\"elementor-container elementor-column-gap-default\">\n\t\t\t\t\t<div class=\"elementor-column elementor-col-100 elementor-top-column elementor-element elementor-element-83f99fd\" data-id=\"83f99fd\" data-element_type=\"column\" data-e-type=\"column\">\n\t\t\t<div class=\"elementor-widget-wrap elementor-element-populated\">\n\t\t\t\t\t\t<div class=\"elementor-element elementor-element-50e2e60 elementor-tabs-view-horizontal elementor-widget elementor-widget-tabs\" data-id=\"50e2e60\" data-element_type=\"widget\" data-e-type=\"widget\" data-widget_type=\"tabs.default\">\n\t\t\t\t<div class=\"elementor-widget-container\">\n\t\t\t\t\t\t\t<div class=\"elementor-tabs\">\n\t\t\t<div class=\"elementor-tabs-wrapper\" role=\"tablist\" >\n\t\t\t\t\t\t\t\t\t<div id=\"elementor-tab-title-8481\" class=\"elementor-tab-title elementor-tab-desktop-title\" aria-selected=\"true\" data-tab=\"1\" role=\"tab\" tabindex=\"0\" aria-controls=\"elementor-tab-content-8481\" aria-expanded=\"false\">Prawo<\/div>\n\t\t\t\t\t\t\t\t\t<div id=\"elementor-tab-title-8482\" class=\"elementor-tab-title elementor-tab-desktop-title\" aria-selected=\"false\" data-tab=\"2\" role=\"tab\" tabindex=\"-1\" aria-controls=\"elementor-tab-content-8482\" aria-expanded=\"false\">Pedagogika<\/div>\n\t\t\t\t\t\t\t<\/div>\n\t\t\t<div class=\"elementor-tabs-content-wrapper\" role=\"tablist\" aria-orientation=\"vertical\">\n\t\t\t\t\t\t\t\t\t<div class=\"elementor-tab-title elementor-tab-mobile-title\" aria-selected=\"true\" data-tab=\"1\" role=\"tab\" tabindex=\"0\" aria-controls=\"elementor-tab-content-8481\" aria-expanded=\"false\">Prawo<\/div>\n\t\t\t\t\t<div id=\"elementor-tab-content-8481\" class=\"elementor-tab-content elementor-clearfix\" data-tab=\"1\" role=\"tabpanel\" aria-labelledby=\"elementor-tab-title-8481\" tabindex=\"0\" hidden=\"false\"><p><strong>Prawo &#8211;\u00a0 5 letnie jednolite studia magisterskie<\/strong><\/p><p><strong>Prawo mi\u0119dzynarodowe<\/strong><\/p><p>Absolwent studi\u00f3w na kierunku Prawo o specjalno\u015bci Prawo mi\u0119dzynarodowe ma podstawy, aby podj\u0105\u0107 prac\u0119 w instytucjach narodowych i mi\u0119dzynarodowych, sp\u00f3\u0142kach, przedsi\u0119biorstwach dzia\u0142aj\u0105cych na rynkach mi\u0119dzynarodowych, zajmuj\u0105cych si\u0119 importem lub exportem.<\/p><p><strong>Prawo Unii Europejskiej<\/strong><\/p><p>Absolwent studi\u00f3w na kierunku Prawo o specjalno\u015bci Prawo Unii Europejskiej zna i rozumie ustawodawstwo europejskie, jest kompetentny podj\u0105\u0107 zatrudnienie w krajach UE, w instytucjach i sp\u00f3\u0142kach maj\u0105cych powi\u0105zania gospodarcze z podmiotami w Unii Europejskiej.<\/p><p><strong>Studium Prawa Ameryka\u0144skiego <\/strong><\/p><p>Absolwent studi\u00f3w na kierunku Prawo, kt\u00f3ry jednocze\u015bnie uko\u0144czy\u0142 Studium Prawa Ameryka\u0144skiego, zna regulacje obowi\u0105zuj\u0105ce na terytorium Stan\u00f3w Zjednoczonych. Posiada kompetencje, aby swobodnie porusza\u0107 si\u0119 w zagadnieniach dotycz\u0105cych ameryka\u0144skiego rynku pracy, prawa gospodarczego, finansowego i cywilnego. Znajdzie zatrudnienie w podmiotach na prawie ameryka\u0144skim w Stanach Zjednoczonych, a tak\u017ce w podmiotach gospodarczych i instytucjach w ka\u017cdym kraju, maj\u0105cych powi\u0105zania z podmiotami za Atlantykiem.<\/p><p><strong>Prawo pracy<\/strong><\/p><p>Absolwent studi\u00f3w na kierunku Prawo o specjalno\u015bci Prawo pracy dok\u0142adnie zna i rozumie realia funkcjonowania i regulacje rynku pracy w Polsce i Europie.<\/p><\/div>\n\t\t\t\t\t\t\t\t\t<div class=\"elementor-tab-title elementor-tab-mobile-title\" aria-selected=\"false\" data-tab=\"2\" role=\"tab\" tabindex=\"-1\" aria-controls=\"elementor-tab-content-8482\" aria-expanded=\"false\">Pedagogika<\/div>\n\t\t\t\t\t<div id=\"elementor-tab-content-8482\" class=\"elementor-tab-content elementor-clearfix\" data-tab=\"2\" role=\"tabpanel\" aria-labelledby=\"elementor-tab-title-8482\" tabindex=\"0\" hidden=\"hidden\"><p><strong>Pedagogika 5 letnie jednolite studia magisterskie:<\/strong><\/p><p>Pedagogika wczesnoszkolna i przedszkolna<\/p><p>Pedagogika specjalna<\/p><p>Resocjalizacja z socjoterapi\u0105<\/p><p><a href=\"https:\/\/passhlondyn.eu\/wp-content\/uploads\/2020\/04\/Opis-studi\u00f3w-64.pdf\">Opis studi\u00f3w<\/a><\/p><p>Spektrum autyzmu<\/p><p><a href=\"https:\/\/passhlondyn.eu\/wp-content\/uploads\/2020\/04\/Opis-studi\u00f3w-65.pdf\">Opis studi\u00f3w<\/a><\/p><p>Oligofrenopedagogika<\/p><p><a href=\"https:\/\/passhlondyn.eu\/wp-content\/uploads\/2020\/04\/Opis-studi\u00f3w-66.pdf\">Opis studi\u00f3w<\/a><\/p><p>Surdopedagogika<\/p><p><a href=\"https:\/\/passhlondyn.eu\/wp-content\/uploads\/2020\/04\/Opis-studi\u00f3w-67.pdf\">Opis studi\u00f3w<\/a><\/p><p>Tyflopedagogika`<\/p><p><a href=\"https:\/\/passhlondyn.eu\/wp-content\/uploads\/2020\/04\/Opis-studi\u00f3w-68.pdf\">Opis studi\u00f3w<\/a><\/p><p><strong>Pedagogika studia I stopnia (licencjackie):<\/strong><\/p><p>Pedagogika opieku\u0144czo-wychowawcza z terapi\u0105 pedagogiczn\u0105<\/p><p><a href=\"https:\/\/passhlondyn.eu\/wp-content\/uploads\/2020\/04\/Opis-studi\u00f3w-54.pdf\">Opis studi\u00f3w<\/a><\/p><p>Psychologia pracy i zarz\u0105dzanie zasobami ludzkimi<\/p><p><a href=\"https:\/\/passhlondyn.eu\/wp-content\/uploads\/2020\/04\/Opis-studi\u00f3w-55.pdf\">Opis studi\u00f3w<\/a><\/p><p>Doradztwo zawodowe i personalne<\/p><p><a href=\"https:\/\/passhlondyn.eu\/wp-content\/uploads\/2020\/04\/Opis-studi\u00f3w-56.pdf\">Opis studi\u00f3w<\/a><\/p><p>Pedagogika kryminologiczno-s\u0105dowa<\/p><p><a href=\"https:\/\/passhlondyn.eu\/wp-content\/uploads\/2020\/04\/Opis-studi\u00f3w-57.pdf\">Opis studi\u00f3w<\/a><\/p><p>Edukacja obronna i bezpiecze\u0144stwo publiczne<\/p><p><a href=\"https:\/\/passhlondyn.eu\/wp-content\/uploads\/2020\/04\/Opis-studi\u00f3w-58.pdf\">Opis studi\u00f3w<\/a><\/p><p><strong>Pedagogika studia II stopnia (magisterskie uzupe\u0142niaj\u0105ce):<\/strong><\/p><p>Pedagogika opieku\u0144czo-wychowawcza z terapi\u0105 pedagogiczn\u0105<\/p><p><a href=\"https:\/\/passhlondyn.eu\/wp-content\/uploads\/2020\/04\/Opis-studi\u00f3w-59.pdf\">Opis studi\u00f3w<\/a><\/p><p>Psychologia pracy i zarz\u0105dzanie zasobami ludzkimi<\/p><p><a href=\"https:\/\/passhlondyn.eu\/wp-content\/uploads\/2020\/04\/Opis-studi\u00f3w-60.pdf\">Opis studi\u00f3w<\/a><\/p><p>Doradztwo zawodowe i personalne<\/p><p><a href=\"https:\/\/passhlondyn.eu\/wp-content\/uploads\/2020\/04\/Opis-studi\u00f3w-61.pdf\">Opis studi\u00f3w<\/a><\/p><p>Pedagogika kryminologiczno-s\u0105dowa<\/p><p><a href=\"https:\/\/passhlondyn.eu\/wp-content\/uploads\/2020\/04\/Opis-studi\u00f3w-62.pdf\">Opis studi\u00f3w<\/a><\/p><p>Edukacja obronna i bezpiecze\u0144stwo publiczne<\/p><p><a href=\"https:\/\/passhlondyn.eu\/wp-content\/uploads\/2020\/04\/Opis-studi\u00f3w-63.pdf\">Opis studi\u00f3w<\/a><\/p><\/div>\n\t\t\t\t\t\t\t<\/div>\n\t\t<\/div>\n\t\t\t\t\t\t<\/div>\n\t\t\t\t<\/div>\n\t\t\t\t\t<\/div>\n\t\t<\/div>\n\t\t\t\t\t<\/div>\n\t\t<\/section>\n\t\t\t\t<section class=\"elementor-section elementor-top-section elementor-element elementor-element-c294974 elementor-section-boxed elementor-section-height-default elementor-section-height-default\" data-id=\"c294974\" data-element_type=\"section\" data-e-type=\"section\">\n\t\t\t\t\t\t<div class=\"elementor-container elementor-column-gap-default\">\n\t\t\t\t\t<div class=\"elementor-column elementor-col-100 elementor-top-column elementor-element elementor-element-7f65c19\" data-id=\"7f65c19\" data-element_type=\"column\" data-e-type=\"column\">\n\t\t\t<div class=\"elementor-widget-wrap elementor-element-populated\">\n\t\t\t\t\t\t<div class=\"elementor-element elementor-element-12cbdd5 elementor-widget elementor-widget-text-editor\" data-id=\"12cbdd5\" data-element_type=\"widget\" data-e-type=\"widget\" data-widget_type=\"text-editor.default\">\n\t\t\t\t<div class=\"elementor-widget-container\">\n\t\t\t\t\t\t\t\t\t<p><strong>Zaj\u0119cia odbywaj\u0105 si\u0119 w systemie studi\u00f3w niestacjonarnych, zdalnie, bez konieczno\u015bci przyjazdu do Londynu.\u00a0<\/strong><\/p><p><strong>Absolwenci otrzymuj\u0105 dyplom uko\u0144czenia polskiej uczelni <br \/>z akredytacj\u0105 w Polsce, dodatkowo dyplom Polish Academy of Social Sciences and Humanities in London.\u00a0<\/strong><\/p>\t\t\t\t\t\t\t\t<\/div>\n\t\t\t\t<\/div>\n\t\t\t\t\t<\/div>\n\t\t<\/div>\n\t\t\t\t\t<\/div>\n\t\t<\/section>\n\t\t\t\t<section class=\"elementor-section elementor-top-section elementor-element elementor-element-e9b3c1b elementor-section-boxed elementor-section-height-default elementor-section-height-default\" data-id=\"e9b3c1b\" data-element_type=\"section\" data-e-type=\"section\">\n\t\t\t\t\t\t<div class=\"elementor-container elementor-column-gap-default\">\n\t\t\t\t\t<div class=\"elementor-column elementor-col-100 elementor-top-column elementor-element elementor-element-5ee5c94\" data-id=\"5ee5c94\" data-element_type=\"column\" data-e-type=\"column\">\n\t\t\t<div class=\"elementor-widget-wrap elementor-element-populated\">\n\t\t\t\t\t\t<div class=\"elementor-element elementor-element-2d798f3 elementor-tabs-view-horizontal elementor-widget elementor-widget-tabs\" data-id=\"2d798f3\" data-element_type=\"widget\" data-e-type=\"widget\" data-widget_type=\"tabs.default\">\n\t\t\t\t<div class=\"elementor-widget-container\">\n\t\t\t\t\t\t\t<div class=\"elementor-tabs\">\n\t\t\t<div class=\"elementor-tabs-wrapper\" role=\"tablist\" >\n\t\t\t\t\t\t\t\t\t<div id=\"elementor-tab-title-4761\" class=\"elementor-tab-title elementor-tab-desktop-title\" aria-selected=\"true\" data-tab=\"1\" role=\"tab\" tabindex=\"0\" aria-controls=\"elementor-tab-content-4761\" aria-expanded=\"false\">Procedura rekrutacji<\/div>\n\t\t\t\t\t\t\t\t\t<div id=\"elementor-tab-title-4762\" class=\"elementor-tab-title elementor-tab-desktop-title\" aria-selected=\"false\" data-tab=\"2\" role=\"tab\" tabindex=\"-1\" aria-controls=\"elementor-tab-content-4762\" aria-expanded=\"false\">Dokumenty rekrutacyjne<\/div>\n\t\t\t\t\t\t\t\t\t<div id=\"elementor-tab-title-4763\" class=\"elementor-tab-title elementor-tab-desktop-title\" aria-selected=\"false\" data-tab=\"3\" role=\"tab\" tabindex=\"-1\" aria-controls=\"elementor-tab-content-4763\" aria-expanded=\"false\">Op\u0142aty<\/div>\n\t\t\t\t\t\t\t<\/div>\n\t\t\t<div class=\"elementor-tabs-content-wrapper\" role=\"tablist\" aria-orientation=\"vertical\">\n\t\t\t\t\t\t\t\t\t<div class=\"elementor-tab-title elementor-tab-mobile-title\" aria-selected=\"true\" data-tab=\"1\" role=\"tab\" tabindex=\"0\" aria-controls=\"elementor-tab-content-4761\" aria-expanded=\"false\">Procedura rekrutacji<\/div>\n\t\t\t\t\t<div id=\"elementor-tab-content-4761\" class=\"elementor-tab-content elementor-clearfix\" data-tab=\"1\" role=\"tabpanel\" aria-labelledby=\"elementor-tab-title-4761\" tabindex=\"0\" hidden=\"false\"><p>Na studia pi\u0119cioletnie jednolite magisterskie na kierunkach Pedagogika specjalna i Pedagogika przedszkolna i wczesnoszkolna przyj\u0119ci mog\u0105 by\u0107 wszyscy kandydaci b\u0119d\u0105cy absolwentami szk\u00f3\u0142 \u015brednich, posiadaj\u0105cy \u015bwiadectwo dojrza\u0142o\u015bci, a tak\u017ce absolwenci studi\u00f3w pierwszego lub drugiego stopnia dowolnej Uczelni.<\/p><p><strong>W pierwszym etapie rekrutacji (do 30 wrze\u015bnia)\u00a0 kandydat na studia wype\u0142nia i sk\u0142ada\u00a0 (mailem) nast\u0119puj\u0105ce dokumenty:<\/strong><\/p><p>1. Kwestionariusz osobowy kandydata na studia (do pobrania w zak\u0142adce Dokumenty rekrutacyjne);<\/p><p>2. Dla studi\u00f3w jednolitych magisterskich i studi\u00f3w pierwszego stopnia skan \u015bwiadectwa dojrza\u0142o\u015bci;<\/p><p>3. Potwierdzenie dokonania op\u0142aty rekrutacyjnej;<\/p><p>Dokumenty rekrutacyjne prosimy przesy\u0142a\u0107 za pomoc\u0105 poczty elektronicznej na adres rekrutacja@passhlondyn.eu do dnia 30 wrze\u015bnia 2020 roku.\u00a0<\/p><p>\u00a0<\/p><\/div>\n\t\t\t\t\t\t\t\t\t<div class=\"elementor-tab-title elementor-tab-mobile-title\" aria-selected=\"false\" data-tab=\"2\" role=\"tab\" tabindex=\"-1\" aria-controls=\"elementor-tab-content-4762\" aria-expanded=\"false\">Dokumenty rekrutacyjne<\/div>\n\t\t\t\t\t<div id=\"elementor-tab-content-4762\" class=\"elementor-tab-content elementor-clearfix\" data-tab=\"2\" role=\"tabpanel\" aria-labelledby=\"elementor-tab-title-4762\" tabindex=\"0\" hidden=\"hidden\"><p><a href=\"https:\/\/passhlondyn.eu\/wp-content\/uploads\/2020\/08\/Kwestionariusz-Prawo-Pedagogika-I-i-II-stopnia.pdf\">Kwestionariusz-Prawo, Pedagogika I i II stopnia<\/a><\/p><p><a href=\"https:\/\/passhlondyn.eu\/wp-content\/uploads\/2020\/08\/Kwestionariusz-Pedagogika-wczesnoszkolna-i-przedszkolna-pedagogika-specjakna.pdf\">Kwestionariusz-Pedagogika wczesnoszkolna i przedszkolna, pedagogika specjalna<\/a><\/p><\/div>\n\t\t\t\t\t\t\t\t\t<div class=\"elementor-tab-title elementor-tab-mobile-title\" aria-selected=\"false\" data-tab=\"3\" role=\"tab\" tabindex=\"-1\" aria-controls=\"elementor-tab-content-4763\" aria-expanded=\"false\">Op\u0142aty<\/div>\n\t\t\t\t\t<div id=\"elementor-tab-content-4763\" class=\"elementor-tab-content elementor-clearfix\" data-tab=\"3\" role=\"tabpanel\" aria-labelledby=\"elementor-tab-title-4763\" tabindex=\"0\" hidden=\"hidden\"><p><a href=\"https:\/\/passhlondyn.eu\/wp-content\/uploads\/2020\/08\/Op\u0142aty-studia-I-i-II-stopnia-oraz-jednolite-studia-magisterskie.pdf\">Op\u0142aty studia I i II stopnia oraz jednolite studia magisterskie<\/a><\/p><\/div>\n\t\t\t\t\t\t\t<\/div>\n\t\t<\/div>\n\t\t\t\t\t\t<\/div>\n\t\t\t\t<\/div>\n\t\t\t\t\t<\/div>\n\t\t<\/div>\n\t\t\t\t\t<\/div>\n\t\t<\/section>\n\t\t\t\t<\/div>\n\t\t","protected":false},"excerpt":{"rendered":"<p>NAB\u00d3R NA ROK AKADEMICKI 2020\/2021 Prawo Pedagogika Prawo Prawo &#8211;\u00a0 5 letnie jednolite studia magisterskie Prawo mi\u0119dzynarodowe Absolwent studi\u00f3w na kierunku Prawo o specjalno\u015bci Prawo mi\u0119dzynarodowe ma podstawy, aby podj\u0105\u0107 &#8230;<\/p>\n","protected":false},"author":1,"featured_media":0,"parent":0,"menu_order":0,"comment_status":"closed","ping_status":"closed","template":"","meta":{"footnotes":""},"class_list":["post-56","page","type-page","status-publish","hentry"],"yoast_head":"<!-- This site is optimized with the Yoast SEO plugin v27.4 - https:\/\/yoast.com\/product\/yoast-seo-wordpress\/ -->\n<title>Studia I i II Stopnia - Polish Academy of Social Sciences and Humanities<\/title>\n<meta name=\"robots\" content=\"index, follow, max-snippet:-1, max-image-preview:large, max-video-preview:-1\" \/>\n<link rel=\"canonical\" href=\"https:\/\/passhlondyn.eu\/?page_id=56\" \/>\n<meta property=\"og:locale\" content=\"pl_PL\" \/>\n<meta property=\"og:type\" content=\"article\" \/>\n<meta property=\"og:title\" content=\"Studia I i II Stopnia - Polish Academy of Social Sciences and Humanities\" \/>\n<meta property=\"og:description\" content=\"NAB\u00d3R NA ROK AKADEMICKI 2020\/2021 Prawo Pedagogika Prawo Prawo &#8211;\u00a0 5 letnie jednolite studia magisterskie Prawo mi\u0119dzynarodowe Absolwent studi\u00f3w na kierunku Prawo o specjalno\u015bci Prawo mi\u0119dzynarodowe ma podstawy, aby podj\u0105\u0107 ...\" \/>\n<meta property=\"og:url\" content=\"https:\/\/passhlondyn.eu\/?page_id=56\" \/>\n<meta property=\"og:site_name\" content=\"Polish Academy of Social Sciences and Humanities\" \/>\n<meta property=\"article:modified_time\" content=\"2020-08-13T12:46:03+00:00\" \/>\n<meta name=\"twitter:card\" content=\"summary_large_image\" \/>\n<meta name=\"twitter:label1\" content=\"Szacowany czas czytania\" \/>\n\t<meta name=\"twitter:data1\" content=\"2 minuty\" \/>\n<script type=\"application\/ld+json\" class=\"yoast-schema-graph\">{\"@context\":\"https:\\\/\\\/schema.org\",\"@graph\":[{\"@type\":\"WebPage\",\"@id\":\"https:\\\/\\\/passhlondyn.eu\\\/?page_id=56\",\"url\":\"https:\\\/\\\/passhlondyn.eu\\\/?page_id=56\",\"name\":\"Studia I i II Stopnia - Polish Academy of Social Sciences and Humanities\",\"isPartOf\":{\"@id\":\"https:\\\/\\\/passhlondyn.eu\\\/#website\"},\"datePublished\":\"2020-04-04T16:51:29+00:00\",\"dateModified\":\"2020-08-13T12:46:03+00:00\",\"breadcrumb\":{\"@id\":\"https:\\\/\\\/passhlondyn.eu\\\/?page_id=56#breadcrumb\"},\"inLanguage\":\"pl-PL\",\"potentialAction\":[{\"@type\":\"ReadAction\",\"target\":[\"https:\\\/\\\/passhlondyn.eu\\\/?page_id=56\"]}]},{\"@type\":\"BreadcrumbList\",\"@id\":\"https:\\\/\\\/passhlondyn.eu\\\/?page_id=56#breadcrumb\",\"itemListElement\":[{\"@type\":\"ListItem\",\"position\":1,\"name\":\"Home\",\"item\":\"https:\\\/\\\/passhlondyn.eu\\\/\"},{\"@type\":\"ListItem\",\"position\":2,\"name\":\"Studia I i II Stopnia\"}]},{\"@type\":\"WebSite\",\"@id\":\"https:\\\/\\\/passhlondyn.eu\\\/#website\",\"url\":\"https:\\\/\\\/passhlondyn.eu\\\/\",\"name\":\"Polish Academy of Social Sciences and Humanities\",\"description\":\"\",\"publisher\":{\"@id\":\"https:\\\/\\\/passhlondyn.eu\\\/#organization\"},\"potentialAction\":[{\"@type\":\"SearchAction\",\"target\":{\"@type\":\"EntryPoint\",\"urlTemplate\":\"https:\\\/\\\/passhlondyn.eu\\\/?s={search_term_string}\"},\"query-input\":{\"@type\":\"PropertyValueSpecification\",\"valueRequired\":true,\"valueName\":\"search_term_string\"}}],\"inLanguage\":\"pl-PL\"},{\"@type\":\"Organization\",\"@id\":\"https:\\\/\\\/passhlondyn.eu\\\/#organization\",\"name\":\"Polish Academy of Social Sciences and Humanities\",\"url\":\"https:\\\/\\\/passhlondyn.eu\\\/\",\"logo\":{\"@type\":\"ImageObject\",\"inLanguage\":\"pl-PL\",\"@id\":\"https:\\\/\\\/passhlondyn.eu\\\/#\\\/schema\\\/logo\\\/image\\\/\",\"url\":\"https:\\\/\\\/passhlondyn.eu\\\/wp-content\\\/uploads\\\/2021\\\/10\\\/cropped-Projekt-bez-tytulu-8.png\",\"contentUrl\":\"https:\\\/\\\/passhlondyn.eu\\\/wp-content\\\/uploads\\\/2021\\\/10\\\/cropped-Projekt-bez-tytulu-8.png\",\"width\":6911,\"height\":1557,\"caption\":\"Polish Academy of Social Sciences and Humanities\"},\"image\":{\"@id\":\"https:\\\/\\\/passhlondyn.eu\\\/#\\\/schema\\\/logo\\\/image\\\/\"}}]}<\/script>\n<!-- \/ Yoast SEO plugin. -->","yoast_head_json":{"title":"Studia I i II Stopnia - Polish Academy of Social Sciences and Humanities","robots":{"index":"index","follow":"follow","max-snippet":"max-snippet:-1","max-image-preview":"max-image-preview:large","max-video-preview":"max-video-preview:-1"},"canonical":"https:\/\/passhlondyn.eu\/?page_id=56","og_locale":"pl_PL","og_type":"article","og_title":"Studia I i II Stopnia - Polish Academy of Social Sciences and Humanities","og_description":"NAB\u00d3R NA ROK AKADEMICKI 2020\/2021 Prawo Pedagogika Prawo Prawo &#8211;\u00a0 5 letnie jednolite studia magisterskie Prawo mi\u0119dzynarodowe Absolwent studi\u00f3w na kierunku Prawo o specjalno\u015bci Prawo mi\u0119dzynarodowe ma podstawy, aby podj\u0105\u0107 ...","og_url":"https:\/\/passhlondyn.eu\/?page_id=56","og_site_name":"Polish Academy of Social Sciences and Humanities","article_modified_time":"2020-08-13T12:46:03+00:00","twitter_card":"summary_large_image","twitter_misc":{"Szacowany czas czytania":"2 minuty"},"schema":{"@context":"https:\/\/schema.org","@graph":[{"@type":"WebPage","@id":"https:\/\/passhlondyn.eu\/?page_id=56","url":"https:\/\/passhlondyn.eu\/?page_id=56","name":"Studia I i II Stopnia - Polish Academy of Social Sciences and Humanities","isPartOf":{"@id":"https:\/\/passhlondyn.eu\/#website"},"datePublished":"2020-04-04T16:51:29+00:00","dateModified":"2020-08-13T12:46:03+00:00","breadcrumb":{"@id":"https:\/\/passhlondyn.eu\/?page_id=56#breadcrumb"},"inLanguage":"pl-PL","potentialAction":[{"@type":"ReadAction","target":["https:\/\/passhlondyn.eu\/?page_id=56"]}]},{"@type":"BreadcrumbList","@id":"https:\/\/passhlondyn.eu\/?page_id=56#breadcrumb","itemListElement":[{"@type":"ListItem","position":1,"name":"Home","item":"https:\/\/passhlondyn.eu\/"},{"@type":"ListItem","position":2,"name":"Studia I i II Stopnia"}]},{"@type":"WebSite","@id":"https:\/\/passhlondyn.eu\/#website","url":"https:\/\/passhlondyn.eu\/","name":"Polish Academy of Social Sciences and Humanities","description":"","publisher":{"@id":"https:\/\/passhlondyn.eu\/#organization"},"potentialAction":[{"@type":"SearchAction","target":{"@type":"EntryPoint","urlTemplate":"https:\/\/passhlondyn.eu\/?s={search_term_string}"},"query-input":{"@type":"PropertyValueSpecification","valueRequired":true,"valueName":"search_term_string"}}],"inLanguage":"pl-PL"},{"@type":"Organization","@id":"https:\/\/passhlondyn.eu\/#organization","name":"Polish Academy of Social Sciences and Humanities","url":"https:\/\/passhlondyn.eu\/","logo":{"@type":"ImageObject","inLanguage":"pl-PL","@id":"https:\/\/passhlondyn.eu\/#\/schema\/logo\/image\/","url":"https:\/\/passhlondyn.eu\/wp-content\/uploads\/2021\/10\/cropped-Projekt-bez-tytulu-8.png","contentUrl":"https:\/\/passhlondyn.eu\/wp-content\/uploads\/2021\/10\/cropped-Projekt-bez-tytulu-8.png","width":6911,"height":1557,"caption":"Polish Academy of Social Sciences and Humanities"},"image":{"@id":"https:\/\/passhlondyn.eu\/#\/schema\/logo\/image\/"}}]}},"_links":{"self":[{"href":"https:\/\/passhlondyn.eu\/index.php?rest_route=\/wp\/v2\/pages\/56","targetHints":{"allow":["GET"]}}],"collection":[{"href":"https:\/\/passhlondyn.eu\/index.php?rest_route=\/wp\/v2\/pages"}],"about":[{"href":"https:\/\/passhlondyn.eu\/index.php?rest_route=\/wp\/v2\/types\/page"}],"author":[{"embeddable":true,"href":"https:\/\/passhlondyn.eu\/index.php?rest_route=\/wp\/v2\/users\/1"}],"replies":[{"embeddable":true,"href":"https:\/\/passhlondyn.eu\/index.php?rest_route=%2Fwp%2Fv2%2Fcomments&post=56"}],"version-history":[{"count":47,"href":"https:\/\/passhlondyn.eu\/index.php?rest_route=\/wp\/v2\/pages\/56\/revisions"}],"predecessor-version":[{"id":1598,"href":"https:\/\/passhlondyn.eu\/index.php?rest_route=\/wp\/v2\/pages\/56\/revisions\/1598"}],"wp:attachment":[{"href":"https:\/\/passhlondyn.eu\/index.php?rest_route=%2Fwp%2Fv2%2Fmedia&parent=56"}],"curies":[{"name":"wp","href":"https:\/\/api.w.org\/{rel}","templated":true}]}}