{"id":8503,"date":"2022-11-28T10:17:42","date_gmt":"2022-11-28T09:17:42","guid":{"rendered":"https:\/\/passhlondyn.eu\/?page_id=8503"},"modified":"2025-02-11T15:55:08","modified_gmt":"2025-02-11T14:55:08","slug":"cztery-pory-roku-inspirujace-lekcje","status":"publish","type":"page","link":"https:\/\/passhlondyn.eu\/?page_id=8503","title":{"rendered":"Cztery pory roku \u2013 inspiruj\u0105ce lekcje I edycja"},"content":{"rendered":"\t\t<div data-elementor-type=\"wp-page\" data-elementor-id=\"8503\" class=\"elementor elementor-8503\" data-elementor-post-type=\"page\">\n\t\t\t\t\t\t<section class=\"elementor-section elementor-top-section elementor-element elementor-element-fa8cc8d elementor-section-boxed elementor-section-height-default elementor-section-height-default\" data-id=\"fa8cc8d\" data-element_type=\"section\" data-e-type=\"section\">\n\t\t\t\t\t\t<div class=\"elementor-container elementor-column-gap-default\">\n\t\t\t\t\t<div class=\"elementor-column elementor-col-100 elementor-top-column elementor-element elementor-element-c4c1b51\" data-id=\"c4c1b51\" data-element_type=\"column\" data-e-type=\"column\">\n\t\t\t<div class=\"elementor-widget-wrap elementor-element-populated\">\n\t\t\t\t\t\t<section class=\"elementor-section elementor-inner-section elementor-element elementor-element-796eecd elementor-section-boxed elementor-section-height-default elementor-section-height-default\" data-id=\"796eecd\" data-element_type=\"section\" data-e-type=\"section\">\n\t\t\t\t\t\t<div class=\"elementor-container elementor-column-gap-default\">\n\t\t\t\t\t<div class=\"elementor-column elementor-col-50 elementor-inner-column elementor-element elementor-element-c5922fd\" data-id=\"c5922fd\" data-element_type=\"column\" data-e-type=\"column\">\n\t\t\t<div class=\"elementor-widget-wrap elementor-element-populated\">\n\t\t\t\t\t\t<div class=\"elementor-element elementor-element-579fad4 elementor-widget elementor-widget-image\" data-id=\"579fad4\" data-element_type=\"widget\" data-e-type=\"widget\" data-widget_type=\"image.default\">\n\t\t\t\t<div class=\"elementor-widget-container\">\n\t\t\t\t\t\t\t\t\t\t\t\t\t\t\t<img fetchpriority=\"high\" decoding=\"async\" width=\"724\" height=\"1024\" src=\"http:\/\/passhlondyn.eu\/wp-content\/uploads\/2022\/11\/Kopia-MIEDZYNARODOWY-KONKURS-NA-POLONIJNEGO-ARTYSTE-ROKU-KREATORZY-UCZUC-I-WYOBRAZNI-5-724x1024.png\" class=\"attachment-large size-large wp-image-8507\" alt=\"\" srcset=\"http:\/\/passhlondyn.eu\/wp-content\/uploads\/2022\/11\/Kopia-MIEDZYNARODOWY-KONKURS-NA-POLONIJNEGO-ARTYSTE-ROKU-KREATORZY-UCZUC-I-WYOBRAZNI-5-724x1024.png 724w, http:\/\/passhlondyn.eu\/wp-content\/uploads\/2022\/11\/Kopia-MIEDZYNARODOWY-KONKURS-NA-POLONIJNEGO-ARTYSTE-ROKU-KREATORZY-UCZUC-I-WYOBRAZNI-5-212x300.png 212w, http:\/\/passhlondyn.eu\/wp-content\/uploads\/2022\/11\/Kopia-MIEDZYNARODOWY-KONKURS-NA-POLONIJNEGO-ARTYSTE-ROKU-KREATORZY-UCZUC-I-WYOBRAZNI-5-768x1086.png 768w, http:\/\/passhlondyn.eu\/wp-content\/uploads\/2022\/11\/Kopia-MIEDZYNARODOWY-KONKURS-NA-POLONIJNEGO-ARTYSTE-ROKU-KREATORZY-UCZUC-I-WYOBRAZNI-5-1086x1536.png 1086w, http:\/\/passhlondyn.eu\/wp-content\/uploads\/2022\/11\/Kopia-MIEDZYNARODOWY-KONKURS-NA-POLONIJNEGO-ARTYSTE-ROKU-KREATORZY-UCZUC-I-WYOBRAZNI-5-1448x2048.png 1448w, http:\/\/passhlondyn.eu\/wp-content\/uploads\/2022\/11\/Kopia-MIEDZYNARODOWY-KONKURS-NA-POLONIJNEGO-ARTYSTE-ROKU-KREATORZY-UCZUC-I-WYOBRAZNI-5.png 1587w\" sizes=\"(max-width: 724px) 100vw, 724px\" \/>\t\t\t\t\t\t\t\t\t\t\t\t\t\t\t<\/div>\n\t\t\t\t<\/div>\n\t\t\t\t\t<\/div>\n\t\t<\/div>\n\t\t\t\t<div class=\"elementor-column elementor-col-50 elementor-inner-column elementor-element elementor-element-43c4099\" data-id=\"43c4099\" data-element_type=\"column\" data-e-type=\"column\">\n\t\t\t<div class=\"elementor-widget-wrap elementor-element-populated\">\n\t\t\t\t\t\t<div class=\"elementor-element elementor-element-31c2beb elementor-widget elementor-widget-text-editor\" data-id=\"31c2beb\" data-element_type=\"widget\" data-e-type=\"widget\" data-widget_type=\"text-editor.default\">\n\t\t\t\t<div class=\"elementor-widget-container\">\n\t\t\t\t\t\t\t\t\t<p>Nasza inicjatywa ma na celu umo\u017cliwienie, nauczycielom z ca\u0142ego \u015bwiata, podzielenia si\u0119 inspiruj\u0105cymi rozwi\u0105zaniami metodycznymi i dydaktycznymi. Pragniemy stworzy\u0107 przestrze\u0144,\u00a0 w kt\u00f3rej b\u0119d\u0119 mogli Pa\u0144stwo zaprezentowa\u0107 swoje pomys\u0142y &#8211; zar\u00f3wno w formie prezentacji (prelekcji), jak i publikacji. Tegoroczny konkurs nosi tytu\u0142: \u201eCztery pory roku \u2013 inspiruj\u0105ce lekcje\u201d. Proponowana tematyka pozwala na szerokie spektrum &#8211; jeste\u015bmy otwarci na tematy zwi\u0105zane nie tylko z tytu\u0142owymi porami roku, ale tak\u017ce ze \u015bwi\u0119tami obchodzonymi w poszczeg\u00f3lnych okresach, z literatur\u0105 i innymi tekstami kultury, uj\u0119ciem tematu przez pryzmat r\u00f3\u017cnych przedmiot\u00f3w oraz\u00a0 w koncepcji interdyscyplinarnej \u2013 \u0142\u0105cz\u0105cej kilka dziedzin.<\/p><p>Zwyci\u0119zcy i wyr\u00f3\u017cnieni w konkursie b\u0119d\u0105 mie\u0107 mo\u017cliwo\u015b\u0107 prezentacji pomys\u0142\u00f3w podczas IV Mi\u0119dzynarodowego Dnia Edukacji Polonijnej, kt\u00f3ry odb\u0119dzie si\u0119 14-15 stycznia 2023 roku oraz opublikowania dydaktycznych rozwi\u0105za\u0144 w formie publikacji: \u201eCztery pory roku \u2013 inspiruj\u0105ce lekcje. Nauczyciele nauczycielom. Scenariusze\u201d. Szczeg\u00f3\u0142y dotycz\u0105ce formy przygotowania scenariuszy znajduj\u0105 si\u0119 poni\u017cej.<\/p><p>Wymogi redakcyjne:<\/p><p>Pomys\u0142y powinny zosta\u0107 uj\u0119te w formie prostego scenariusza, ze szczeg\u00f3lnym uwzgl\u0119dnieniem zada\u0144, kt\u00f3re Pa\u0144stwo proponujecie \u2013 mog\u0105 one zosta\u0107 opatrzone autorskim komentarzami\/wskaz\u00f3wkami dla odbiorc\u00f3w &#8211; potencjalnych prowadz\u0105cych zaj\u0119cia wed\u0142ug proponowanego scenariusza. Je\u015bli temat odnosi si\u0119 do fragment\u00f3w lektury lub innego tekstu kultury prosimy o do\u0142\u0105czenie ich w formie za\u0142\u0105cznika, je\u015bli korzystaj\u0105 Pa\u0144stwo z fragment\u00f3w (lub ca\u0142o\u015bci) filmu prosimy o dok\u0142adny opis \u2013 tytu\u0142, re\u017cyser, czas. Do koncepcji mo\u017cna do\u0142\u0105czy\u0107 tak\u017ce karty pracy. \u00a0Po przes\u0142aniu e-maila z informacj\u0105 ch\u0119ci udzia\u0142u w konkursie, otrzymaj\u0105 Pa\u0144stwo szablon, w kt\u00f3rym nale\u017cy umie\u015bci\u0107 scenariusz.<\/p><p>Zg\u0142oszenia prosimy wysy\u0142a\u0107 do 05.01.2023 r.<\/p><p>kontakt: <span style=\"color: #000000;\"><a style=\"color: #000000;\" href=\"mailto:nauczyciele@passhlondyn.eu\">nauczyciele@passhlondyn.eu<\/a><\/span><\/p>\t\t\t\t\t\t\t\t<\/div>\n\t\t\t\t<\/div>\n\t\t\t\t\t<\/div>\n\t\t<\/div>\n\t\t\t\t\t<\/div>\n\t\t<\/section>\n\t\t\t\t\t<\/div>\n\t\t<\/div>\n\t\t\t\t\t<\/div>\n\t\t<\/section>\n\t\t\t\t<\/div>\n\t\t","protected":false},"excerpt":{"rendered":"<p>Nasza inicjatywa ma na celu umo\u017cliwienie, nauczycielom z ca\u0142ego \u015bwiata, podzielenia si\u0119 inspiruj\u0105cymi rozwi\u0105zaniami metodycznymi i dydaktycznymi. Pragniemy stworzy\u0107 przestrze\u0144,\u00a0 w kt\u00f3rej b\u0119d\u0119 mogli Pa\u0144stwo zaprezentowa\u0107 swoje pomys\u0142y &#8211; zar\u00f3wno &#8230;<\/p>\n","protected":false},"author":1,"featured_media":0,"parent":0,"menu_order":0,"comment_status":"closed","ping_status":"closed","template":"","meta":{"footnotes":""},"class_list":["post-8503","page","type-page","status-publish","hentry"],"yoast_head":"<!-- This site is optimized with the Yoast SEO plugin v27.5 - https:\/\/yoast.com\/product\/yoast-seo-wordpress\/ -->\n<title>Cztery pory roku \u2013 inspiruj\u0105ce lekcje I edycja - Polish Academy of Social Sciences and Humanities<\/title>\n<meta name=\"robots\" content=\"index, follow, max-snippet:-1, max-image-preview:large, max-video-preview:-1\" \/>\n<link rel=\"canonical\" href=\"https:\/\/passhlondyn.eu\/?page_id=8503\" \/>\n<meta property=\"og:locale\" content=\"pl_PL\" \/>\n<meta property=\"og:type\" content=\"article\" \/>\n<meta property=\"og:title\" content=\"Cztery pory roku \u2013 inspiruj\u0105ce lekcje I edycja - Polish Academy of Social Sciences and Humanities\" \/>\n<meta property=\"og:description\" content=\"Nasza inicjatywa ma na celu umo\u017cliwienie, nauczycielom z ca\u0142ego \u015bwiata, podzielenia si\u0119 inspiruj\u0105cymi rozwi\u0105zaniami metodycznymi i dydaktycznymi. Pragniemy stworzy\u0107 przestrze\u0144,\u00a0 w kt\u00f3rej b\u0119d\u0119 mogli Pa\u0144stwo zaprezentowa\u0107 swoje pomys\u0142y &#8211; zar\u00f3wno ...\" \/>\n<meta property=\"og:url\" content=\"https:\/\/passhlondyn.eu\/?page_id=8503\" \/>\n<meta property=\"og:site_name\" content=\"Polish Academy of Social Sciences and Humanities\" \/>\n<meta property=\"article:modified_time\" content=\"2025-02-11T14:55:08+00:00\" \/>\n<meta property=\"og:image\" content=\"https:\/\/passhlondyn.eu\/wp-content\/uploads\/2022\/11\/Kopia-MIEDZYNARODOWY-KONKURS-NA-POLONIJNEGO-ARTYSTE-ROKU-KREATORZY-UCZUC-I-WYOBRAZNI-5-724x1024.png\" \/>\n<meta name=\"twitter:card\" content=\"summary_large_image\" \/>\n<meta name=\"twitter:label1\" content=\"Szacowany czas czytania\" \/>\n\t<meta name=\"twitter:data1\" content=\"2 minuty\" \/>\n<script type=\"application\/ld+json\" class=\"yoast-schema-graph\">{\"@context\":\"https:\\\/\\\/schema.org\",\"@graph\":[{\"@type\":\"WebPage\",\"@id\":\"https:\\\/\\\/passhlondyn.eu\\\/?page_id=8503\",\"url\":\"https:\\\/\\\/passhlondyn.eu\\\/?page_id=8503\",\"name\":\"Cztery pory roku \u2013 inspiruj\u0105ce lekcje I edycja - Polish Academy of Social Sciences and Humanities\",\"isPartOf\":{\"@id\":\"https:\\\/\\\/passhlondyn.eu\\\/#website\"},\"primaryImageOfPage\":{\"@id\":\"https:\\\/\\\/passhlondyn.eu\\\/?page_id=8503#primaryimage\"},\"image\":{\"@id\":\"https:\\\/\\\/passhlondyn.eu\\\/?page_id=8503#primaryimage\"},\"thumbnailUrl\":\"https:\\\/\\\/passhlondyn.eu\\\/wp-content\\\/uploads\\\/2022\\\/11\\\/Kopia-MIEDZYNARODOWY-KONKURS-NA-POLONIJNEGO-ARTYSTE-ROKU-KREATORZY-UCZUC-I-WYOBRAZNI-5-724x1024.png\",\"datePublished\":\"2022-11-28T09:17:42+00:00\",\"dateModified\":\"2025-02-11T14:55:08+00:00\",\"breadcrumb\":{\"@id\":\"https:\\\/\\\/passhlondyn.eu\\\/?page_id=8503#breadcrumb\"},\"inLanguage\":\"pl-PL\",\"potentialAction\":[{\"@type\":\"ReadAction\",\"target\":[\"https:\\\/\\\/passhlondyn.eu\\\/?page_id=8503\"]}]},{\"@type\":\"ImageObject\",\"inLanguage\":\"pl-PL\",\"@id\":\"https:\\\/\\\/passhlondyn.eu\\\/?page_id=8503#primaryimage\",\"url\":\"https:\\\/\\\/passhlondyn.eu\\\/wp-content\\\/uploads\\\/2022\\\/11\\\/Kopia-MIEDZYNARODOWY-KONKURS-NA-POLONIJNEGO-ARTYSTE-ROKU-KREATORZY-UCZUC-I-WYOBRAZNI-5.png\",\"contentUrl\":\"https:\\\/\\\/passhlondyn.eu\\\/wp-content\\\/uploads\\\/2022\\\/11\\\/Kopia-MIEDZYNARODOWY-KONKURS-NA-POLONIJNEGO-ARTYSTE-ROKU-KREATORZY-UCZUC-I-WYOBRAZNI-5.png\",\"width\":1587,\"height\":2245},{\"@type\":\"BreadcrumbList\",\"@id\":\"https:\\\/\\\/passhlondyn.eu\\\/?page_id=8503#breadcrumb\",\"itemListElement\":[{\"@type\":\"ListItem\",\"position\":1,\"name\":\"Home\",\"item\":\"https:\\\/\\\/passhlondyn.eu\\\/\"},{\"@type\":\"ListItem\",\"position\":2,\"name\":\"Cztery pory roku \u2013 inspiruj\u0105ce lekcje I edycja\"}]},{\"@type\":\"WebSite\",\"@id\":\"https:\\\/\\\/passhlondyn.eu\\\/#website\",\"url\":\"https:\\\/\\\/passhlondyn.eu\\\/\",\"name\":\"Polish Academy of Social Sciences and Humanities\",\"description\":\"\",\"publisher\":{\"@id\":\"https:\\\/\\\/passhlondyn.eu\\\/#organization\"},\"potentialAction\":[{\"@type\":\"SearchAction\",\"target\":{\"@type\":\"EntryPoint\",\"urlTemplate\":\"https:\\\/\\\/passhlondyn.eu\\\/?s={search_term_string}\"},\"query-input\":{\"@type\":\"PropertyValueSpecification\",\"valueRequired\":true,\"valueName\":\"search_term_string\"}}],\"inLanguage\":\"pl-PL\"},{\"@type\":\"Organization\",\"@id\":\"https:\\\/\\\/passhlondyn.eu\\\/#organization\",\"name\":\"Polish Academy of Social Sciences and Humanities\",\"url\":\"https:\\\/\\\/passhlondyn.eu\\\/\",\"logo\":{\"@type\":\"ImageObject\",\"inLanguage\":\"pl-PL\",\"@id\":\"https:\\\/\\\/passhlondyn.eu\\\/#\\\/schema\\\/logo\\\/image\\\/\",\"url\":\"https:\\\/\\\/passhlondyn.eu\\\/wp-content\\\/uploads\\\/2021\\\/10\\\/cropped-Projekt-bez-tytulu-8.png\",\"contentUrl\":\"https:\\\/\\\/passhlondyn.eu\\\/wp-content\\\/uploads\\\/2021\\\/10\\\/cropped-Projekt-bez-tytulu-8.png\",\"width\":6911,\"height\":1557,\"caption\":\"Polish Academy of Social Sciences and Humanities\"},\"image\":{\"@id\":\"https:\\\/\\\/passhlondyn.eu\\\/#\\\/schema\\\/logo\\\/image\\\/\"}}]}<\/script>\n<!-- \/ Yoast SEO plugin. -->","yoast_head_json":{"title":"Cztery pory roku \u2013 inspiruj\u0105ce lekcje I edycja - Polish Academy of Social Sciences and Humanities","robots":{"index":"index","follow":"follow","max-snippet":"max-snippet:-1","max-image-preview":"max-image-preview:large","max-video-preview":"max-video-preview:-1"},"canonical":"https:\/\/passhlondyn.eu\/?page_id=8503","og_locale":"pl_PL","og_type":"article","og_title":"Cztery pory roku \u2013 inspiruj\u0105ce lekcje I edycja - Polish Academy of Social Sciences and Humanities","og_description":"Nasza inicjatywa ma na celu umo\u017cliwienie, nauczycielom z ca\u0142ego \u015bwiata, podzielenia si\u0119 inspiruj\u0105cymi rozwi\u0105zaniami metodycznymi i dydaktycznymi. Pragniemy stworzy\u0107 przestrze\u0144,\u00a0 w kt\u00f3rej b\u0119d\u0119 mogli Pa\u0144stwo zaprezentowa\u0107 swoje pomys\u0142y &#8211; zar\u00f3wno ...","og_url":"https:\/\/passhlondyn.eu\/?page_id=8503","og_site_name":"Polish Academy of Social Sciences and Humanities","article_modified_time":"2025-02-11T14:55:08+00:00","og_image":[{"url":"https:\/\/passhlondyn.eu\/wp-content\/uploads\/2022\/11\/Kopia-MIEDZYNARODOWY-KONKURS-NA-POLONIJNEGO-ARTYSTE-ROKU-KREATORZY-UCZUC-I-WYOBRAZNI-5-724x1024.png","type":"","width":"","height":""}],"twitter_card":"summary_large_image","twitter_misc":{"Szacowany czas czytania":"2 minuty"},"schema":{"@context":"https:\/\/schema.org","@graph":[{"@type":"WebPage","@id":"https:\/\/passhlondyn.eu\/?page_id=8503","url":"https:\/\/passhlondyn.eu\/?page_id=8503","name":"Cztery pory roku \u2013 inspiruj\u0105ce lekcje I edycja - Polish Academy of Social Sciences and Humanities","isPartOf":{"@id":"https:\/\/passhlondyn.eu\/#website"},"primaryImageOfPage":{"@id":"https:\/\/passhlondyn.eu\/?page_id=8503#primaryimage"},"image":{"@id":"https:\/\/passhlondyn.eu\/?page_id=8503#primaryimage"},"thumbnailUrl":"https:\/\/passhlondyn.eu\/wp-content\/uploads\/2022\/11\/Kopia-MIEDZYNARODOWY-KONKURS-NA-POLONIJNEGO-ARTYSTE-ROKU-KREATORZY-UCZUC-I-WYOBRAZNI-5-724x1024.png","datePublished":"2022-11-28T09:17:42+00:00","dateModified":"2025-02-11T14:55:08+00:00","breadcrumb":{"@id":"https:\/\/passhlondyn.eu\/?page_id=8503#breadcrumb"},"inLanguage":"pl-PL","potentialAction":[{"@type":"ReadAction","target":["https:\/\/passhlondyn.eu\/?page_id=8503"]}]},{"@type":"ImageObject","inLanguage":"pl-PL","@id":"https:\/\/passhlondyn.eu\/?page_id=8503#primaryimage","url":"https:\/\/passhlondyn.eu\/wp-content\/uploads\/2022\/11\/Kopia-MIEDZYNARODOWY-KONKURS-NA-POLONIJNEGO-ARTYSTE-ROKU-KREATORZY-UCZUC-I-WYOBRAZNI-5.png","contentUrl":"https:\/\/passhlondyn.eu\/wp-content\/uploads\/2022\/11\/Kopia-MIEDZYNARODOWY-KONKURS-NA-POLONIJNEGO-ARTYSTE-ROKU-KREATORZY-UCZUC-I-WYOBRAZNI-5.png","width":1587,"height":2245},{"@type":"BreadcrumbList","@id":"https:\/\/passhlondyn.eu\/?page_id=8503#breadcrumb","itemListElement":[{"@type":"ListItem","position":1,"name":"Home","item":"https:\/\/passhlondyn.eu\/"},{"@type":"ListItem","position":2,"name":"Cztery pory roku \u2013 inspiruj\u0105ce lekcje I edycja"}]},{"@type":"WebSite","@id":"https:\/\/passhlondyn.eu\/#website","url":"https:\/\/passhlondyn.eu\/","name":"Polish Academy of Social Sciences and Humanities","description":"","publisher":{"@id":"https:\/\/passhlondyn.eu\/#organization"},"potentialAction":[{"@type":"SearchAction","target":{"@type":"EntryPoint","urlTemplate":"https:\/\/passhlondyn.eu\/?s={search_term_string}"},"query-input":{"@type":"PropertyValueSpecification","valueRequired":true,"valueName":"search_term_string"}}],"inLanguage":"pl-PL"},{"@type":"Organization","@id":"https:\/\/passhlondyn.eu\/#organization","name":"Polish Academy of Social Sciences and Humanities","url":"https:\/\/passhlondyn.eu\/","logo":{"@type":"ImageObject","inLanguage":"pl-PL","@id":"https:\/\/passhlondyn.eu\/#\/schema\/logo\/image\/","url":"https:\/\/passhlondyn.eu\/wp-content\/uploads\/2021\/10\/cropped-Projekt-bez-tytulu-8.png","contentUrl":"https:\/\/passhlondyn.eu\/wp-content\/uploads\/2021\/10\/cropped-Projekt-bez-tytulu-8.png","width":6911,"height":1557,"caption":"Polish Academy of Social Sciences and Humanities"},"image":{"@id":"https:\/\/passhlondyn.eu\/#\/schema\/logo\/image\/"}}]}},"_links":{"self":[{"href":"https:\/\/passhlondyn.eu\/index.php?rest_route=\/wp\/v2\/pages\/8503","targetHints":{"allow":["GET"]}}],"collection":[{"href":"https:\/\/passhlondyn.eu\/index.php?rest_route=\/wp\/v2\/pages"}],"about":[{"href":"https:\/\/passhlondyn.eu\/index.php?rest_route=\/wp\/v2\/types\/page"}],"author":[{"embeddable":true,"href":"https:\/\/passhlondyn.eu\/index.php?rest_route=\/wp\/v2\/users\/1"}],"replies":[{"embeddable":true,"href":"https:\/\/passhlondyn.eu\/index.php?rest_route=%2Fwp%2Fv2%2Fcomments&post=8503"}],"version-history":[{"count":15,"href":"https:\/\/passhlondyn.eu\/index.php?rest_route=\/wp\/v2\/pages\/8503\/revisions"}],"predecessor-version":[{"id":15172,"href":"https:\/\/passhlondyn.eu\/index.php?rest_route=\/wp\/v2\/pages\/8503\/revisions\/15172"}],"wp:attachment":[{"href":"https:\/\/passhlondyn.eu\/index.php?rest_route=%2Fwp%2Fv2%2Fmedia&parent=8503"}],"curies":[{"name":"wp","href":"https:\/\/api.w.org\/{rel}","templated":true}]}}